{"id":3888,"date":"2022-06-27T14:09:23","date_gmt":"2022-06-27T07:09:23","guid":{"rendered":"https:\/\/santiburisamui.com\/things-to-do\/"},"modified":"2025-03-04T21:36:55","modified_gmt":"2025-03-04T14:36:55","slug":"things-to-do","status":"publish","type":"page","link":"https:\/\/santiburisamui.com\/de\/things-to-do\/","title":{"rendered":"AKTIVIT\u00c4TEN"},"content":{"rendered":"\n<h2 class=\"wp-block-heading has-text-align-center\" style=\"font-size: 39.6px; line-height: 1.2; text-transform: uppercase;margin-bottom: 0;padding-bottom: 0;\">Sehensw\u00fcrdigkeiten und Aktivit\u00e4ten auf Koh Samui<\/h2>\n\n\n<div class=\"limited_w text-centered\">\n<p>Santiburi bietet eine breite Palette von Aktivit\u00e4ten, die bezaubern und inspirieren. Verlieben Sie sich in die Insel, erleben Sie die weitl\u00e4ufigen Str\u00e4nde, traditionelle thail\u00e4ndische K\u00f6stlichkeiten, energiegeladene Workouts, tropische Landschaften und unvergessliche Erfahrungen.<\/p>\n<\/div>\n\n\n<p><\/p>\n\n\n\n<p><\/p>\n","protected":false},"excerpt":{"rendered":"<p>Sehensw\u00fcrdigkeiten und Aktivit\u00e4ten auf Koh Samui Santiburi bietet eine breite Palette von Aktivit\u00e4ten, die bezaubern und inspirieren. Verlieben Sie sich in die Insel, erleben Sie die weitl\u00e4ufigen Str\u00e4nde, traditionelle thail\u00e4ndische K\u00f6stlichkeiten, energiegeladene Workouts, tropische Landschaften und unvergessliche Erfahrungen.<\/p>\n","protected":false},"author":11,"featured_media":0,"parent":0,"menu_order":0,"comment_status":"closed","ping_status":"closed","template":"page-things-to-do.php","meta":{"inline_featured_image":false,"footnotes":""},"class_list":["post-3888","page","type-page","status-publish","hentry"],"yoast_head":"<!-- This site is optimized with the Yoast SEO plugin v27.3 - https:\/\/yoast.com\/product\/yoast-seo-wordpress\/ -->\n<title>Things to do in Koh Samui | Santiburi Koh Samui<\/title>\n<meta name=\"description\" content=\"Viel Spa\u00df im Santiburi Koh Samui bei den Top-Aktivit\u00e4ten auf Koh Samui: im Wassersportzentrum, Golfplatz Santiburi, Sportzentrum, am unber\u00fchrten Strand und vieles mehr.\" \/>\n<meta name=\"robots\" content=\"index, follow, max-snippet:-1, max-image-preview:large, max-video-preview:-1\" \/>\n<link rel=\"canonical\" href=\"https:\/\/santiburisamui.com\/de\/things-to-do\/\" \/>\n<meta property=\"og:locale\" content=\"de_DE\" \/>\n<meta property=\"og:type\" content=\"article\" \/>\n<meta property=\"og:title\" content=\"Things to do in Koh Samui | Santiburi Koh Samui\" \/>\n<meta property=\"og:description\" content=\"Viel Spa\u00df im Santiburi Koh Samui bei den Top-Aktivit\u00e4ten auf Koh Samui: im Wassersportzentrum, Golfplatz Santiburi, Sportzentrum, am unber\u00fchrten Strand und vieles mehr.\" \/>\n<meta property=\"og:url\" content=\"https:\/\/santiburisamui.com\/de\/things-to-do\/\" \/>\n<meta property=\"og:site_name\" content=\"Santiburi Koh Samui\" \/>\n<meta property=\"article:modified_time\" content=\"2025-03-04T14:36:55+00:00\" \/>\n<meta property=\"og:image\" content=\"https:\/\/santiburisamui.com\/wp-content\/uploads\/2019\/10\/santiburi-koh-samui.jpg\" \/>\n\t<meta property=\"og:image:width\" content=\"1200\" \/>\n\t<meta property=\"og:image:height\" content=\"630\" \/>\n\t<meta property=\"og:image:type\" content=\"image\/jpeg\" \/>\n<meta name=\"twitter:card\" content=\"summary_large_image\" \/>\n<meta name=\"twitter:label1\" content=\"Gesch\u00e4tzte Lesezeit\" \/>\n\t<meta name=\"twitter:data1\" content=\"1\u00a0Minute\" \/>\n<script type=\"application\/ld+json\" class=\"yoast-schema-graph\">{\"@context\":\"https:\\\/\\\/schema.org\",\"@graph\":[{\"@type\":\"WebPage\",\"@id\":\"https:\\\/\\\/santiburisamui.com\\\/de\\\/things-to-do\\\/\",\"url\":\"https:\\\/\\\/santiburisamui.com\\\/de\\\/things-to-do\\\/\",\"name\":\"Things to do in Koh Samui | Santiburi Koh Samui\",\"isPartOf\":{\"@id\":\"https:\\\/\\\/santiburisamui.com\\\/de\\\/#website\"},\"datePublished\":\"2022-06-27T07:09:23+00:00\",\"dateModified\":\"2025-03-04T14:36:55+00:00\",\"description\":\"Viel Spa\u00df im Santiburi Koh Samui bei den Top-Aktivit\u00e4ten auf Koh Samui: im Wassersportzentrum, Golfplatz Santiburi, Sportzentrum, am unber\u00fchrten Strand und vieles mehr.\",\"breadcrumb\":{\"@id\":\"https:\\\/\\\/santiburisamui.com\\\/de\\\/things-to-do\\\/#breadcrumb\"},\"inLanguage\":\"de\",\"potentialAction\":[{\"@type\":\"ReadAction\",\"target\":[\"https:\\\/\\\/santiburisamui.com\\\/de\\\/things-to-do\\\/\"]}]},{\"@type\":\"BreadcrumbList\",\"@id\":\"https:\\\/\\\/santiburisamui.com\\\/de\\\/things-to-do\\\/#breadcrumb\",\"itemListElement\":[{\"@type\":\"ListItem\",\"position\":1,\"name\":\"Home\",\"item\":\"https:\\\/\\\/santiburisamui.com\\\/de\\\/\"},{\"@type\":\"ListItem\",\"position\":2,\"name\":\"AKTIVIT\u00c4TEN\"}]},{\"@type\":\"WebSite\",\"@id\":\"https:\\\/\\\/santiburisamui.com\\\/de\\\/#website\",\"url\":\"https:\\\/\\\/santiburisamui.com\\\/de\\\/\",\"name\":\"Santiburi Koh Samui\",\"description\":\"\",\"potentialAction\":[{\"@type\":\"SearchAction\",\"target\":{\"@type\":\"EntryPoint\",\"urlTemplate\":\"https:\\\/\\\/santiburisamui.com\\\/de\\\/?s={search_term_string}\"},\"query-input\":{\"@type\":\"PropertyValueSpecification\",\"valueRequired\":true,\"valueName\":\"search_term_string\"}}],\"inLanguage\":\"de\"}]}<\/script>\n<!-- \/ Yoast SEO plugin. -->","yoast_head_json":{"title":"Things to do in Koh Samui | Santiburi Koh Samui","description":"Viel Spa\u00df im Santiburi Koh Samui bei den Top-Aktivit\u00e4ten auf Koh Samui: im Wassersportzentrum, Golfplatz Santiburi, Sportzentrum, am unber\u00fchrten Strand und vieles mehr.","robots":{"index":"index","follow":"follow","max-snippet":"max-snippet:-1","max-image-preview":"max-image-preview:large","max-video-preview":"max-video-preview:-1"},"canonical":"https:\/\/santiburisamui.com\/de\/things-to-do\/","og_locale":"de_DE","og_type":"article","og_title":"Things to do in Koh Samui | Santiburi Koh Samui","og_description":"Viel Spa\u00df im Santiburi Koh Samui bei den Top-Aktivit\u00e4ten auf Koh Samui: im Wassersportzentrum, Golfplatz Santiburi, Sportzentrum, am unber\u00fchrten Strand und vieles mehr.","og_url":"https:\/\/santiburisamui.com\/de\/things-to-do\/","og_site_name":"Santiburi Koh Samui","article_modified_time":"2025-03-04T14:36:55+00:00","og_image":[{"width":1200,"height":630,"url":"https:\/\/santiburisamui.com\/wp-content\/uploads\/2019\/10\/santiburi-koh-samui.jpg","type":"image\/jpeg"}],"twitter_card":"summary_large_image","twitter_misc":{"Gesch\u00e4tzte Lesezeit":"1\u00a0Minute"},"schema":{"@context":"https:\/\/schema.org","@graph":[{"@type":"WebPage","@id":"https:\/\/santiburisamui.com\/de\/things-to-do\/","url":"https:\/\/santiburisamui.com\/de\/things-to-do\/","name":"Things to do in Koh Samui | Santiburi Koh Samui","isPartOf":{"@id":"https:\/\/santiburisamui.com\/de\/#website"},"datePublished":"2022-06-27T07:09:23+00:00","dateModified":"2025-03-04T14:36:55+00:00","description":"Viel Spa\u00df im Santiburi Koh Samui bei den Top-Aktivit\u00e4ten auf Koh Samui: im Wassersportzentrum, Golfplatz Santiburi, Sportzentrum, am unber\u00fchrten Strand und vieles mehr.","breadcrumb":{"@id":"https:\/\/santiburisamui.com\/de\/things-to-do\/#breadcrumb"},"inLanguage":"de","potentialAction":[{"@type":"ReadAction","target":["https:\/\/santiburisamui.com\/de\/things-to-do\/"]}]},{"@type":"BreadcrumbList","@id":"https:\/\/santiburisamui.com\/de\/things-to-do\/#breadcrumb","itemListElement":[{"@type":"ListItem","position":1,"name":"Home","item":"https:\/\/santiburisamui.com\/de\/"},{"@type":"ListItem","position":2,"name":"AKTIVIT\u00c4TEN"}]},{"@type":"WebSite","@id":"https:\/\/santiburisamui.com\/de\/#website","url":"https:\/\/santiburisamui.com\/de\/","name":"Santiburi Koh Samui","description":"","potentialAction":[{"@type":"SearchAction","target":{"@type":"EntryPoint","urlTemplate":"https:\/\/santiburisamui.com\/de\/?s={search_term_string}"},"query-input":{"@type":"PropertyValueSpecification","valueRequired":true,"valueName":"search_term_string"}}],"inLanguage":"de"}]}},"publishpress_future_action":{"enabled":false,"date":"2026-04-20 21:03:16","action":"change-status","newStatus":"draft","terms":[],"taxonomy":"translation_priority","extraData":[]},"publishpress_future_workflow_manual_trigger":{"enabledWorkflows":[]},"_links":{"self":[{"href":"https:\/\/santiburisamui.com\/de\/wp-json\/wp\/v2\/pages\/3888","targetHints":{"allow":["GET"]}}],"collection":[{"href":"https:\/\/santiburisamui.com\/de\/wp-json\/wp\/v2\/pages"}],"about":[{"href":"https:\/\/santiburisamui.com\/de\/wp-json\/wp\/v2\/types\/page"}],"author":[{"embeddable":true,"href":"https:\/\/santiburisamui.com\/de\/wp-json\/wp\/v2\/users\/11"}],"replies":[{"embeddable":true,"href":"https:\/\/santiburisamui.com\/de\/wp-json\/wp\/v2\/comments?post=3888"}],"version-history":[{"count":10,"href":"https:\/\/santiburisamui.com\/de\/wp-json\/wp\/v2\/pages\/3888\/revisions"}],"predecessor-version":[{"id":9153,"href":"https:\/\/santiburisamui.com\/de\/wp-json\/wp\/v2\/pages\/3888\/revisions\/9153"}],"wp:attachment":[{"href":"https:\/\/santiburisamui.com\/de\/wp-json\/wp\/v2\/media?parent=3888"}],"curies":[{"name":"wp","href":"https:\/\/api.w.org\/{rel}","templated":true}]}}