{"id":3929,"date":"2019-12-02T01:44:21","date_gmt":"2019-12-01T18:44:21","guid":{"rendered":"https:\/\/santiburisamui.com\/life-below-water\/"},"modified":"2024-11-21T16:30:32","modified_gmt":"2024-11-21T09:30:32","slug":"life-below-water","status":"publish","type":"page","link":"https:\/\/santiburisamui.com\/de\/sustainability\/life-below-water\/","title":{"rendered":"LEBEN UNTER WASSER"},"content":{"rendered":"<ul class=\"plainList\" style=\"margin-top: 0;\">\n<li><strong>Initiativen zur Reduzierung des M\u00fclls im Meer<\/strong>\n<ol>\n<li>Santiburi hat die Verwendung von Plastikflaschen auf seinem Gel\u00e4nde verboten.<\/li>\n<li>Stattdessen haben wir in eine Abf\u00fcllanlage investiert und produzieren unser eigenes Wasser.<\/li>\n<li>LEN H2O deckt den Bedarf unseres Personals und unserer G\u00e4ste und wir konnten sogar eine Nachf\u00fcllstation f\u00fcr externe G\u00e4ste bereitstellen.<\/li>\n<li>Verwendung von Strohhalmen aus Bambus oder Zitronengras, um den Plastikverbrauch zu verringern.<\/li>\n<\/ol>\n<\/li>\n<li><strong>Instandhaltung der K\u00fcstengebiete.<\/strong>\n<ol>\n<li>T\u00e4gliche und w\u00f6chentliche Strandreinigung unter Einbeziehung aller unserer Teammitglieder und umweltbewussten G\u00e4ste.<\/li>\n<li>Minimierung der Freisetzung von giftigen Abf\u00e4llen ins Meer durch die Reinhaltung des Flusses durch unser Resort River Treatment mit nat\u00fcrlichen Reinigungsmitteln.<\/li>\n<\/ol>\n<\/li>\n<li><strong>Bildung f\u00fcr unsere Jugend<\/strong>\n<ol>\n<li>Das Junior-Camp von Panya und Yim erm\u00f6glicht es uns, die Kinder mit den Maskottchen, einem Seepferdchen und einem Seestern, vertraut zu machen und sie \u00fcber die \u00d6kosysteme der K\u00fcsten und die Gefahr der \u00dcberentwicklung aufzukl\u00e4ren.<\/li>\n<li>Unsere Sportzentren bieten den Verleih von Segelbooten, Kajaks und Windsurfbrettern an, um die Meeresstr\u00f6mungen auf Koh Samui kennenzulernen und das \u00d6kosystem auf umweltfreundliche Weise zu entdecken.<\/li>\n<\/ol>\n<\/li>\n<\/ul>\n","protected":false},"excerpt":{"rendered":"<p>Initiativen zur Reduzierung des M\u00fclls im Meer Santiburi hat die Verwendung von Plastikflaschen auf seinem Gel\u00e4nde verboten. Stattdessen haben wir in eine Abf\u00fcllanlage investiert und produzieren unser eigenes Wasser. LEN H2O deckt den Bedarf unseres Personals und unserer G\u00e4ste und wir konnten sogar eine Nachf\u00fcllstation f\u00fcr externe G\u00e4ste bereitstellen. Verwendung von Strohhalmen aus Bambus oder [&hellip;]<\/p>\n","protected":false},"author":16,"featured_media":7752,"parent":3960,"menu_order":3,"comment_status":"closed","ping_status":"closed","template":"template-subpage.php","meta":{"inline_featured_image":false,"footnotes":""},"class_list":["post-3929","page","type-page","status-publish","has-post-thumbnail","hentry"],"yoast_head":"<!-- This site is optimized with the Yoast SEO plugin v27.3 - https:\/\/yoast.com\/product\/yoast-seo-wordpress\/ -->\n<title>Life below Water | Santiburi Koh Samui<\/title>\n<meta name=\"description\" content=\"Der anmutige Fluss des Lebens unter Wasser spiegelt ein diszipliniertes Meeres- und K\u00fcstenschutzsystem wider, welches das kristallblaue Wasser der Insel sch\u00fctzt.\" \/>\n<meta name=\"robots\" content=\"index, follow, max-snippet:-1, max-image-preview:large, max-video-preview:-1\" \/>\n<link rel=\"canonical\" href=\"https:\/\/santiburisamui.com\/de\/sustainability\/life-below-water\/\" \/>\n<meta property=\"og:locale\" content=\"de_DE\" \/>\n<meta property=\"og:type\" content=\"article\" \/>\n<meta property=\"og:title\" content=\"Life below Water | Santiburi Koh Samui\" \/>\n<meta property=\"og:description\" content=\"Der anmutige Fluss des Lebens unter Wasser spiegelt ein diszipliniertes Meeres- und K\u00fcstenschutzsystem wider, welches das kristallblaue Wasser der Insel sch\u00fctzt.\" \/>\n<meta property=\"og:url\" content=\"https:\/\/santiburisamui.com\/de\/sustainability\/life-below-water\/\" \/>\n<meta property=\"og:site_name\" content=\"Santiburi Koh Samui\" \/>\n<meta property=\"article:modified_time\" content=\"2024-11-21T09:30:32+00:00\" \/>\n<meta property=\"og:image\" content=\"https:\/\/santiburisamui.com\/wp-content\/uploads\/2024\/11\/sks_crab-release2024-5.jpg\" \/>\n\t<meta property=\"og:image:width\" content=\"1462\" \/>\n\t<meta property=\"og:image:height\" content=\"944\" \/>\n\t<meta property=\"og:image:type\" content=\"image\/jpeg\" \/>\n<meta name=\"twitter:card\" content=\"summary_large_image\" \/>\n<meta name=\"twitter:label1\" content=\"Gesch\u00e4tzte Lesezeit\" \/>\n\t<meta name=\"twitter:data1\" content=\"1\u00a0Minute\" \/>\n<script type=\"application\/ld+json\" class=\"yoast-schema-graph\">{\"@context\":\"https:\\\/\\\/schema.org\",\"@graph\":[{\"@type\":\"WebPage\",\"@id\":\"https:\\\/\\\/santiburisamui.com\\\/de\\\/sustainability\\\/life-below-water\\\/\",\"url\":\"https:\\\/\\\/santiburisamui.com\\\/de\\\/sustainability\\\/life-below-water\\\/\",\"name\":\"Life below Water | Santiburi Koh Samui\",\"isPartOf\":{\"@id\":\"https:\\\/\\\/santiburisamui.com\\\/de\\\/#website\"},\"primaryImageOfPage\":{\"@id\":\"https:\\\/\\\/santiburisamui.com\\\/de\\\/sustainability\\\/life-below-water\\\/#primaryimage\"},\"image\":{\"@id\":\"https:\\\/\\\/santiburisamui.com\\\/de\\\/sustainability\\\/life-below-water\\\/#primaryimage\"},\"thumbnailUrl\":\"https:\\\/\\\/santiburisamui.com\\\/wp-content\\\/uploads\\\/2024\\\/11\\\/sks_crab-release2024-5.jpg\",\"datePublished\":\"2019-12-01T18:44:21+00:00\",\"dateModified\":\"2024-11-21T09:30:32+00:00\",\"description\":\"Der anmutige Fluss des Lebens unter Wasser spiegelt ein diszipliniertes Meeres- und K\u00fcstenschutzsystem wider, welches das kristallblaue Wasser der Insel sch\u00fctzt.\",\"breadcrumb\":{\"@id\":\"https:\\\/\\\/santiburisamui.com\\\/de\\\/sustainability\\\/life-below-water\\\/#breadcrumb\"},\"inLanguage\":\"de\",\"potentialAction\":[{\"@type\":\"ReadAction\",\"target\":[\"https:\\\/\\\/santiburisamui.com\\\/de\\\/sustainability\\\/life-below-water\\\/\"]}]},{\"@type\":\"ImageObject\",\"inLanguage\":\"de\",\"@id\":\"https:\\\/\\\/santiburisamui.com\\\/de\\\/sustainability\\\/life-below-water\\\/#primaryimage\",\"url\":\"https:\\\/\\\/santiburisamui.com\\\/wp-content\\\/uploads\\\/2024\\\/11\\\/sks_crab-release2024-5.jpg\",\"contentUrl\":\"https:\\\/\\\/santiburisamui.com\\\/wp-content\\\/uploads\\\/2024\\\/11\\\/sks_crab-release2024-5.jpg\",\"width\":1462,\"height\":944},{\"@type\":\"BreadcrumbList\",\"@id\":\"https:\\\/\\\/santiburisamui.com\\\/de\\\/sustainability\\\/life-below-water\\\/#breadcrumb\",\"itemListElement\":[{\"@type\":\"ListItem\",\"position\":1,\"name\":\"Home\",\"item\":\"https:\\\/\\\/santiburisamui.com\\\/de\\\/\"},{\"@type\":\"ListItem\",\"position\":2,\"name\":\"Nachhaltigkeit\",\"item\":\"https:\\\/\\\/santiburisamui.com\\\/de\\\/sustainability\\\/\"},{\"@type\":\"ListItem\",\"position\":3,\"name\":\"LEBEN UNTER WASSER\"}]},{\"@type\":\"WebSite\",\"@id\":\"https:\\\/\\\/santiburisamui.com\\\/de\\\/#website\",\"url\":\"https:\\\/\\\/santiburisamui.com\\\/de\\\/\",\"name\":\"Santiburi Koh Samui\",\"description\":\"\",\"potentialAction\":[{\"@type\":\"SearchAction\",\"target\":{\"@type\":\"EntryPoint\",\"urlTemplate\":\"https:\\\/\\\/santiburisamui.com\\\/de\\\/?s={search_term_string}\"},\"query-input\":{\"@type\":\"PropertyValueSpecification\",\"valueRequired\":true,\"valueName\":\"search_term_string\"}}],\"inLanguage\":\"de\"}]}<\/script>\n<!-- \/ Yoast SEO plugin. -->","yoast_head_json":{"title":"Life below Water | Santiburi Koh Samui","description":"Der anmutige Fluss des Lebens unter Wasser spiegelt ein diszipliniertes Meeres- und K\u00fcstenschutzsystem wider, welches das kristallblaue Wasser der Insel sch\u00fctzt.","robots":{"index":"index","follow":"follow","max-snippet":"max-snippet:-1","max-image-preview":"max-image-preview:large","max-video-preview":"max-video-preview:-1"},"canonical":"https:\/\/santiburisamui.com\/de\/sustainability\/life-below-water\/","og_locale":"de_DE","og_type":"article","og_title":"Life below Water | Santiburi Koh Samui","og_description":"Der anmutige Fluss des Lebens unter Wasser spiegelt ein diszipliniertes Meeres- und K\u00fcstenschutzsystem wider, welches das kristallblaue Wasser der Insel sch\u00fctzt.","og_url":"https:\/\/santiburisamui.com\/de\/sustainability\/life-below-water\/","og_site_name":"Santiburi Koh Samui","article_modified_time":"2024-11-21T09:30:32+00:00","og_image":[{"width":1462,"height":944,"url":"https:\/\/santiburisamui.com\/wp-content\/uploads\/2024\/11\/sks_crab-release2024-5.jpg","type":"image\/jpeg"}],"twitter_card":"summary_large_image","twitter_misc":{"Gesch\u00e4tzte Lesezeit":"1\u00a0Minute"},"schema":{"@context":"https:\/\/schema.org","@graph":[{"@type":"WebPage","@id":"https:\/\/santiburisamui.com\/de\/sustainability\/life-below-water\/","url":"https:\/\/santiburisamui.com\/de\/sustainability\/life-below-water\/","name":"Life below Water | Santiburi Koh Samui","isPartOf":{"@id":"https:\/\/santiburisamui.com\/de\/#website"},"primaryImageOfPage":{"@id":"https:\/\/santiburisamui.com\/de\/sustainability\/life-below-water\/#primaryimage"},"image":{"@id":"https:\/\/santiburisamui.com\/de\/sustainability\/life-below-water\/#primaryimage"},"thumbnailUrl":"https:\/\/santiburisamui.com\/wp-content\/uploads\/2024\/11\/sks_crab-release2024-5.jpg","datePublished":"2019-12-01T18:44:21+00:00","dateModified":"2024-11-21T09:30:32+00:00","description":"Der anmutige Fluss des Lebens unter Wasser spiegelt ein diszipliniertes Meeres- und K\u00fcstenschutzsystem wider, welches das kristallblaue Wasser der Insel sch\u00fctzt.","breadcrumb":{"@id":"https:\/\/santiburisamui.com\/de\/sustainability\/life-below-water\/#breadcrumb"},"inLanguage":"de","potentialAction":[{"@type":"ReadAction","target":["https:\/\/santiburisamui.com\/de\/sustainability\/life-below-water\/"]}]},{"@type":"ImageObject","inLanguage":"de","@id":"https:\/\/santiburisamui.com\/de\/sustainability\/life-below-water\/#primaryimage","url":"https:\/\/santiburisamui.com\/wp-content\/uploads\/2024\/11\/sks_crab-release2024-5.jpg","contentUrl":"https:\/\/santiburisamui.com\/wp-content\/uploads\/2024\/11\/sks_crab-release2024-5.jpg","width":1462,"height":944},{"@type":"BreadcrumbList","@id":"https:\/\/santiburisamui.com\/de\/sustainability\/life-below-water\/#breadcrumb","itemListElement":[{"@type":"ListItem","position":1,"name":"Home","item":"https:\/\/santiburisamui.com\/de\/"},{"@type":"ListItem","position":2,"name":"Nachhaltigkeit","item":"https:\/\/santiburisamui.com\/de\/sustainability\/"},{"@type":"ListItem","position":3,"name":"LEBEN UNTER WASSER"}]},{"@type":"WebSite","@id":"https:\/\/santiburisamui.com\/de\/#website","url":"https:\/\/santiburisamui.com\/de\/","name":"Santiburi Koh Samui","description":"","potentialAction":[{"@type":"SearchAction","target":{"@type":"EntryPoint","urlTemplate":"https:\/\/santiburisamui.com\/de\/?s={search_term_string}"},"query-input":{"@type":"PropertyValueSpecification","valueRequired":true,"valueName":"search_term_string"}}],"inLanguage":"de"}]}},"publishpress_future_action":{"enabled":false,"date":"2026-04-20 23:23:55","action":"change-status","newStatus":"draft","terms":[],"taxonomy":"translation_priority","extraData":[]},"publishpress_future_workflow_manual_trigger":{"enabledWorkflows":[]},"_links":{"self":[{"href":"https:\/\/santiburisamui.com\/de\/wp-json\/wp\/v2\/pages\/3929","targetHints":{"allow":["GET"]}}],"collection":[{"href":"https:\/\/santiburisamui.com\/de\/wp-json\/wp\/v2\/pages"}],"about":[{"href":"https:\/\/santiburisamui.com\/de\/wp-json\/wp\/v2\/types\/page"}],"author":[{"embeddable":true,"href":"https:\/\/santiburisamui.com\/de\/wp-json\/wp\/v2\/users\/16"}],"replies":[{"embeddable":true,"href":"https:\/\/santiburisamui.com\/de\/wp-json\/wp\/v2\/comments?post=3929"}],"version-history":[{"count":1,"href":"https:\/\/santiburisamui.com\/de\/wp-json\/wp\/v2\/pages\/3929\/revisions"}],"predecessor-version":[{"id":4299,"href":"https:\/\/santiburisamui.com\/de\/wp-json\/wp\/v2\/pages\/3929\/revisions\/4299"}],"up":[{"embeddable":true,"href":"https:\/\/santiburisamui.com\/de\/wp-json\/wp\/v2\/pages\/3960"}],"wp:featuredmedia":[{"embeddable":true,"href":"https:\/\/santiburisamui.com\/de\/wp-json\/wp\/v2\/media\/7752"}],"wp:attachment":[{"href":"https:\/\/santiburisamui.com\/de\/wp-json\/wp\/v2\/media?parent=3929"}],"curies":[{"name":"wp","href":"https:\/\/api.w.org\/{rel}","templated":true}]}}