{"id":3931,"date":"2019-12-02T01:40:54","date_gmt":"2019-12-01T18:40:54","guid":{"rendered":"https:\/\/santiburisamui.com\/responsible-consumption-and-production\/"},"modified":"2024-11-21T16:30:23","modified_gmt":"2024-11-21T09:30:23","slug":"responsible-consumption-and-production","status":"publish","type":"page","link":"https:\/\/santiburisamui.com\/de\/sustainability\/responsible-consumption-and-production\/","title":{"rendered":"Verantwortungsvoller Konsum und Produktion"},"content":{"rendered":"<ul class=\"plainList\" style=\"margin-top: 0;\">\n<li><strong>Umsetzung von Strategien zur Energie- und Wassereinsparung<\/strong>\n<ol>\n<li>Aufrechterhaltung eines hohen Niveaus der Maschineneffizienz durch vorbeugende, geplante Wartung.<\/li>\n<li>Verwendung energieeffizienter Gl\u00fchbirnen.<\/li>\n<li>Wiederverwendung von Grauwasser f\u00fcr die G\u00e4rten.<\/li>\n<\/ol>\n<\/li>\n<li><strong>Aggressives Management von Lebensmittelabf\u00e4llen<\/strong>\n<ol>\n<li>\u00dcberwachung der Arbeitstechniken mit dem Ziel, organische Abf\u00e4lle aus der K\u00fcche zu reduzieren.<\/li>\n<li>Einsatz der BCI-Nanotechnologie f\u00fcr die Entsorgung gro\u00dfvolumiger Nebenprodukte wie Fette.<\/li>\n<li>Entwicklung einer Reihe von Kompostierungsmethoden zur effizienten Wiederverwendung von Abf\u00e4llen, insbesondere durch die kontinuierliche Herstellung von Kompost mithilfe wirksamen Mikroorganismen.<\/li>\n<\/ol>\n<\/li>\n<li><strong>Reduzierung des Verbrauchs von nicht wiederverwendbaren G\u00fctern in der Immobilie.<\/strong>\n<ol>\n<li>Initiative zum Verzicht auf Strohhalme.<\/li>\n<li>Ersetzen von Plastikflaschen durch Glas.<\/li>\n<li>Verringerung des Einkaufsvolumens.<\/li>\n<\/ol>\n<\/li>\n<\/ul>\n","protected":false},"excerpt":{"rendered":"<p>Umsetzung von Strategien zur Energie- und Wassereinsparung Aufrechterhaltung eines hohen Niveaus der Maschineneffizienz durch vorbeugende, geplante Wartung. Verwendung energieeffizienter Gl\u00fchbirnen. Wiederverwendung von Grauwasser f\u00fcr die G\u00e4rten. Aggressives Management von Lebensmittelabf\u00e4llen \u00dcberwachung der Arbeitstechniken mit dem Ziel, organische Abf\u00e4lle aus der K\u00fcche zu reduzieren. Einsatz der BCI-Nanotechnologie f\u00fcr die Entsorgung gro\u00dfvolumiger Nebenprodukte wie Fette. Entwicklung einer [&hellip;]<\/p>\n","protected":false},"author":16,"featured_media":7746,"parent":3960,"menu_order":2,"comment_status":"closed","ping_status":"closed","template":"template-subpage.php","meta":{"inline_featured_image":false,"footnotes":""},"class_list":["post-3931","page","type-page","status-publish","has-post-thumbnail","hentry"],"yoast_head":"<!-- This site is optimized with the Yoast SEO plugin v27.3 - https:\/\/yoast.com\/product\/yoast-seo-wordpress\/ -->\n<title>Responsible Consumption and Production | Santiburi Koh Samui<\/title>\n<meta name=\"description\" content=\"Verantwortungsvoller Konsum und Produktion sind einige der Kernwerte des Resorts, was zu effizienten Energiespar- und Abfallreduzierungsmethoden f\u00fchrt.\" \/>\n<meta name=\"robots\" content=\"index, follow, max-snippet:-1, max-image-preview:large, max-video-preview:-1\" \/>\n<link rel=\"canonical\" href=\"https:\/\/santiburisamui.com\/de\/sustainability\/responsible-consumption-and-production\/\" \/>\n<meta property=\"og:locale\" content=\"de_DE\" \/>\n<meta property=\"og:type\" content=\"article\" \/>\n<meta property=\"og:title\" content=\"Responsible Consumption and Production | Santiburi Koh Samui\" \/>\n<meta property=\"og:description\" content=\"Verantwortungsvoller Konsum und Produktion sind einige der Kernwerte des Resorts, was zu effizienten Energiespar- und Abfallreduzierungsmethoden f\u00fchrt.\" \/>\n<meta property=\"og:url\" content=\"https:\/\/santiburisamui.com\/de\/sustainability\/responsible-consumption-and-production\/\" \/>\n<meta property=\"og:site_name\" content=\"Santiburi Koh Samui\" \/>\n<meta property=\"article:modified_time\" content=\"2024-11-21T09:30:23+00:00\" \/>\n<meta property=\"og:image\" content=\"https:\/\/santiburisamui.com\/wp-content\/uploads\/2024\/11\/santiburi-koh-samui_solar-cell.jpg\" \/>\n\t<meta property=\"og:image:width\" content=\"1920\" \/>\n\t<meta property=\"og:image:height\" content=\"1279\" \/>\n\t<meta property=\"og:image:type\" content=\"image\/jpeg\" \/>\n<meta name=\"twitter:card\" content=\"summary_large_image\" \/>\n<meta name=\"twitter:label1\" content=\"Gesch\u00e4tzte Lesezeit\" \/>\n\t<meta name=\"twitter:data1\" content=\"1\u00a0Minute\" \/>\n<script type=\"application\/ld+json\" class=\"yoast-schema-graph\">{\"@context\":\"https:\\\/\\\/schema.org\",\"@graph\":[{\"@type\":\"WebPage\",\"@id\":\"https:\\\/\\\/santiburisamui.com\\\/de\\\/sustainability\\\/responsible-consumption-and-production\\\/\",\"url\":\"https:\\\/\\\/santiburisamui.com\\\/de\\\/sustainability\\\/responsible-consumption-and-production\\\/\",\"name\":\"Responsible Consumption and Production | Santiburi Koh Samui\",\"isPartOf\":{\"@id\":\"https:\\\/\\\/santiburisamui.com\\\/de\\\/#website\"},\"primaryImageOfPage\":{\"@id\":\"https:\\\/\\\/santiburisamui.com\\\/de\\\/sustainability\\\/responsible-consumption-and-production\\\/#primaryimage\"},\"image\":{\"@id\":\"https:\\\/\\\/santiburisamui.com\\\/de\\\/sustainability\\\/responsible-consumption-and-production\\\/#primaryimage\"},\"thumbnailUrl\":\"https:\\\/\\\/santiburisamui.com\\\/wp-content\\\/uploads\\\/2024\\\/11\\\/santiburi-koh-samui_solar-cell.jpg\",\"datePublished\":\"2019-12-01T18:40:54+00:00\",\"dateModified\":\"2024-11-21T09:30:23+00:00\",\"description\":\"Verantwortungsvoller Konsum und Produktion sind einige der Kernwerte des Resorts, was zu effizienten Energiespar- und Abfallreduzierungsmethoden f\u00fchrt.\",\"breadcrumb\":{\"@id\":\"https:\\\/\\\/santiburisamui.com\\\/de\\\/sustainability\\\/responsible-consumption-and-production\\\/#breadcrumb\"},\"inLanguage\":\"de\",\"potentialAction\":[{\"@type\":\"ReadAction\",\"target\":[\"https:\\\/\\\/santiburisamui.com\\\/de\\\/sustainability\\\/responsible-consumption-and-production\\\/\"]}]},{\"@type\":\"ImageObject\",\"inLanguage\":\"de\",\"@id\":\"https:\\\/\\\/santiburisamui.com\\\/de\\\/sustainability\\\/responsible-consumption-and-production\\\/#primaryimage\",\"url\":\"https:\\\/\\\/santiburisamui.com\\\/wp-content\\\/uploads\\\/2024\\\/11\\\/santiburi-koh-samui_solar-cell.jpg\",\"contentUrl\":\"https:\\\/\\\/santiburisamui.com\\\/wp-content\\\/uploads\\\/2024\\\/11\\\/santiburi-koh-samui_solar-cell.jpg\",\"width\":1920,\"height\":1279},{\"@type\":\"BreadcrumbList\",\"@id\":\"https:\\\/\\\/santiburisamui.com\\\/de\\\/sustainability\\\/responsible-consumption-and-production\\\/#breadcrumb\",\"itemListElement\":[{\"@type\":\"ListItem\",\"position\":1,\"name\":\"Home\",\"item\":\"https:\\\/\\\/santiburisamui.com\\\/de\\\/\"},{\"@type\":\"ListItem\",\"position\":2,\"name\":\"Nachhaltigkeit\",\"item\":\"https:\\\/\\\/santiburisamui.com\\\/de\\\/sustainability\\\/\"},{\"@type\":\"ListItem\",\"position\":3,\"name\":\"Verantwortungsvoller Konsum und Produktion\"}]},{\"@type\":\"WebSite\",\"@id\":\"https:\\\/\\\/santiburisamui.com\\\/de\\\/#website\",\"url\":\"https:\\\/\\\/santiburisamui.com\\\/de\\\/\",\"name\":\"Santiburi Koh Samui\",\"description\":\"\",\"potentialAction\":[{\"@type\":\"SearchAction\",\"target\":{\"@type\":\"EntryPoint\",\"urlTemplate\":\"https:\\\/\\\/santiburisamui.com\\\/de\\\/?s={search_term_string}\"},\"query-input\":{\"@type\":\"PropertyValueSpecification\",\"valueRequired\":true,\"valueName\":\"search_term_string\"}}],\"inLanguage\":\"de\"}]}<\/script>\n<!-- \/ Yoast SEO plugin. -->","yoast_head_json":{"title":"Responsible Consumption and Production | Santiburi Koh Samui","description":"Verantwortungsvoller Konsum und Produktion sind einige der Kernwerte des Resorts, was zu effizienten Energiespar- und Abfallreduzierungsmethoden f\u00fchrt.","robots":{"index":"index","follow":"follow","max-snippet":"max-snippet:-1","max-image-preview":"max-image-preview:large","max-video-preview":"max-video-preview:-1"},"canonical":"https:\/\/santiburisamui.com\/de\/sustainability\/responsible-consumption-and-production\/","og_locale":"de_DE","og_type":"article","og_title":"Responsible Consumption and Production | Santiburi Koh Samui","og_description":"Verantwortungsvoller Konsum und Produktion sind einige der Kernwerte des Resorts, was zu effizienten Energiespar- und Abfallreduzierungsmethoden f\u00fchrt.","og_url":"https:\/\/santiburisamui.com\/de\/sustainability\/responsible-consumption-and-production\/","og_site_name":"Santiburi Koh Samui","article_modified_time":"2024-11-21T09:30:23+00:00","og_image":[{"width":1920,"height":1279,"url":"https:\/\/santiburisamui.com\/wp-content\/uploads\/2024\/11\/santiburi-koh-samui_solar-cell.jpg","type":"image\/jpeg"}],"twitter_card":"summary_large_image","twitter_misc":{"Gesch\u00e4tzte Lesezeit":"1\u00a0Minute"},"schema":{"@context":"https:\/\/schema.org","@graph":[{"@type":"WebPage","@id":"https:\/\/santiburisamui.com\/de\/sustainability\/responsible-consumption-and-production\/","url":"https:\/\/santiburisamui.com\/de\/sustainability\/responsible-consumption-and-production\/","name":"Responsible Consumption and Production | Santiburi Koh Samui","isPartOf":{"@id":"https:\/\/santiburisamui.com\/de\/#website"},"primaryImageOfPage":{"@id":"https:\/\/santiburisamui.com\/de\/sustainability\/responsible-consumption-and-production\/#primaryimage"},"image":{"@id":"https:\/\/santiburisamui.com\/de\/sustainability\/responsible-consumption-and-production\/#primaryimage"},"thumbnailUrl":"https:\/\/santiburisamui.com\/wp-content\/uploads\/2024\/11\/santiburi-koh-samui_solar-cell.jpg","datePublished":"2019-12-01T18:40:54+00:00","dateModified":"2024-11-21T09:30:23+00:00","description":"Verantwortungsvoller Konsum und Produktion sind einige der Kernwerte des Resorts, was zu effizienten Energiespar- und Abfallreduzierungsmethoden f\u00fchrt.","breadcrumb":{"@id":"https:\/\/santiburisamui.com\/de\/sustainability\/responsible-consumption-and-production\/#breadcrumb"},"inLanguage":"de","potentialAction":[{"@type":"ReadAction","target":["https:\/\/santiburisamui.com\/de\/sustainability\/responsible-consumption-and-production\/"]}]},{"@type":"ImageObject","inLanguage":"de","@id":"https:\/\/santiburisamui.com\/de\/sustainability\/responsible-consumption-and-production\/#primaryimage","url":"https:\/\/santiburisamui.com\/wp-content\/uploads\/2024\/11\/santiburi-koh-samui_solar-cell.jpg","contentUrl":"https:\/\/santiburisamui.com\/wp-content\/uploads\/2024\/11\/santiburi-koh-samui_solar-cell.jpg","width":1920,"height":1279},{"@type":"BreadcrumbList","@id":"https:\/\/santiburisamui.com\/de\/sustainability\/responsible-consumption-and-production\/#breadcrumb","itemListElement":[{"@type":"ListItem","position":1,"name":"Home","item":"https:\/\/santiburisamui.com\/de\/"},{"@type":"ListItem","position":2,"name":"Nachhaltigkeit","item":"https:\/\/santiburisamui.com\/de\/sustainability\/"},{"@type":"ListItem","position":3,"name":"Verantwortungsvoller Konsum und Produktion"}]},{"@type":"WebSite","@id":"https:\/\/santiburisamui.com\/de\/#website","url":"https:\/\/santiburisamui.com\/de\/","name":"Santiburi Koh Samui","description":"","potentialAction":[{"@type":"SearchAction","target":{"@type":"EntryPoint","urlTemplate":"https:\/\/santiburisamui.com\/de\/?s={search_term_string}"},"query-input":{"@type":"PropertyValueSpecification","valueRequired":true,"valueName":"search_term_string"}}],"inLanguage":"de"}]}},"publishpress_future_action":{"enabled":false,"date":"2026-04-20 23:17:46","action":"change-status","newStatus":"draft","terms":[],"taxonomy":"translation_priority","extraData":[]},"publishpress_future_workflow_manual_trigger":{"enabledWorkflows":[]},"_links":{"self":[{"href":"https:\/\/santiburisamui.com\/de\/wp-json\/wp\/v2\/pages\/3931","targetHints":{"allow":["GET"]}}],"collection":[{"href":"https:\/\/santiburisamui.com\/de\/wp-json\/wp\/v2\/pages"}],"about":[{"href":"https:\/\/santiburisamui.com\/de\/wp-json\/wp\/v2\/types\/page"}],"author":[{"embeddable":true,"href":"https:\/\/santiburisamui.com\/de\/wp-json\/wp\/v2\/users\/16"}],"replies":[{"embeddable":true,"href":"https:\/\/santiburisamui.com\/de\/wp-json\/wp\/v2\/comments?post=3931"}],"version-history":[{"count":2,"href":"https:\/\/santiburisamui.com\/de\/wp-json\/wp\/v2\/pages\/3931\/revisions"}],"predecessor-version":[{"id":5086,"href":"https:\/\/santiburisamui.com\/de\/wp-json\/wp\/v2\/pages\/3931\/revisions\/5086"}],"up":[{"embeddable":true,"href":"https:\/\/santiburisamui.com\/de\/wp-json\/wp\/v2\/pages\/3960"}],"wp:featuredmedia":[{"embeddable":true,"href":"https:\/\/santiburisamui.com\/de\/wp-json\/wp\/v2\/media\/7746"}],"wp:attachment":[{"href":"https:\/\/santiburisamui.com\/de\/wp-json\/wp\/v2\/media?parent=3931"}],"curies":[{"name":"wp","href":"https:\/\/api.w.org\/{rel}","templated":true}]}}