{"id":3934,"date":"2019-12-02T01:36:30","date_gmt":"2019-12-01T18:36:30","guid":{"rendered":"https:\/\/santiburisamui.com\/sustainable-cities-and-communities\/"},"modified":"2024-11-21T16:30:06","modified_gmt":"2024-11-21T09:30:06","slug":"sustainable-cities-and-communities","status":"publish","type":"page","link":"https:\/\/santiburisamui.com\/de\/sustainability\/sustainable-cities-and-communities\/","title":{"rendered":"NACHHALTIGE ST\u00c4DTE UND GEMEINDEN"},"content":{"rendered":"<ul class=\"plainList\" style=\"margin-top:0\">\n<li><strong>Erreichen der Kohlenstoffneutralit\u00e4t<\/strong>\n<ol>\n<li>Durchf\u00fchren regelm\u00e4\u00dfiger interner Kohlenstoff-Audits<\/li>\n<li>Erlangung der Zertifizierung der Kohlenstoffneutralit\u00e4t durch die Thailand Greenhouse Gaz Management Organization (TGO)<\/li>\n<\/ol>\n<\/li>\n<li><strong>F\u00f6rdern der Gemeinschaften<\/strong>\n<ol>\n<li>Besch\u00e4ftigung lokaler Arbeitskr\u00e4fte und Entwicklung interner Talente.<\/li>\n<li>Anleiten der Schulen von Samui \u00fcber die Nutzung der nat\u00fcrlichen Ressourcen und Spenden von Produktions\u00fcbersch\u00fcssen. (EM-Agent)<\/li>\n<li>Auswahl lokaler Zulieferer und deren Schulung, um internationale Standards zu erreichen und gleichzeitig die Qualit\u00e4t zu erhalten.<\/li>\n<li>Veranstaltungen wie die Santiburis Fashion Mania, die Gemeinden zusammenbringen und es den Einheimischen erm\u00f6glichen, an der Seite internationaler Models zu stolzieren.<\/li>\n<\/ol>\n<\/li>\n<li><strong>Farm-To-Table-Ansatz<\/strong>\n<ol>\n<li>Die G\u00e4rtnerei von Santiburi besteht aus 2.663 T\u00f6pfen und 38 Pflanzenarten.<\/li>\n<li>Im Garten des K\u00fcchenchefs von Santiburi werden Kr\u00e4uter, Fr\u00fcchte und Gem\u00fcse angebaut, um die Produktion der K\u00fcche zu erg\u00e4nzen und um mit unseren G\u00e4sten w\u00e4hrend des Kochkurses mit endemische Arten vertraut zu machen.<\/li>\n<\/ol>\n<\/li>\n<\/ul>\n","protected":false},"excerpt":{"rendered":"<p>Erreichen der Kohlenstoffneutralit\u00e4t Durchf\u00fchren regelm\u00e4\u00dfiger interner Kohlenstoff-Audits Erlangung der Zertifizierung der Kohlenstoffneutralit\u00e4t durch die Thailand Greenhouse Gaz Management Organization (TGO) F\u00f6rdern der Gemeinschaften Besch\u00e4ftigung lokaler Arbeitskr\u00e4fte und Entwicklung interner Talente. Anleiten der Schulen von Samui \u00fcber die Nutzung der nat\u00fcrlichen Ressourcen und Spenden von Produktions\u00fcbersch\u00fcssen. (EM-Agent) Auswahl lokaler Zulieferer und deren Schulung, um internationale Standards [&hellip;]<\/p>\n","protected":false},"author":16,"featured_media":7740,"parent":3960,"menu_order":1,"comment_status":"closed","ping_status":"closed","template":"template-subpage.php","meta":{"inline_featured_image":false,"footnotes":""},"class_list":["post-3934","page","type-page","status-publish","has-post-thumbnail","hentry"],"yoast_head":"<!-- This site is optimized with the Yoast SEO plugin v27.3 - https:\/\/yoast.com\/product\/yoast-seo-wordpress\/ -->\n<title>Sustainable Cities and Communities | Santiburi Koh Samui<\/title>\n<meta name=\"description\" content=\"Der Aufbau nachhaltiger St\u00e4dte und Gemeinden ist ein zentraler Bestandteil der Resort-Politik. Bessere Lebensbedingungen f\u00fcr Anwohner und Besucher sind uns sehr wichtig.\" \/>\n<meta name=\"robots\" content=\"index, follow, max-snippet:-1, max-image-preview:large, max-video-preview:-1\" \/>\n<link rel=\"canonical\" href=\"https:\/\/santiburisamui.com\/de\/sustainability\/sustainable-cities-and-communities\/\" \/>\n<meta property=\"og:locale\" content=\"de_DE\" \/>\n<meta property=\"og:type\" content=\"article\" \/>\n<meta property=\"og:title\" content=\"Sustainable Cities and Communities | Santiburi Koh Samui\" \/>\n<meta property=\"og:description\" content=\"Der Aufbau nachhaltiger St\u00e4dte und Gemeinden ist ein zentraler Bestandteil der Resort-Politik. Bessere Lebensbedingungen f\u00fcr Anwohner und Besucher sind uns sehr wichtig.\" \/>\n<meta property=\"og:url\" content=\"https:\/\/santiburisamui.com\/de\/sustainability\/sustainable-cities-and-communities\/\" \/>\n<meta property=\"og:site_name\" content=\"Santiburi Koh Samui\" \/>\n<meta property=\"article:modified_time\" content=\"2024-11-21T09:30:06+00:00\" \/>\n<meta property=\"og:image\" content=\"https:\/\/santiburisamui.com\/wp-content\/uploads\/2024\/11\/03-santiburi-maenam-resort.jpg\" \/>\n\t<meta property=\"og:image:width\" content=\"1920\" \/>\n\t<meta property=\"og:image:height\" content=\"1341\" \/>\n\t<meta property=\"og:image:type\" content=\"image\/jpeg\" \/>\n<meta name=\"twitter:card\" content=\"summary_large_image\" \/>\n<meta name=\"twitter:label1\" content=\"Gesch\u00e4tzte Lesezeit\" \/>\n\t<meta name=\"twitter:data1\" content=\"1\u00a0Minute\" \/>\n<script type=\"application\/ld+json\" class=\"yoast-schema-graph\">{\"@context\":\"https:\\\/\\\/schema.org\",\"@graph\":[{\"@type\":\"WebPage\",\"@id\":\"https:\\\/\\\/santiburisamui.com\\\/de\\\/sustainability\\\/sustainable-cities-and-communities\\\/\",\"url\":\"https:\\\/\\\/santiburisamui.com\\\/de\\\/sustainability\\\/sustainable-cities-and-communities\\\/\",\"name\":\"Sustainable Cities and Communities | Santiburi Koh Samui\",\"isPartOf\":{\"@id\":\"https:\\\/\\\/santiburisamui.com\\\/de\\\/#website\"},\"primaryImageOfPage\":{\"@id\":\"https:\\\/\\\/santiburisamui.com\\\/de\\\/sustainability\\\/sustainable-cities-and-communities\\\/#primaryimage\"},\"image\":{\"@id\":\"https:\\\/\\\/santiburisamui.com\\\/de\\\/sustainability\\\/sustainable-cities-and-communities\\\/#primaryimage\"},\"thumbnailUrl\":\"https:\\\/\\\/santiburisamui.com\\\/wp-content\\\/uploads\\\/2024\\\/11\\\/03-santiburi-maenam-resort.jpg\",\"datePublished\":\"2019-12-01T18:36:30+00:00\",\"dateModified\":\"2024-11-21T09:30:06+00:00\",\"description\":\"Der Aufbau nachhaltiger St\u00e4dte und Gemeinden ist ein zentraler Bestandteil der Resort-Politik. Bessere Lebensbedingungen f\u00fcr Anwohner und Besucher sind uns sehr wichtig.\",\"breadcrumb\":{\"@id\":\"https:\\\/\\\/santiburisamui.com\\\/de\\\/sustainability\\\/sustainable-cities-and-communities\\\/#breadcrumb\"},\"inLanguage\":\"de\",\"potentialAction\":[{\"@type\":\"ReadAction\",\"target\":[\"https:\\\/\\\/santiburisamui.com\\\/de\\\/sustainability\\\/sustainable-cities-and-communities\\\/\"]}]},{\"@type\":\"ImageObject\",\"inLanguage\":\"de\",\"@id\":\"https:\\\/\\\/santiburisamui.com\\\/de\\\/sustainability\\\/sustainable-cities-and-communities\\\/#primaryimage\",\"url\":\"https:\\\/\\\/santiburisamui.com\\\/wp-content\\\/uploads\\\/2024\\\/11\\\/03-santiburi-maenam-resort.jpg\",\"contentUrl\":\"https:\\\/\\\/santiburisamui.com\\\/wp-content\\\/uploads\\\/2024\\\/11\\\/03-santiburi-maenam-resort.jpg\",\"width\":1920,\"height\":1341},{\"@type\":\"BreadcrumbList\",\"@id\":\"https:\\\/\\\/santiburisamui.com\\\/de\\\/sustainability\\\/sustainable-cities-and-communities\\\/#breadcrumb\",\"itemListElement\":[{\"@type\":\"ListItem\",\"position\":1,\"name\":\"Home\",\"item\":\"https:\\\/\\\/santiburisamui.com\\\/de\\\/\"},{\"@type\":\"ListItem\",\"position\":2,\"name\":\"Nachhaltigkeit\",\"item\":\"https:\\\/\\\/santiburisamui.com\\\/de\\\/sustainability\\\/\"},{\"@type\":\"ListItem\",\"position\":3,\"name\":\"NACHHALTIGE ST\u00c4DTE UND GEMEINDEN\"}]},{\"@type\":\"WebSite\",\"@id\":\"https:\\\/\\\/santiburisamui.com\\\/de\\\/#website\",\"url\":\"https:\\\/\\\/santiburisamui.com\\\/de\\\/\",\"name\":\"Santiburi Koh Samui\",\"description\":\"\",\"potentialAction\":[{\"@type\":\"SearchAction\",\"target\":{\"@type\":\"EntryPoint\",\"urlTemplate\":\"https:\\\/\\\/santiburisamui.com\\\/de\\\/?s={search_term_string}\"},\"query-input\":{\"@type\":\"PropertyValueSpecification\",\"valueRequired\":true,\"valueName\":\"search_term_string\"}}],\"inLanguage\":\"de\"}]}<\/script>\n<!-- \/ Yoast SEO plugin. -->","yoast_head_json":{"title":"Sustainable Cities and Communities | Santiburi Koh Samui","description":"Der Aufbau nachhaltiger St\u00e4dte und Gemeinden ist ein zentraler Bestandteil der Resort-Politik. Bessere Lebensbedingungen f\u00fcr Anwohner und Besucher sind uns sehr wichtig.","robots":{"index":"index","follow":"follow","max-snippet":"max-snippet:-1","max-image-preview":"max-image-preview:large","max-video-preview":"max-video-preview:-1"},"canonical":"https:\/\/santiburisamui.com\/de\/sustainability\/sustainable-cities-and-communities\/","og_locale":"de_DE","og_type":"article","og_title":"Sustainable Cities and Communities | Santiburi Koh Samui","og_description":"Der Aufbau nachhaltiger St\u00e4dte und Gemeinden ist ein zentraler Bestandteil der Resort-Politik. Bessere Lebensbedingungen f\u00fcr Anwohner und Besucher sind uns sehr wichtig.","og_url":"https:\/\/santiburisamui.com\/de\/sustainability\/sustainable-cities-and-communities\/","og_site_name":"Santiburi Koh Samui","article_modified_time":"2024-11-21T09:30:06+00:00","og_image":[{"width":1920,"height":1341,"url":"https:\/\/santiburisamui.com\/wp-content\/uploads\/2024\/11\/03-santiburi-maenam-resort.jpg","type":"image\/jpeg"}],"twitter_card":"summary_large_image","twitter_misc":{"Gesch\u00e4tzte Lesezeit":"1\u00a0Minute"},"schema":{"@context":"https:\/\/schema.org","@graph":[{"@type":"WebPage","@id":"https:\/\/santiburisamui.com\/de\/sustainability\/sustainable-cities-and-communities\/","url":"https:\/\/santiburisamui.com\/de\/sustainability\/sustainable-cities-and-communities\/","name":"Sustainable Cities and Communities | Santiburi Koh Samui","isPartOf":{"@id":"https:\/\/santiburisamui.com\/de\/#website"},"primaryImageOfPage":{"@id":"https:\/\/santiburisamui.com\/de\/sustainability\/sustainable-cities-and-communities\/#primaryimage"},"image":{"@id":"https:\/\/santiburisamui.com\/de\/sustainability\/sustainable-cities-and-communities\/#primaryimage"},"thumbnailUrl":"https:\/\/santiburisamui.com\/wp-content\/uploads\/2024\/11\/03-santiburi-maenam-resort.jpg","datePublished":"2019-12-01T18:36:30+00:00","dateModified":"2024-11-21T09:30:06+00:00","description":"Der Aufbau nachhaltiger St\u00e4dte und Gemeinden ist ein zentraler Bestandteil der Resort-Politik. Bessere Lebensbedingungen f\u00fcr Anwohner und Besucher sind uns sehr wichtig.","breadcrumb":{"@id":"https:\/\/santiburisamui.com\/de\/sustainability\/sustainable-cities-and-communities\/#breadcrumb"},"inLanguage":"de","potentialAction":[{"@type":"ReadAction","target":["https:\/\/santiburisamui.com\/de\/sustainability\/sustainable-cities-and-communities\/"]}]},{"@type":"ImageObject","inLanguage":"de","@id":"https:\/\/santiburisamui.com\/de\/sustainability\/sustainable-cities-and-communities\/#primaryimage","url":"https:\/\/santiburisamui.com\/wp-content\/uploads\/2024\/11\/03-santiburi-maenam-resort.jpg","contentUrl":"https:\/\/santiburisamui.com\/wp-content\/uploads\/2024\/11\/03-santiburi-maenam-resort.jpg","width":1920,"height":1341},{"@type":"BreadcrumbList","@id":"https:\/\/santiburisamui.com\/de\/sustainability\/sustainable-cities-and-communities\/#breadcrumb","itemListElement":[{"@type":"ListItem","position":1,"name":"Home","item":"https:\/\/santiburisamui.com\/de\/"},{"@type":"ListItem","position":2,"name":"Nachhaltigkeit","item":"https:\/\/santiburisamui.com\/de\/sustainability\/"},{"@type":"ListItem","position":3,"name":"NACHHALTIGE ST\u00c4DTE UND GEMEINDEN"}]},{"@type":"WebSite","@id":"https:\/\/santiburisamui.com\/de\/#website","url":"https:\/\/santiburisamui.com\/de\/","name":"Santiburi Koh Samui","description":"","potentialAction":[{"@type":"SearchAction","target":{"@type":"EntryPoint","urlTemplate":"https:\/\/santiburisamui.com\/de\/?s={search_term_string}"},"query-input":{"@type":"PropertyValueSpecification","valueRequired":true,"valueName":"search_term_string"}}],"inLanguage":"de"}]}},"publishpress_future_action":{"enabled":false,"date":"2026-04-20 23:23:55","action":"change-status","newStatus":"draft","terms":[],"taxonomy":"translation_priority","extraData":[]},"publishpress_future_workflow_manual_trigger":{"enabledWorkflows":[]},"_links":{"self":[{"href":"https:\/\/santiburisamui.com\/de\/wp-json\/wp\/v2\/pages\/3934","targetHints":{"allow":["GET"]}}],"collection":[{"href":"https:\/\/santiburisamui.com\/de\/wp-json\/wp\/v2\/pages"}],"about":[{"href":"https:\/\/santiburisamui.com\/de\/wp-json\/wp\/v2\/types\/page"}],"author":[{"embeddable":true,"href":"https:\/\/santiburisamui.com\/de\/wp-json\/wp\/v2\/users\/16"}],"replies":[{"embeddable":true,"href":"https:\/\/santiburisamui.com\/de\/wp-json\/wp\/v2\/comments?post=3934"}],"version-history":[{"count":1,"href":"https:\/\/santiburisamui.com\/de\/wp-json\/wp\/v2\/pages\/3934\/revisions"}],"predecessor-version":[{"id":4297,"href":"https:\/\/santiburisamui.com\/de\/wp-json\/wp\/v2\/pages\/3934\/revisions\/4297"}],"up":[{"embeddable":true,"href":"https:\/\/santiburisamui.com\/de\/wp-json\/wp\/v2\/pages\/3960"}],"wp:featuredmedia":[{"embeddable":true,"href":"https:\/\/santiburisamui.com\/de\/wp-json\/wp\/v2\/media\/7740"}],"wp:attachment":[{"href":"https:\/\/santiburisamui.com\/de\/wp-json\/wp\/v2\/media?parent=3934"}],"curies":[{"name":"wp","href":"https:\/\/api.w.org\/{rel}","templated":true}]}}