{"id":3960,"date":"2019-08-05T02:53:58","date_gmt":"2019-08-04T19:53:58","guid":{"rendered":"https:\/\/santiburisamui.com\/sustainability\/"},"modified":"2024-11-21T16:30:18","modified_gmt":"2024-11-21T09:30:18","slug":"sustainability","status":"publish","type":"page","link":"https:\/\/santiburisamui.com\/de\/sustainability\/","title":{"rendered":"Nachhaltigkeit"},"content":{"rendered":"<div class=\"limited_w\"><strong>Nachhaltigkeit und soziale Verantwortung sind Teil der DNA von S Hotels &amp; Resorts. Wir begr\u00fc\u00dfen die Prinzipien des kulturellen Respekts und des kulturellen Austauschs, wir unterst\u00fctzen innovative Ma\u00dfnahmen zur Erhaltung der nat\u00fcrlichen Umwelt, wir sind stolz darauf, lokale Gemeinschaften zu sch\u00fctzen und weiterzuentwickeln, und mit Santiburi sind wir weltweit f\u00fcr unsere Leistungen anerkannt.<\/strong><\/p>\n<p><span style=\"font-weight: 400;\">Santiburi Koh Samui ist nicht nur das f\u00fchrende thail\u00e4ndische Luxus-Resort der Insel, sondern auch ein wichtiges und aktives Mitglied der Gesch\u00e4fts- und Tourismusgemeinschaft von Koh Samui. Das Resort ist seit fast 30 Jahren ein bedeutender lokaler Arbeitgeber und arbeitet eng mit den Beh\u00f6rden von Samui zusammen, um die nat\u00fcrliche Umwelt entlang der Nordk\u00fcste von Koh Samui so unber\u00fchrt wie m\u00f6glich zu halten.<\/span><\/p>\n<p><span style=\"font-weight: 400;\">Unser Best-Practice-Ansatz f\u00fcr Nachhaltigkeit umfasst die Umsetzung von Energie- und Wasserspar Strategien, das Recycling von Grauwasser und die Abfallwirtschaft, den Einsatz von nicht-chemischen Pestiziden im Garten, die Beschaffung lokaler Produkte bei jeder Gelegenheit und die Unterst\u00fctzung von Gemeinschaftsprojekten durch finanzielle oder freiwillige Unterst\u00fctzung. Durch seine Eigent\u00fcmergesellschaft Singha Estate unterst\u00fctzt Santiburi Koh Samui au\u00dferdem regionale Umweltinitiativen.<\/span><\/p>\n<p><span style=\"font-weight: 400;\">In Anerkennung dieser Aktivit\u00e4ten und unseres anhaltenden Engagements f\u00fcr die Umwelt wurde Santiburi mit dem Green Globe\u2122-Zertifikat ausgezeichnet \u2013 dem weltweit f\u00fchrenden Akkreditierungsstatus f\u00fcr nachhaltige Aktivit\u00e4ten im Tourismus- und Gastgewerbe.<\/span><\/p>\n<\/div>\n\n\n<div style=\"height:30px\" aria-hidden=\"true\" class=\"wp-block-spacer\"><\/div>\n\n\n\n<div class=\"stubs\"><div class=\"css_grid css_grid--halves\"><div class='css_grid_item'><div class='stub_container'><a class='stub--link' href='https:\/\/santiburisamui.com\/de\/sustainability\/life-on-land\/'><div class='stub--image'><img src='https:\/\/santiburisamui.com\/wp-content\/uploads\/2024\/11\/life-on-land.jpg' alt='Life On Land Image' \/><\/div><h2 class='stub--heading'>Life On Land<\/h2><\/a><\/div><\/div><div class='css_grid_item'><div class='stub_container'><a class='stub--link' href='https:\/\/santiburisamui.com\/de\/sustainability\/sustainable-cities-and-communities\/'><div class='stub--image'><img src='https:\/\/santiburisamui.com\/wp-content\/uploads\/2024\/11\/03-santiburi-maenam-resort-720x480.jpg' alt='NACHHALTIGE ST\u00c4DTE UND GEMEINDEN Image' \/><\/div><h2 class='stub--heading'>NACHHALTIGE ST\u00c4DTE UND GEMEINDEN<\/h2><\/a><\/div><\/div><div class='css_grid_item'><div class='stub_container'><a class='stub--link' href='https:\/\/santiburisamui.com\/de\/sustainability\/responsible-consumption-and-production\/'><div class='stub--image'><img src='https:\/\/santiburisamui.com\/wp-content\/uploads\/2024\/11\/santiburi-koh-samui_solar-cell-720x480.jpg' alt='Verantwortungsvoller Konsum und Produktion Image' \/><\/div><h2 class='stub--heading'>Verantwortungsvoller Konsum und Produktion<\/h2><\/a><\/div><\/div><div class='css_grid_item'><div class='stub_container'><a class='stub--link' href='https:\/\/santiburisamui.com\/de\/sustainability\/life-below-water\/'><div class='stub--image'><img src='https:\/\/santiburisamui.com\/wp-content\/uploads\/2024\/11\/sks_crab-release2024-5-720x480.jpg' alt='LEBEN UNTER WASSER Image' \/><\/div><h2 class='stub--heading'>LEBEN UNTER WASSER<\/h2><\/a><\/div><\/div><\/div><\/div>\n","protected":false},"excerpt":{"rendered":"<p>Nachhaltigkeit und soziale Verantwortung sind Teil der DNA von S Hotels &amp; Resorts. Wir begr\u00fc\u00dfen die Prinzipien des kulturellen Respekts und des kulturellen Austauschs, wir unterst\u00fctzen innovative Ma\u00dfnahmen zur Erhaltung der nat\u00fcrlichen Umwelt, wir sind stolz darauf, lokale Gemeinschaften zu sch\u00fctzen und weiterzuentwickeln, und mit Santiburi sind wir weltweit f\u00fcr unsere Leistungen anerkannt. Santiburi Koh [&hellip;]<\/p>\n","protected":false},"author":16,"featured_media":0,"parent":0,"menu_order":0,"comment_status":"closed","ping_status":"closed","template":"","meta":{"inline_featured_image":false,"footnotes":""},"class_list":["post-3960","page","type-page","status-publish","hentry"],"yoast_head":"<!-- This site is optimized with the Yoast SEO plugin v27.3 - https:\/\/yoast.com\/product\/yoast-seo-wordpress\/ -->\n<title>Sustainability | Santiburi Koh Samui<\/title>\n<meta name=\"description\" content=\"Nach einer Reihe bemerkenswerter Nachhaltigkeitspraktiken stellt Santiburi Koh Samui sicher, dass innovative Ans\u00e4tze zum Schutz der Umwelt verfolgt werden.\" \/>\n<meta name=\"robots\" content=\"index, follow, max-snippet:-1, max-image-preview:large, max-video-preview:-1\" \/>\n<link rel=\"canonical\" href=\"https:\/\/santiburisamui.com\/de\/sustainability\/\" \/>\n<meta property=\"og:locale\" content=\"de_DE\" \/>\n<meta property=\"og:type\" content=\"article\" \/>\n<meta property=\"og:title\" content=\"Sustainability | Santiburi Koh Samui\" \/>\n<meta property=\"og:description\" content=\"Nach einer Reihe bemerkenswerter Nachhaltigkeitspraktiken stellt Santiburi Koh Samui sicher, dass innovative Ans\u00e4tze zum Schutz der Umwelt verfolgt werden.\" \/>\n<meta property=\"og:url\" content=\"https:\/\/santiburisamui.com\/de\/sustainability\/\" \/>\n<meta property=\"og:site_name\" content=\"Santiburi Koh Samui\" \/>\n<meta property=\"article:modified_time\" content=\"2024-11-21T09:30:18+00:00\" \/>\n<meta property=\"og:image\" content=\"https:\/\/santiburisamui.com\/wp-content\/uploads\/2019\/10\/santiburi-koh-samui.jpg\" \/>\n\t<meta property=\"og:image:width\" content=\"1200\" \/>\n\t<meta property=\"og:image:height\" content=\"630\" \/>\n\t<meta property=\"og:image:type\" content=\"image\/jpeg\" \/>\n<meta name=\"twitter:card\" content=\"summary_large_image\" \/>\n<meta name=\"twitter:label1\" content=\"Gesch\u00e4tzte Lesezeit\" \/>\n\t<meta name=\"twitter:data1\" content=\"1\u00a0Minute\" \/>\n<script type=\"application\/ld+json\" class=\"yoast-schema-graph\">{\"@context\":\"https:\\\/\\\/schema.org\",\"@graph\":[{\"@type\":\"WebPage\",\"@id\":\"https:\\\/\\\/santiburisamui.com\\\/de\\\/sustainability\\\/\",\"url\":\"https:\\\/\\\/santiburisamui.com\\\/de\\\/sustainability\\\/\",\"name\":\"Sustainability | Santiburi Koh Samui\",\"isPartOf\":{\"@id\":\"https:\\\/\\\/santiburisamui.com\\\/de\\\/#website\"},\"datePublished\":\"2019-08-04T19:53:58+00:00\",\"dateModified\":\"2024-11-21T09:30:18+00:00\",\"description\":\"Nach einer Reihe bemerkenswerter Nachhaltigkeitspraktiken stellt Santiburi Koh Samui sicher, dass innovative Ans\u00e4tze zum Schutz der Umwelt verfolgt werden.\",\"breadcrumb\":{\"@id\":\"https:\\\/\\\/santiburisamui.com\\\/de\\\/sustainability\\\/#breadcrumb\"},\"inLanguage\":\"de\",\"potentialAction\":[{\"@type\":\"ReadAction\",\"target\":[\"https:\\\/\\\/santiburisamui.com\\\/de\\\/sustainability\\\/\"]}]},{\"@type\":\"BreadcrumbList\",\"@id\":\"https:\\\/\\\/santiburisamui.com\\\/de\\\/sustainability\\\/#breadcrumb\",\"itemListElement\":[{\"@type\":\"ListItem\",\"position\":1,\"name\":\"Home\",\"item\":\"https:\\\/\\\/santiburisamui.com\\\/de\\\/\"},{\"@type\":\"ListItem\",\"position\":2,\"name\":\"Nachhaltigkeit\"}]},{\"@type\":\"WebSite\",\"@id\":\"https:\\\/\\\/santiburisamui.com\\\/de\\\/#website\",\"url\":\"https:\\\/\\\/santiburisamui.com\\\/de\\\/\",\"name\":\"Santiburi Koh Samui\",\"description\":\"\",\"potentialAction\":[{\"@type\":\"SearchAction\",\"target\":{\"@type\":\"EntryPoint\",\"urlTemplate\":\"https:\\\/\\\/santiburisamui.com\\\/de\\\/?s={search_term_string}\"},\"query-input\":{\"@type\":\"PropertyValueSpecification\",\"valueRequired\":true,\"valueName\":\"search_term_string\"}}],\"inLanguage\":\"de\"}]}<\/script>\n<!-- \/ Yoast SEO plugin. -->","yoast_head_json":{"title":"Sustainability | Santiburi Koh Samui","description":"Nach einer Reihe bemerkenswerter Nachhaltigkeitspraktiken stellt Santiburi Koh Samui sicher, dass innovative Ans\u00e4tze zum Schutz der Umwelt verfolgt werden.","robots":{"index":"index","follow":"follow","max-snippet":"max-snippet:-1","max-image-preview":"max-image-preview:large","max-video-preview":"max-video-preview:-1"},"canonical":"https:\/\/santiburisamui.com\/de\/sustainability\/","og_locale":"de_DE","og_type":"article","og_title":"Sustainability | Santiburi Koh Samui","og_description":"Nach einer Reihe bemerkenswerter Nachhaltigkeitspraktiken stellt Santiburi Koh Samui sicher, dass innovative Ans\u00e4tze zum Schutz der Umwelt verfolgt werden.","og_url":"https:\/\/santiburisamui.com\/de\/sustainability\/","og_site_name":"Santiburi Koh Samui","article_modified_time":"2024-11-21T09:30:18+00:00","og_image":[{"width":1200,"height":630,"url":"https:\/\/santiburisamui.com\/wp-content\/uploads\/2019\/10\/santiburi-koh-samui.jpg","type":"image\/jpeg"}],"twitter_card":"summary_large_image","twitter_misc":{"Gesch\u00e4tzte Lesezeit":"1\u00a0Minute"},"schema":{"@context":"https:\/\/schema.org","@graph":[{"@type":"WebPage","@id":"https:\/\/santiburisamui.com\/de\/sustainability\/","url":"https:\/\/santiburisamui.com\/de\/sustainability\/","name":"Sustainability | Santiburi Koh Samui","isPartOf":{"@id":"https:\/\/santiburisamui.com\/de\/#website"},"datePublished":"2019-08-04T19:53:58+00:00","dateModified":"2024-11-21T09:30:18+00:00","description":"Nach einer Reihe bemerkenswerter Nachhaltigkeitspraktiken stellt Santiburi Koh Samui sicher, dass innovative Ans\u00e4tze zum Schutz der Umwelt verfolgt werden.","breadcrumb":{"@id":"https:\/\/santiburisamui.com\/de\/sustainability\/#breadcrumb"},"inLanguage":"de","potentialAction":[{"@type":"ReadAction","target":["https:\/\/santiburisamui.com\/de\/sustainability\/"]}]},{"@type":"BreadcrumbList","@id":"https:\/\/santiburisamui.com\/de\/sustainability\/#breadcrumb","itemListElement":[{"@type":"ListItem","position":1,"name":"Home","item":"https:\/\/santiburisamui.com\/de\/"},{"@type":"ListItem","position":2,"name":"Nachhaltigkeit"}]},{"@type":"WebSite","@id":"https:\/\/santiburisamui.com\/de\/#website","url":"https:\/\/santiburisamui.com\/de\/","name":"Santiburi Koh Samui","description":"","potentialAction":[{"@type":"SearchAction","target":{"@type":"EntryPoint","urlTemplate":"https:\/\/santiburisamui.com\/de\/?s={search_term_string}"},"query-input":{"@type":"PropertyValueSpecification","valueRequired":true,"valueName":"search_term_string"}}],"inLanguage":"de"}]}},"publishpress_future_action":{"enabled":false,"date":"2026-04-20 22:13:03","action":"change-status","newStatus":"draft","terms":[],"taxonomy":"translation_priority","extraData":[]},"publishpress_future_workflow_manual_trigger":{"enabledWorkflows":[]},"_links":{"self":[{"href":"https:\/\/santiburisamui.com\/de\/wp-json\/wp\/v2\/pages\/3960","targetHints":{"allow":["GET"]}}],"collection":[{"href":"https:\/\/santiburisamui.com\/de\/wp-json\/wp\/v2\/pages"}],"about":[{"href":"https:\/\/santiburisamui.com\/de\/wp-json\/wp\/v2\/types\/page"}],"author":[{"embeddable":true,"href":"https:\/\/santiburisamui.com\/de\/wp-json\/wp\/v2\/users\/16"}],"replies":[{"embeddable":true,"href":"https:\/\/santiburisamui.com\/de\/wp-json\/wp\/v2\/comments?post=3960"}],"version-history":[{"count":5,"href":"https:\/\/santiburisamui.com\/de\/wp-json\/wp\/v2\/pages\/3960\/revisions"}],"predecessor-version":[{"id":7789,"href":"https:\/\/santiburisamui.com\/de\/wp-json\/wp\/v2\/pages\/3960\/revisions\/7789"}],"wp:attachment":[{"href":"https:\/\/santiburisamui.com\/de\/wp-json\/wp\/v2\/media?parent=3960"}],"curies":[{"name":"wp","href":"https:\/\/api.w.org\/{rel}","templated":true}]}}