{"id":3965,"date":"2019-08-05T02:53:34","date_gmt":"2019-08-04T19:53:34","guid":{"rendered":"https:\/\/santiburisamui.com\/weddings\/"},"modified":"2025-03-18T14:45:56","modified_gmt":"2025-03-18T07:45:56","slug":"weddings","status":"publish","type":"page","link":"https:\/\/santiburisamui.com\/de\/weddings\/","title":{"rendered":"Hochzeiten"},"content":{"rendered":"<p>Tr\u00e4umen Sie von einer Hochzeit im Paradies? Bei Santiburi Koh Samui sorgen wir daf\u00fcr, dass Ihre Tr\u00e4ume wahr werden. Wir bieten ein unvergleichliches Hochzeitserlebnis. Pers\u00f6nlicher Service und luxuri\u00f6se Unterkunft, wundersch\u00f6ne Umgebung, k\u00f6stliches Essen und aufregende Aktivit\u00e4ten inmitten des magischen Paradieses von Koh Samui. Unsere intuitiven und fachkundigen Hochzeitskoordinatoren sorgen f\u00fcr ein Erlebnis, das Ihnen und Ihren G\u00e4sten f\u00fcr immer in Erinnerung bleiben wird.<\/p>\n","protected":false},"excerpt":{"rendered":"<p>Tr\u00e4umen Sie von einer Hochzeit im Paradies? Bei Santiburi Koh Samui sorgen wir daf\u00fcr, dass Ihre Tr\u00e4ume wahr werden. Wir bieten ein unvergleichliches Hochzeitserlebnis. Pers\u00f6nlicher Service und luxuri\u00f6se Unterkunft, wundersch\u00f6ne Umgebung, k\u00f6stliches Essen und aufregende Aktivit\u00e4ten inmitten des magischen Paradieses von Koh Samui. Unsere intuitiven und fachkundigen Hochzeitskoordinatoren sorgen f\u00fcr ein Erlebnis, das Ihnen und [&hellip;]<\/p>\n","protected":false},"author":16,"featured_media":3258,"parent":0,"menu_order":0,"comment_status":"closed","ping_status":"closed","template":"template-wedding-page.php","meta":{"inline_featured_image":false,"footnotes":""},"class_list":["post-3965","page","type-page","status-publish","has-post-thumbnail","hentry"],"yoast_head":"<!-- This site is optimized with the Yoast SEO plugin v27.4 - https:\/\/yoast.com\/product\/yoast-seo-wordpress\/ -->\n<title>Beach Weddings Koh Samui | Santiburi Koh Samui<\/title>\n<meta name=\"description\" content=\"Haben Sie Lust auf Strandhochzeiten? Koh Samui ist eine paradiesische Insel mystischer Romantik und exotischer Aussichten, eine ideale Wahl f\u00fcr eine Hochzeit.\" \/>\n<meta name=\"robots\" content=\"index, follow, max-snippet:-1, max-image-preview:large, max-video-preview:-1\" \/>\n<link rel=\"canonical\" href=\"https:\/\/santiburisamui.com\/de\/weddings\/\" \/>\n<meta property=\"og:locale\" content=\"de_DE\" \/>\n<meta property=\"og:type\" content=\"article\" \/>\n<meta property=\"og:title\" content=\"Beach Weddings Koh Samui | Santiburi Koh Samui\" \/>\n<meta property=\"og:description\" content=\"Haben Sie Lust auf Strandhochzeiten? Koh Samui ist eine paradiesische Insel mystischer Romantik und exotischer Aussichten, eine ideale Wahl f\u00fcr eine Hochzeit.\" \/>\n<meta property=\"og:url\" content=\"https:\/\/santiburisamui.com\/de\/weddings\/\" \/>\n<meta property=\"og:site_name\" content=\"Santiburi Koh Samui\" \/>\n<meta property=\"article:modified_time\" content=\"2025-03-18T07:45:56+00:00\" \/>\n<meta property=\"og:image\" content=\"https:\/\/santiburisamui.com\/wp-content\/uploads\/2019\/09\/santiburi-wedding-arch.jpg\" \/>\n\t<meta property=\"og:image:width\" content=\"2000\" \/>\n\t<meta property=\"og:image:height\" content=\"1333\" \/>\n\t<meta property=\"og:image:type\" content=\"image\/jpeg\" \/>\n<meta name=\"twitter:card\" content=\"summary_large_image\" \/>\n<meta name=\"twitter:label1\" content=\"Gesch\u00e4tzte Lesezeit\" \/>\n\t<meta name=\"twitter:data1\" content=\"1\u00a0Minute\" \/>\n<script type=\"application\/ld+json\" class=\"yoast-schema-graph\">{\"@context\":\"https:\\\/\\\/schema.org\",\"@graph\":[{\"@type\":\"WebPage\",\"@id\":\"https:\\\/\\\/santiburisamui.com\\\/de\\\/weddings\\\/\",\"url\":\"https:\\\/\\\/santiburisamui.com\\\/de\\\/weddings\\\/\",\"name\":\"Beach Weddings Koh Samui | Santiburi Koh Samui\",\"isPartOf\":{\"@id\":\"https:\\\/\\\/santiburisamui.com\\\/de\\\/#website\"},\"primaryImageOfPage\":{\"@id\":\"https:\\\/\\\/santiburisamui.com\\\/de\\\/weddings\\\/#primaryimage\"},\"image\":{\"@id\":\"https:\\\/\\\/santiburisamui.com\\\/de\\\/weddings\\\/#primaryimage\"},\"thumbnailUrl\":\"https:\\\/\\\/santiburisamui.com\\\/wp-content\\\/uploads\\\/2019\\\/09\\\/santiburi-wedding-arch.jpg\",\"datePublished\":\"2019-08-04T19:53:34+00:00\",\"dateModified\":\"2025-03-18T07:45:56+00:00\",\"description\":\"Haben Sie Lust auf Strandhochzeiten? Koh Samui ist eine paradiesische Insel mystischer Romantik und exotischer Aussichten, eine ideale Wahl f\u00fcr eine Hochzeit.\",\"breadcrumb\":{\"@id\":\"https:\\\/\\\/santiburisamui.com\\\/de\\\/weddings\\\/#breadcrumb\"},\"inLanguage\":\"de\",\"potentialAction\":[{\"@type\":\"ReadAction\",\"target\":[\"https:\\\/\\\/santiburisamui.com\\\/de\\\/weddings\\\/\"]}]},{\"@type\":\"ImageObject\",\"inLanguage\":\"de\",\"@id\":\"https:\\\/\\\/santiburisamui.com\\\/de\\\/weddings\\\/#primaryimage\",\"url\":\"https:\\\/\\\/santiburisamui.com\\\/wp-content\\\/uploads\\\/2019\\\/09\\\/santiburi-wedding-arch.jpg\",\"contentUrl\":\"https:\\\/\\\/santiburisamui.com\\\/wp-content\\\/uploads\\\/2019\\\/09\\\/santiburi-wedding-arch.jpg\",\"width\":2000,\"height\":1333},{\"@type\":\"BreadcrumbList\",\"@id\":\"https:\\\/\\\/santiburisamui.com\\\/de\\\/weddings\\\/#breadcrumb\",\"itemListElement\":[{\"@type\":\"ListItem\",\"position\":1,\"name\":\"Home\",\"item\":\"https:\\\/\\\/santiburisamui.com\\\/de\\\/\"},{\"@type\":\"ListItem\",\"position\":2,\"name\":\"Hochzeiten\"}]},{\"@type\":\"WebSite\",\"@id\":\"https:\\\/\\\/santiburisamui.com\\\/de\\\/#website\",\"url\":\"https:\\\/\\\/santiburisamui.com\\\/de\\\/\",\"name\":\"Santiburi Koh Samui\",\"description\":\"\",\"potentialAction\":[{\"@type\":\"SearchAction\",\"target\":{\"@type\":\"EntryPoint\",\"urlTemplate\":\"https:\\\/\\\/santiburisamui.com\\\/de\\\/?s={search_term_string}\"},\"query-input\":{\"@type\":\"PropertyValueSpecification\",\"valueRequired\":true,\"valueName\":\"search_term_string\"}}],\"inLanguage\":\"de\"}]}<\/script>\n<!-- \/ Yoast SEO plugin. -->","yoast_head_json":{"title":"Beach Weddings Koh Samui | Santiburi Koh Samui","description":"Haben Sie Lust auf Strandhochzeiten? Koh Samui ist eine paradiesische Insel mystischer Romantik und exotischer Aussichten, eine ideale Wahl f\u00fcr eine Hochzeit.","robots":{"index":"index","follow":"follow","max-snippet":"max-snippet:-1","max-image-preview":"max-image-preview:large","max-video-preview":"max-video-preview:-1"},"canonical":"https:\/\/santiburisamui.com\/de\/weddings\/","og_locale":"de_DE","og_type":"article","og_title":"Beach Weddings Koh Samui | Santiburi Koh Samui","og_description":"Haben Sie Lust auf Strandhochzeiten? Koh Samui ist eine paradiesische Insel mystischer Romantik und exotischer Aussichten, eine ideale Wahl f\u00fcr eine Hochzeit.","og_url":"https:\/\/santiburisamui.com\/de\/weddings\/","og_site_name":"Santiburi Koh Samui","article_modified_time":"2025-03-18T07:45:56+00:00","og_image":[{"width":2000,"height":1333,"url":"https:\/\/santiburisamui.com\/wp-content\/uploads\/2019\/09\/santiburi-wedding-arch.jpg","type":"image\/jpeg"}],"twitter_card":"summary_large_image","twitter_misc":{"Gesch\u00e4tzte Lesezeit":"1\u00a0Minute"},"schema":{"@context":"https:\/\/schema.org","@graph":[{"@type":"WebPage","@id":"https:\/\/santiburisamui.com\/de\/weddings\/","url":"https:\/\/santiburisamui.com\/de\/weddings\/","name":"Beach Weddings Koh Samui | Santiburi Koh Samui","isPartOf":{"@id":"https:\/\/santiburisamui.com\/de\/#website"},"primaryImageOfPage":{"@id":"https:\/\/santiburisamui.com\/de\/weddings\/#primaryimage"},"image":{"@id":"https:\/\/santiburisamui.com\/de\/weddings\/#primaryimage"},"thumbnailUrl":"https:\/\/santiburisamui.com\/wp-content\/uploads\/2019\/09\/santiburi-wedding-arch.jpg","datePublished":"2019-08-04T19:53:34+00:00","dateModified":"2025-03-18T07:45:56+00:00","description":"Haben Sie Lust auf Strandhochzeiten? Koh Samui ist eine paradiesische Insel mystischer Romantik und exotischer Aussichten, eine ideale Wahl f\u00fcr eine Hochzeit.","breadcrumb":{"@id":"https:\/\/santiburisamui.com\/de\/weddings\/#breadcrumb"},"inLanguage":"de","potentialAction":[{"@type":"ReadAction","target":["https:\/\/santiburisamui.com\/de\/weddings\/"]}]},{"@type":"ImageObject","inLanguage":"de","@id":"https:\/\/santiburisamui.com\/de\/weddings\/#primaryimage","url":"https:\/\/santiburisamui.com\/wp-content\/uploads\/2019\/09\/santiburi-wedding-arch.jpg","contentUrl":"https:\/\/santiburisamui.com\/wp-content\/uploads\/2019\/09\/santiburi-wedding-arch.jpg","width":2000,"height":1333},{"@type":"BreadcrumbList","@id":"https:\/\/santiburisamui.com\/de\/weddings\/#breadcrumb","itemListElement":[{"@type":"ListItem","position":1,"name":"Home","item":"https:\/\/santiburisamui.com\/de\/"},{"@type":"ListItem","position":2,"name":"Hochzeiten"}]},{"@type":"WebSite","@id":"https:\/\/santiburisamui.com\/de\/#website","url":"https:\/\/santiburisamui.com\/de\/","name":"Santiburi Koh Samui","description":"","potentialAction":[{"@type":"SearchAction","target":{"@type":"EntryPoint","urlTemplate":"https:\/\/santiburisamui.com\/de\/?s={search_term_string}"},"query-input":{"@type":"PropertyValueSpecification","valueRequired":true,"valueName":"search_term_string"}}],"inLanguage":"de"}]}},"publishpress_future_action":{"enabled":false,"date":"2026-04-23 01:55:55","action":"change-status","newStatus":"draft","terms":[],"taxonomy":"translation_priority","extraData":[]},"publishpress_future_workflow_manual_trigger":{"enabledWorkflows":[]},"_links":{"self":[{"href":"https:\/\/santiburisamui.com\/de\/wp-json\/wp\/v2\/pages\/3965","targetHints":{"allow":["GET"]}}],"collection":[{"href":"https:\/\/santiburisamui.com\/de\/wp-json\/wp\/v2\/pages"}],"about":[{"href":"https:\/\/santiburisamui.com\/de\/wp-json\/wp\/v2\/types\/page"}],"author":[{"embeddable":true,"href":"https:\/\/santiburisamui.com\/de\/wp-json\/wp\/v2\/users\/16"}],"replies":[{"embeddable":true,"href":"https:\/\/santiburisamui.com\/de\/wp-json\/wp\/v2\/comments?post=3965"}],"version-history":[{"count":3,"href":"https:\/\/santiburisamui.com\/de\/wp-json\/wp\/v2\/pages\/3965\/revisions"}],"predecessor-version":[{"id":9301,"href":"https:\/\/santiburisamui.com\/de\/wp-json\/wp\/v2\/pages\/3965\/revisions\/9301"}],"wp:featuredmedia":[{"embeddable":true,"href":"https:\/\/santiburisamui.com\/de\/wp-json\/wp\/v2\/media\/3258"}],"wp:attachment":[{"href":"https:\/\/santiburisamui.com\/de\/wp-json\/wp\/v2\/media?parent=3965"}],"curies":[{"name":"wp","href":"https:\/\/api.w.org\/{rel}","templated":true}]}}