{"id":3967,"date":"2019-08-05T02:52:50","date_gmt":"2019-08-04T19:52:50","guid":{"rendered":"https:\/\/santiburisamui.com\/things-to-do\/santiburi-golf\/"},"modified":"2025-12-01T16:58:37","modified_gmt":"2025-12-01T09:58:37","slug":"santiburi-golf","status":"publish","type":"page","link":"https:\/\/santiburisamui.com\/de\/things-to-do\/santiburi-golf\/","title":{"rendered":"Santiburi Golf"},"content":{"rendered":"<p>Ein Golfplatz mit einer sanft h\u00fcgeligen Landschaft und perfekten Gr\u00fcns erwartet Sie:<br \/>\nDer Santiburi Samui Country Club liegt an der malerischen Nordk\u00fcste der Insel inmitten einer Kokosnussplantage mit Blick auf den Golf von Thailand bis hin zur Nachbarinsel Koh Phangan.<br \/>\nGenie\u00dfen Sie auf Ihrer Runde die \u00fcppige Landschaft mit Palmenhainen, Wasserf\u00e4llen, B\u00e4chen und felsigem K\u00fcstengel\u00e4nde.<\/p>\n<p>Der Platz ist nur 10 Minuten vom Resort entfernt. Santiburi Hotel &#8211; G\u00e4ste erhalten bevorzugte Abschlagzeiten.<br \/>\nDer (Hin und R\u00fcck) Shuttle zum Hotel kostet TB 600. Privatstunden mit Santiburi&#8217;s Swing Doctor k\u00f6nnen ebenfalls reserviert werden.<\/p>\n<p>Greenfee THB 4.500<\/p>\n<p>Golfwagen THB 750<\/p>\n<p>Caddie THB 550<\/p>\n","protected":false},"excerpt":{"rendered":"<p>Ein Golfplatz mit einer sanft h\u00fcgeligen Landschaft und perfekten Gr\u00fcns erwartet Sie: Der Santiburi Samui Country Club liegt an der malerischen Nordk\u00fcste der Insel inmitten einer Kokosnussplantage mit Blick auf den Golf von Thailand bis hin zur Nachbarinsel Koh Phangan. Genie\u00dfen Sie auf Ihrer Runde die \u00fcppige Landschaft mit Palmenhainen, Wasserf\u00e4llen, B\u00e4chen und felsigem K\u00fcstengel\u00e4nde. [&hellip;]<\/p>\n","protected":false},"author":16,"featured_media":3216,"parent":3888,"menu_order":0,"comment_status":"closed","ping_status":"closed","template":"template-golf-page.php","meta":{"inline_featured_image":false,"footnotes":""},"class_list":["post-3967","page","type-page","status-publish","has-post-thumbnail","hentry"],"yoast_head":"<!-- This site is optimized with the Yoast SEO plugin v27.4 - https:\/\/yoast.com\/product\/yoast-seo-wordpress\/ -->\n<title>Golf in Koh Samui | Santiburi Koh Samui<\/title>\n<meta name=\"description\" content=\"F\u00fcr einen unvergesslichen Urlaub spielen Sie Golf auf Koh Samui im Santiburi Koh Samui, wo sich ein 18-Loch-Championship-Golfplatz f\u00fcr den Golfliebhaber befindet!\" \/>\n<meta name=\"robots\" content=\"index, follow, max-snippet:-1, max-image-preview:large, max-video-preview:-1\" \/>\n<link rel=\"canonical\" href=\"https:\/\/santiburisamui.com\/de\/things-to-do\/santiburi-golf\/\" \/>\n<meta property=\"og:locale\" content=\"de_DE\" \/>\n<meta property=\"og:type\" content=\"article\" \/>\n<meta property=\"og:title\" content=\"Golf in Koh Samui | Santiburi Koh Samui\" \/>\n<meta property=\"og:description\" content=\"F\u00fcr einen unvergesslichen Urlaub spielen Sie Golf auf Koh Samui im Santiburi Koh Samui, wo sich ein 18-Loch-Championship-Golfplatz f\u00fcr den Golfliebhaber befindet!\" \/>\n<meta property=\"og:url\" content=\"https:\/\/santiburisamui.com\/de\/things-to-do\/santiburi-golf\/\" \/>\n<meta property=\"og:site_name\" content=\"Santiburi Koh Samui\" \/>\n<meta property=\"article:modified_time\" content=\"2025-12-01T09:58:37+00:00\" \/>\n<meta property=\"og:image\" content=\"https:\/\/santiburisamui.com\/wp-content\/uploads\/2019\/09\/santiburi-golf.jpg\" \/>\n\t<meta property=\"og:image:width\" content=\"2000\" \/>\n\t<meta property=\"og:image:height\" content=\"1330\" \/>\n\t<meta property=\"og:image:type\" content=\"image\/jpeg\" \/>\n<meta name=\"twitter:card\" content=\"summary_large_image\" \/>\n<meta name=\"twitter:label1\" content=\"Gesch\u00e4tzte Lesezeit\" \/>\n\t<meta name=\"twitter:data1\" content=\"1\u00a0Minute\" \/>\n<script type=\"application\/ld+json\" class=\"yoast-schema-graph\">{\"@context\":\"https:\\\/\\\/schema.org\",\"@graph\":[{\"@type\":\"WebPage\",\"@id\":\"https:\\\/\\\/santiburisamui.com\\\/de\\\/things-to-do\\\/santiburi-golf\\\/\",\"url\":\"https:\\\/\\\/santiburisamui.com\\\/de\\\/things-to-do\\\/santiburi-golf\\\/\",\"name\":\"Golf in Koh Samui | Santiburi Koh Samui\",\"isPartOf\":{\"@id\":\"https:\\\/\\\/santiburisamui.com\\\/de\\\/#website\"},\"primaryImageOfPage\":{\"@id\":\"https:\\\/\\\/santiburisamui.com\\\/de\\\/things-to-do\\\/santiburi-golf\\\/#primaryimage\"},\"image\":{\"@id\":\"https:\\\/\\\/santiburisamui.com\\\/de\\\/things-to-do\\\/santiburi-golf\\\/#primaryimage\"},\"thumbnailUrl\":\"https:\\\/\\\/santiburisamui.com\\\/wp-content\\\/uploads\\\/2019\\\/09\\\/santiburi-golf.jpg\",\"datePublished\":\"2019-08-04T19:52:50+00:00\",\"dateModified\":\"2025-12-01T09:58:37+00:00\",\"description\":\"F\u00fcr einen unvergesslichen Urlaub spielen Sie Golf auf Koh Samui im Santiburi Koh Samui, wo sich ein 18-Loch-Championship-Golfplatz f\u00fcr den Golfliebhaber befindet!\",\"breadcrumb\":{\"@id\":\"https:\\\/\\\/santiburisamui.com\\\/de\\\/things-to-do\\\/santiburi-golf\\\/#breadcrumb\"},\"inLanguage\":\"de\",\"potentialAction\":[{\"@type\":\"ReadAction\",\"target\":[\"https:\\\/\\\/santiburisamui.com\\\/de\\\/things-to-do\\\/santiburi-golf\\\/\"]}]},{\"@type\":\"ImageObject\",\"inLanguage\":\"de\",\"@id\":\"https:\\\/\\\/santiburisamui.com\\\/de\\\/things-to-do\\\/santiburi-golf\\\/#primaryimage\",\"url\":\"https:\\\/\\\/santiburisamui.com\\\/wp-content\\\/uploads\\\/2019\\\/09\\\/santiburi-golf.jpg\",\"contentUrl\":\"https:\\\/\\\/santiburisamui.com\\\/wp-content\\\/uploads\\\/2019\\\/09\\\/santiburi-golf.jpg\",\"width\":2000,\"height\":1330},{\"@type\":\"BreadcrumbList\",\"@id\":\"https:\\\/\\\/santiburisamui.com\\\/de\\\/things-to-do\\\/santiburi-golf\\\/#breadcrumb\",\"itemListElement\":[{\"@type\":\"ListItem\",\"position\":1,\"name\":\"Home\",\"item\":\"https:\\\/\\\/santiburisamui.com\\\/de\\\/\"},{\"@type\":\"ListItem\",\"position\":2,\"name\":\"AKTIVIT\u00c4TEN\",\"item\":\"https:\\\/\\\/santiburisamui.com\\\/de\\\/things-to-do\\\/\"},{\"@type\":\"ListItem\",\"position\":3,\"name\":\"Santiburi Golf\"}]},{\"@type\":\"WebSite\",\"@id\":\"https:\\\/\\\/santiburisamui.com\\\/de\\\/#website\",\"url\":\"https:\\\/\\\/santiburisamui.com\\\/de\\\/\",\"name\":\"Santiburi Koh Samui\",\"description\":\"\",\"potentialAction\":[{\"@type\":\"SearchAction\",\"target\":{\"@type\":\"EntryPoint\",\"urlTemplate\":\"https:\\\/\\\/santiburisamui.com\\\/de\\\/?s={search_term_string}\"},\"query-input\":{\"@type\":\"PropertyValueSpecification\",\"valueRequired\":true,\"valueName\":\"search_term_string\"}}],\"inLanguage\":\"de\"}]}<\/script>\n<!-- \/ Yoast SEO plugin. -->","yoast_head_json":{"title":"Golf in Koh Samui | Santiburi Koh Samui","description":"F\u00fcr einen unvergesslichen Urlaub spielen Sie Golf auf Koh Samui im Santiburi Koh Samui, wo sich ein 18-Loch-Championship-Golfplatz f\u00fcr den Golfliebhaber befindet!","robots":{"index":"index","follow":"follow","max-snippet":"max-snippet:-1","max-image-preview":"max-image-preview:large","max-video-preview":"max-video-preview:-1"},"canonical":"https:\/\/santiburisamui.com\/de\/things-to-do\/santiburi-golf\/","og_locale":"de_DE","og_type":"article","og_title":"Golf in Koh Samui | Santiburi Koh Samui","og_description":"F\u00fcr einen unvergesslichen Urlaub spielen Sie Golf auf Koh Samui im Santiburi Koh Samui, wo sich ein 18-Loch-Championship-Golfplatz f\u00fcr den Golfliebhaber befindet!","og_url":"https:\/\/santiburisamui.com\/de\/things-to-do\/santiburi-golf\/","og_site_name":"Santiburi Koh Samui","article_modified_time":"2025-12-01T09:58:37+00:00","og_image":[{"width":2000,"height":1330,"url":"https:\/\/santiburisamui.com\/wp-content\/uploads\/2019\/09\/santiburi-golf.jpg","type":"image\/jpeg"}],"twitter_card":"summary_large_image","twitter_misc":{"Gesch\u00e4tzte Lesezeit":"1\u00a0Minute"},"schema":{"@context":"https:\/\/schema.org","@graph":[{"@type":"WebPage","@id":"https:\/\/santiburisamui.com\/de\/things-to-do\/santiburi-golf\/","url":"https:\/\/santiburisamui.com\/de\/things-to-do\/santiburi-golf\/","name":"Golf in Koh Samui | Santiburi Koh Samui","isPartOf":{"@id":"https:\/\/santiburisamui.com\/de\/#website"},"primaryImageOfPage":{"@id":"https:\/\/santiburisamui.com\/de\/things-to-do\/santiburi-golf\/#primaryimage"},"image":{"@id":"https:\/\/santiburisamui.com\/de\/things-to-do\/santiburi-golf\/#primaryimage"},"thumbnailUrl":"https:\/\/santiburisamui.com\/wp-content\/uploads\/2019\/09\/santiburi-golf.jpg","datePublished":"2019-08-04T19:52:50+00:00","dateModified":"2025-12-01T09:58:37+00:00","description":"F\u00fcr einen unvergesslichen Urlaub spielen Sie Golf auf Koh Samui im Santiburi Koh Samui, wo sich ein 18-Loch-Championship-Golfplatz f\u00fcr den Golfliebhaber befindet!","breadcrumb":{"@id":"https:\/\/santiburisamui.com\/de\/things-to-do\/santiburi-golf\/#breadcrumb"},"inLanguage":"de","potentialAction":[{"@type":"ReadAction","target":["https:\/\/santiburisamui.com\/de\/things-to-do\/santiburi-golf\/"]}]},{"@type":"ImageObject","inLanguage":"de","@id":"https:\/\/santiburisamui.com\/de\/things-to-do\/santiburi-golf\/#primaryimage","url":"https:\/\/santiburisamui.com\/wp-content\/uploads\/2019\/09\/santiburi-golf.jpg","contentUrl":"https:\/\/santiburisamui.com\/wp-content\/uploads\/2019\/09\/santiburi-golf.jpg","width":2000,"height":1330},{"@type":"BreadcrumbList","@id":"https:\/\/santiburisamui.com\/de\/things-to-do\/santiburi-golf\/#breadcrumb","itemListElement":[{"@type":"ListItem","position":1,"name":"Home","item":"https:\/\/santiburisamui.com\/de\/"},{"@type":"ListItem","position":2,"name":"AKTIVIT\u00c4TEN","item":"https:\/\/santiburisamui.com\/de\/things-to-do\/"},{"@type":"ListItem","position":3,"name":"Santiburi Golf"}]},{"@type":"WebSite","@id":"https:\/\/santiburisamui.com\/de\/#website","url":"https:\/\/santiburisamui.com\/de\/","name":"Santiburi Koh Samui","description":"","potentialAction":[{"@type":"SearchAction","target":{"@type":"EntryPoint","urlTemplate":"https:\/\/santiburisamui.com\/de\/?s={search_term_string}"},"query-input":{"@type":"PropertyValueSpecification","valueRequired":true,"valueName":"search_term_string"}}],"inLanguage":"de"}]}},"publishpress_future_action":{"enabled":false,"date":"2026-04-22 17:02:09","action":"change-status","newStatus":"draft","terms":[],"taxonomy":"translation_priority","extraData":[]},"publishpress_future_workflow_manual_trigger":{"enabledWorkflows":[]},"_links":{"self":[{"href":"https:\/\/santiburisamui.com\/de\/wp-json\/wp\/v2\/pages\/3967","targetHints":{"allow":["GET"]}}],"collection":[{"href":"https:\/\/santiburisamui.com\/de\/wp-json\/wp\/v2\/pages"}],"about":[{"href":"https:\/\/santiburisamui.com\/de\/wp-json\/wp\/v2\/types\/page"}],"author":[{"embeddable":true,"href":"https:\/\/santiburisamui.com\/de\/wp-json\/wp\/v2\/users\/16"}],"replies":[{"embeddable":true,"href":"https:\/\/santiburisamui.com\/de\/wp-json\/wp\/v2\/comments?post=3967"}],"version-history":[{"count":5,"href":"https:\/\/santiburisamui.com\/de\/wp-json\/wp\/v2\/pages\/3967\/revisions"}],"predecessor-version":[{"id":10560,"href":"https:\/\/santiburisamui.com\/de\/wp-json\/wp\/v2\/pages\/3967\/revisions\/10560"}],"up":[{"embeddable":true,"href":"https:\/\/santiburisamui.com\/de\/wp-json\/wp\/v2\/pages\/3888"}],"wp:featuredmedia":[{"embeddable":true,"href":"https:\/\/santiburisamui.com\/de\/wp-json\/wp\/v2\/media\/3216"}],"wp:attachment":[{"href":"https:\/\/santiburisamui.com\/de\/wp-json\/wp\/v2\/media?parent=3967"}],"curies":[{"name":"wp","href":"https:\/\/api.w.org\/{rel}","templated":true}]}}