{"id":3972,"date":"2019-08-05T02:51:35","date_gmt":"2019-08-04T19:51:35","guid":{"rendered":"https:\/\/santiburisamui.com\/things-to-do\/len-spa\/"},"modified":"2025-03-19T11:09:09","modified_gmt":"2025-03-19T04:09:09","slug":"santiburi-spa","status":"publish","type":"page","link":"https:\/\/santiburisamui.com\/de\/things-to-do\/santiburi-spa\/","title":{"rendered":"Santiburi Spa"},"content":{"rendered":"<p>Feel the magic of Santiburi Spa\u2019s blending of tradition and innovation and enjoy the peaceful, calming, and luxurious ambiance that is distinctly Santiburi.<\/p>\n<p>Meander along the red-brick pathway inspired by the ancient Kingdom of Ayutthaya and feel the magic. We offer the best contemporary treatments and therapies blended with the wisdom of southern Thai massage traditions. All treatments draw from natural therapies and are designed to restore a profound sense of balance. Local ingredients, such as coconut, rice, jasmine, betel leaves and Thai silk are used to heighten your sensation.<\/p>\n<p>Befitting of a Thai palace, the spa is a symphony of elaborate carved wood-panels, highly-polished mahogany flooring, luxurious Thai silk and traditional decor. Our facilities include a Turkish massage table, indoor baths, outdoor deep soaking tubs, traditional Thai massage rooms and a special photographic studio where guests can have a souvenir photo taken in traditional Thai dress.<\/p>\n<p>Our reputation for excellence and heritage is unrivalled in Thailand. Our unique wellbeing treatments are available for all ages because one is never too young to \u2018Santiburi Spa\u2019.<\/p>\n\n\n<p><\/p>\n","protected":false},"excerpt":{"rendered":"<p>Feel the magic of Santiburi Spa\u2019s blending of tradition and innovation and enjoy the peaceful, calming, and luxurious ambiance that is distinctly Santiburi. Meander along the red-brick pathway inspired by the ancient Kingdom of Ayutthaya and feel the magic. We offer the best contemporary treatments and therapies blended with the wisdom of southern Thai massage [&hellip;]<\/p>\n","protected":false},"author":16,"featured_media":3378,"parent":3888,"menu_order":0,"comment_status":"closed","ping_status":"closed","template":"template-spa-page.php","meta":{"inline_featured_image":false,"footnotes":""},"class_list":["post-3972","page","type-page","status-publish","has-post-thumbnail","hentry"],"yoast_head":"<!-- This site is optimized with the Yoast SEO plugin v27.3 - https:\/\/yoast.com\/product\/yoast-seo-wordpress\/ -->\n<title>Spa Koh Samui | Santiburi Koh Samui<\/title>\n<meta name=\"description\" content=\"Verj\u00fcngen Sie K\u00f6rper, Geist und Seele in einem der besten Spas von Koh Samui und genie\u00dfen Sie nat\u00fcrliche Thai-Wellness-Therapien, die nur f\u00fcr Sie entwickelt wurden.\" \/>\n<meta name=\"robots\" content=\"index, follow, max-snippet:-1, max-image-preview:large, max-video-preview:-1\" \/>\n<link rel=\"canonical\" href=\"https:\/\/santiburisamui.com\/de\/things-to-do\/santiburi-spa\/\" \/>\n<meta property=\"og:locale\" content=\"de_DE\" \/>\n<meta property=\"og:type\" content=\"article\" \/>\n<meta property=\"og:title\" content=\"Spa Koh Samui | Santiburi Koh Samui\" \/>\n<meta property=\"og:description\" content=\"Verj\u00fcngen Sie K\u00f6rper, Geist und Seele in einem der besten Spas von Koh Samui und genie\u00dfen Sie nat\u00fcrliche Thai-Wellness-Therapien, die nur f\u00fcr Sie entwickelt wurden.\" \/>\n<meta property=\"og:url\" content=\"https:\/\/santiburisamui.com\/de\/things-to-do\/santiburi-spa\/\" \/>\n<meta property=\"og:site_name\" content=\"Santiburi Koh Samui\" \/>\n<meta property=\"article:modified_time\" content=\"2025-03-19T04:09:09+00:00\" \/>\n<meta property=\"og:image\" content=\"https:\/\/santiburisamui.com\/wp-content\/uploads\/2019\/10\/santiburi-lenspa-model.jpg\" \/>\n\t<meta property=\"og:image:width\" content=\"2000\" \/>\n\t<meta property=\"og:image:height\" content=\"1301\" \/>\n\t<meta property=\"og:image:type\" content=\"image\/jpeg\" \/>\n<meta name=\"twitter:card\" content=\"summary_large_image\" \/>\n<meta name=\"twitter:label1\" content=\"Gesch\u00e4tzte Lesezeit\" \/>\n\t<meta name=\"twitter:data1\" content=\"1\u00a0Minute\" \/>\n<script type=\"application\/ld+json\" class=\"yoast-schema-graph\">{\"@context\":\"https:\\\/\\\/schema.org\",\"@graph\":[{\"@type\":\"WebPage\",\"@id\":\"https:\\\/\\\/santiburisamui.com\\\/de\\\/things-to-do\\\/santiburi-spa\\\/\",\"url\":\"https:\\\/\\\/santiburisamui.com\\\/de\\\/things-to-do\\\/santiburi-spa\\\/\",\"name\":\"Spa Koh Samui | Santiburi Koh Samui\",\"isPartOf\":{\"@id\":\"https:\\\/\\\/santiburisamui.com\\\/de\\\/#website\"},\"primaryImageOfPage\":{\"@id\":\"https:\\\/\\\/santiburisamui.com\\\/de\\\/things-to-do\\\/santiburi-spa\\\/#primaryimage\"},\"image\":{\"@id\":\"https:\\\/\\\/santiburisamui.com\\\/de\\\/things-to-do\\\/santiburi-spa\\\/#primaryimage\"},\"thumbnailUrl\":\"https:\\\/\\\/santiburisamui.com\\\/wp-content\\\/uploads\\\/2019\\\/10\\\/santiburi-lenspa-model.jpg\",\"datePublished\":\"2019-08-04T19:51:35+00:00\",\"dateModified\":\"2025-03-19T04:09:09+00:00\",\"description\":\"Verj\u00fcngen Sie K\u00f6rper, Geist und Seele in einem der besten Spas von Koh Samui und genie\u00dfen Sie nat\u00fcrliche Thai-Wellness-Therapien, die nur f\u00fcr Sie entwickelt wurden.\",\"breadcrumb\":{\"@id\":\"https:\\\/\\\/santiburisamui.com\\\/de\\\/things-to-do\\\/santiburi-spa\\\/#breadcrumb\"},\"inLanguage\":\"de\",\"potentialAction\":[{\"@type\":\"ReadAction\",\"target\":[\"https:\\\/\\\/santiburisamui.com\\\/de\\\/things-to-do\\\/santiburi-spa\\\/\"]}]},{\"@type\":\"ImageObject\",\"inLanguage\":\"de\",\"@id\":\"https:\\\/\\\/santiburisamui.com\\\/de\\\/things-to-do\\\/santiburi-spa\\\/#primaryimage\",\"url\":\"https:\\\/\\\/santiburisamui.com\\\/wp-content\\\/uploads\\\/2019\\\/10\\\/santiburi-lenspa-model.jpg\",\"contentUrl\":\"https:\\\/\\\/santiburisamui.com\\\/wp-content\\\/uploads\\\/2019\\\/10\\\/santiburi-lenspa-model.jpg\",\"width\":2000,\"height\":1301},{\"@type\":\"BreadcrumbList\",\"@id\":\"https:\\\/\\\/santiburisamui.com\\\/de\\\/things-to-do\\\/santiburi-spa\\\/#breadcrumb\",\"itemListElement\":[{\"@type\":\"ListItem\",\"position\":1,\"name\":\"Home\",\"item\":\"https:\\\/\\\/santiburisamui.com\\\/de\\\/\"},{\"@type\":\"ListItem\",\"position\":2,\"name\":\"AKTIVIT\u00c4TEN\",\"item\":\"https:\\\/\\\/santiburisamui.com\\\/de\\\/things-to-do\\\/\"},{\"@type\":\"ListItem\",\"position\":3,\"name\":\"Santiburi Spa\"}]},{\"@type\":\"WebSite\",\"@id\":\"https:\\\/\\\/santiburisamui.com\\\/de\\\/#website\",\"url\":\"https:\\\/\\\/santiburisamui.com\\\/de\\\/\",\"name\":\"Santiburi Koh Samui\",\"description\":\"\",\"potentialAction\":[{\"@type\":\"SearchAction\",\"target\":{\"@type\":\"EntryPoint\",\"urlTemplate\":\"https:\\\/\\\/santiburisamui.com\\\/de\\\/?s={search_term_string}\"},\"query-input\":{\"@type\":\"PropertyValueSpecification\",\"valueRequired\":true,\"valueName\":\"search_term_string\"}}],\"inLanguage\":\"de\"}]}<\/script>\n<!-- \/ Yoast SEO plugin. -->","yoast_head_json":{"title":"Spa Koh Samui | Santiburi Koh Samui","description":"Verj\u00fcngen Sie K\u00f6rper, Geist und Seele in einem der besten Spas von Koh Samui und genie\u00dfen Sie nat\u00fcrliche Thai-Wellness-Therapien, die nur f\u00fcr Sie entwickelt wurden.","robots":{"index":"index","follow":"follow","max-snippet":"max-snippet:-1","max-image-preview":"max-image-preview:large","max-video-preview":"max-video-preview:-1"},"canonical":"https:\/\/santiburisamui.com\/de\/things-to-do\/santiburi-spa\/","og_locale":"de_DE","og_type":"article","og_title":"Spa Koh Samui | Santiburi Koh Samui","og_description":"Verj\u00fcngen Sie K\u00f6rper, Geist und Seele in einem der besten Spas von Koh Samui und genie\u00dfen Sie nat\u00fcrliche Thai-Wellness-Therapien, die nur f\u00fcr Sie entwickelt wurden.","og_url":"https:\/\/santiburisamui.com\/de\/things-to-do\/santiburi-spa\/","og_site_name":"Santiburi Koh Samui","article_modified_time":"2025-03-19T04:09:09+00:00","og_image":[{"width":2000,"height":1301,"url":"https:\/\/santiburisamui.com\/wp-content\/uploads\/2019\/10\/santiburi-lenspa-model.jpg","type":"image\/jpeg"}],"twitter_card":"summary_large_image","twitter_misc":{"Gesch\u00e4tzte Lesezeit":"1\u00a0Minute"},"schema":{"@context":"https:\/\/schema.org","@graph":[{"@type":"WebPage","@id":"https:\/\/santiburisamui.com\/de\/things-to-do\/santiburi-spa\/","url":"https:\/\/santiburisamui.com\/de\/things-to-do\/santiburi-spa\/","name":"Spa Koh Samui | Santiburi Koh Samui","isPartOf":{"@id":"https:\/\/santiburisamui.com\/de\/#website"},"primaryImageOfPage":{"@id":"https:\/\/santiburisamui.com\/de\/things-to-do\/santiburi-spa\/#primaryimage"},"image":{"@id":"https:\/\/santiburisamui.com\/de\/things-to-do\/santiburi-spa\/#primaryimage"},"thumbnailUrl":"https:\/\/santiburisamui.com\/wp-content\/uploads\/2019\/10\/santiburi-lenspa-model.jpg","datePublished":"2019-08-04T19:51:35+00:00","dateModified":"2025-03-19T04:09:09+00:00","description":"Verj\u00fcngen Sie K\u00f6rper, Geist und Seele in einem der besten Spas von Koh Samui und genie\u00dfen Sie nat\u00fcrliche Thai-Wellness-Therapien, die nur f\u00fcr Sie entwickelt wurden.","breadcrumb":{"@id":"https:\/\/santiburisamui.com\/de\/things-to-do\/santiburi-spa\/#breadcrumb"},"inLanguage":"de","potentialAction":[{"@type":"ReadAction","target":["https:\/\/santiburisamui.com\/de\/things-to-do\/santiburi-spa\/"]}]},{"@type":"ImageObject","inLanguage":"de","@id":"https:\/\/santiburisamui.com\/de\/things-to-do\/santiburi-spa\/#primaryimage","url":"https:\/\/santiburisamui.com\/wp-content\/uploads\/2019\/10\/santiburi-lenspa-model.jpg","contentUrl":"https:\/\/santiburisamui.com\/wp-content\/uploads\/2019\/10\/santiburi-lenspa-model.jpg","width":2000,"height":1301},{"@type":"BreadcrumbList","@id":"https:\/\/santiburisamui.com\/de\/things-to-do\/santiburi-spa\/#breadcrumb","itemListElement":[{"@type":"ListItem","position":1,"name":"Home","item":"https:\/\/santiburisamui.com\/de\/"},{"@type":"ListItem","position":2,"name":"AKTIVIT\u00c4TEN","item":"https:\/\/santiburisamui.com\/de\/things-to-do\/"},{"@type":"ListItem","position":3,"name":"Santiburi Spa"}]},{"@type":"WebSite","@id":"https:\/\/santiburisamui.com\/de\/#website","url":"https:\/\/santiburisamui.com\/de\/","name":"Santiburi Koh Samui","description":"","potentialAction":[{"@type":"SearchAction","target":{"@type":"EntryPoint","urlTemplate":"https:\/\/santiburisamui.com\/de\/?s={search_term_string}"},"query-input":{"@type":"PropertyValueSpecification","valueRequired":true,"valueName":"search_term_string"}}],"inLanguage":"de"}]}},"publishpress_future_action":{"enabled":false,"date":"2026-04-21 13:52:51","action":"change-status","newStatus":"draft","terms":[],"taxonomy":"translation_priority","extraData":[]},"publishpress_future_workflow_manual_trigger":{"enabledWorkflows":[]},"_links":{"self":[{"href":"https:\/\/santiburisamui.com\/de\/wp-json\/wp\/v2\/pages\/3972","targetHints":{"allow":["GET"]}}],"collection":[{"href":"https:\/\/santiburisamui.com\/de\/wp-json\/wp\/v2\/pages"}],"about":[{"href":"https:\/\/santiburisamui.com\/de\/wp-json\/wp\/v2\/types\/page"}],"author":[{"embeddable":true,"href":"https:\/\/santiburisamui.com\/de\/wp-json\/wp\/v2\/users\/16"}],"replies":[{"embeddable":true,"href":"https:\/\/santiburisamui.com\/de\/wp-json\/wp\/v2\/comments?post=3972"}],"version-history":[{"count":10,"href":"https:\/\/santiburisamui.com\/de\/wp-json\/wp\/v2\/pages\/3972\/revisions"}],"predecessor-version":[{"id":9327,"href":"https:\/\/santiburisamui.com\/de\/wp-json\/wp\/v2\/pages\/3972\/revisions\/9327"}],"up":[{"embeddable":true,"href":"https:\/\/santiburisamui.com\/de\/wp-json\/wp\/v2\/pages\/3888"}],"wp:featuredmedia":[{"embeddable":true,"href":"https:\/\/santiburisamui.com\/de\/wp-json\/wp\/v2\/media\/3378"}],"wp:attachment":[{"href":"https:\/\/santiburisamui.com\/de\/wp-json\/wp\/v2\/media?parent=3972"}],"curies":[{"name":"wp","href":"https:\/\/api.w.org\/{rel}","templated":true}]}}