{"id":3979,"date":"2019-07-25T06:49:09","date_gmt":"2019-07-24T23:49:09","guid":{"rendered":"https:\/\/santiburisamui.com\/dining\/"},"modified":"2025-10-29T14:17:14","modified_gmt":"2025-10-29T07:17:14","slug":"dining","status":"publish","type":"page","link":"https:\/\/santiburisamui.com\/de\/dining\/","title":{"rendered":"Dining"},"content":{"rendered":"<div class=\"limited_w text-centered\">Im Santiburi Koh Samui sind wir stolz darauf, den ganzen Tag und die ganze Nacht \u00fcber hervorragende kulinarische Erlebnisse zu schaffen, die Sie in unseren Restaurants vor Ort oder in der Privatsph\u00e4re Ihrer Suite oder Villa genie\u00dfen k\u00f6nnen.<\/div>\n<div class=\"addGap-small\">&nbsp;<\/div>\n<div class=\"flex-across x2\"><div class=\"stub-integrated\"><div><div class='image-container wBadge hoverEffect'><img src='https:\/\/santiburisamui.com\/wp-content\/uploads\/2018\/07\/vimanmek-720x480.jpg' alt=' Image' \/><div class=\"badge touchTop top hoverMove hoverMoveToTopFromCenter\"><h2 class='text-white h1 zmt'>VIMARNMEK<\/h2><\/div><div class='badge touchBottom hoverReveal hoverRevealFromTop bottom'><div class=\"buttongroup\"><a class=\"btn btn-small white-hollow text-caps\" href=\"https:\/\/santiburisamui.com\/de\/dining\/vimarnmek\/\">EINZELHEITEN<\/a> <\/div><\/div><\/div><\/div><\/div><div class=\"stub-integrated\"><div><div class='image-container wBadge hoverEffect'><img src='https:\/\/santiburisamui.com\/wp-content\/uploads\/2018\/07\/pool-house-720x480.jpg' alt=' Image' \/><div class=\"badge touchTop top hoverMove hoverMoveToTopFromCenter\"><h2 class='text-white h1 zmt'>THE POOL HOUSE<\/h2><\/div><div class='badge touchBottom hoverReveal hoverRevealFromTop bottom'><div class=\"buttongroup\"><a class=\"btn btn-small white-hollow text-caps\" href=\"https:\/\/santiburisamui.com\/de\/dining\/pool-house\/\">EINZELHEITEN<\/a> <\/div><\/div><\/div><\/div><\/div><div class=\"stub-integrated\"><div><div class='image-container wBadge hoverEffect'><img src='https:\/\/santiburisamui.com\/wp-content\/uploads\/2018\/07\/sala-thai-indoor-720x480.jpg' alt=' Image' \/><div class=\"badge touchTop top hoverMove hoverMoveToTopFromCenter\"><h2 class='text-white h1 zmt'>Sala Thai<\/h2><\/div><div class='badge touchBottom hoverReveal hoverRevealFromTop bottom'><div class=\"buttongroup\"><a class=\"btn btn-small white-hollow text-caps\" href=\"https:\/\/santiburisamui.com\/de\/dining\/sala-thai\/\">EINZELHEITEN<\/a> <\/div><\/div><\/div><\/div><\/div><div class=\"stub-integrated\"><div><div class='image-container wBadge hoverEffect'><img src='https:\/\/santiburisamui.com\/wp-content\/uploads\/2018\/07\/the-lounge-main-720x480.jpg' alt=' Image' \/><div class=\"badge touchTop top hoverMove hoverMoveToTopFromCenter\"><h2 class='text-white h1 zmt'>DIE LOUNGE<\/h2><\/div><div class='badge touchBottom hoverReveal hoverRevealFromTop bottom'><div class=\"buttongroup\"><a class=\"btn btn-small white-hollow text-caps\" href=\"https:\/\/santiburisamui.com\/de\/dining\/the-lounge\/\">EINZELHEITEN<\/a> <\/div><\/div><\/div><\/div><\/div><div class=\"stub-integrated\"><div><div class='image-container wBadge hoverEffect'><img src='https:\/\/santiburisamui.com\/wp-content\/uploads\/2018\/07\/beach-house-bar-720x480.jpg' alt=' Image' \/><div class=\"badge touchTop top hoverMove hoverMoveToTopFromCenter\"><h2 class='text-white h1 zmt'>The Beach House<\/h2><\/div><div class='badge touchBottom hoverReveal hoverRevealFromTop bottom'><div class=\"buttongroup\"><a class=\"btn btn-small white-hollow text-caps\" href=\"https:\/\/santiburisamui.com\/de\/dining\/the-beach-house-restaurant\/\">EINZELHEITEN<\/a> <\/div><\/div><\/div><\/div><\/div><\/div>\n","protected":false},"excerpt":{"rendered":"<p>Im Santiburi Koh Samui sind wir stolz darauf, den ganzen Tag und die ganze Nacht \u00fcber hervorragende kulinarische Erlebnisse zu schaffen, die Sie in unseren Restaurants vor Ort oder in der Privatsph\u00e4re Ihrer Suite oder Villa genie\u00dfen k\u00f6nnen. &nbsp;<\/p>\n","protected":false},"author":16,"featured_media":0,"parent":0,"menu_order":0,"comment_status":"closed","ping_status":"closed","template":"page-dining.php","meta":{"inline_featured_image":false,"footnotes":""},"class_list":["post-3979","page","type-page","status-publish","hentry"],"yoast_head":"<!-- This site is optimized with the Yoast SEO plugin v27.3 - https:\/\/yoast.com\/product\/yoast-seo-wordpress\/ -->\n<title>Restaurants Koh Samui | Dine &amp; Wine at Santiburi Koh Samui<\/title>\n<meta name=\"description\" content=\"Bereit f\u00fcr ein spektakul\u00e4res kulinarisches Erlebnis? Unsere hauseigenen Restaurants auf Koh Samui werden nie aufh\u00f6ren, Ihren Gaumen mit himmlischer K\u00fcche zu verw\u00f6hnen.\" \/>\n<meta name=\"robots\" content=\"index, follow, max-snippet:-1, max-image-preview:large, max-video-preview:-1\" \/>\n<link rel=\"canonical\" href=\"https:\/\/santiburisamui.com\/de\/dining\/\" \/>\n<meta property=\"og:locale\" content=\"de_DE\" \/>\n<meta property=\"og:type\" content=\"article\" \/>\n<meta property=\"og:title\" content=\"Restaurants Koh Samui | Dine &amp; Wine at Santiburi Koh Samui\" \/>\n<meta property=\"og:description\" content=\"Bereit f\u00fcr ein spektakul\u00e4res kulinarisches Erlebnis? Unsere hauseigenen Restaurants auf Koh Samui werden nie aufh\u00f6ren, Ihren Gaumen mit himmlischer K\u00fcche zu verw\u00f6hnen.\" \/>\n<meta property=\"og:url\" content=\"https:\/\/santiburisamui.com\/de\/dining\/\" \/>\n<meta property=\"og:site_name\" content=\"Santiburi Koh Samui\" \/>\n<meta property=\"article:modified_time\" content=\"2025-10-29T07:17:14+00:00\" \/>\n<meta property=\"og:image\" content=\"https:\/\/santiburisamui.com\/wp-content\/uploads\/2019\/10\/santiburi-koh-samui.jpg\" \/>\n\t<meta property=\"og:image:width\" content=\"1200\" \/>\n\t<meta property=\"og:image:height\" content=\"630\" \/>\n\t<meta property=\"og:image:type\" content=\"image\/jpeg\" \/>\n<meta name=\"twitter:card\" content=\"summary_large_image\" \/>\n<meta name=\"twitter:label1\" content=\"Gesch\u00e4tzte Lesezeit\" \/>\n\t<meta name=\"twitter:data1\" content=\"1\u00a0Minute\" \/>\n<script type=\"application\/ld+json\" class=\"yoast-schema-graph\">{\"@context\":\"https:\\\/\\\/schema.org\",\"@graph\":[{\"@type\":\"WebPage\",\"@id\":\"https:\\\/\\\/santiburisamui.com\\\/de\\\/dining\\\/\",\"url\":\"https:\\\/\\\/santiburisamui.com\\\/de\\\/dining\\\/\",\"name\":\"Restaurants Koh Samui | Dine & Wine at Santiburi Koh Samui\",\"isPartOf\":{\"@id\":\"https:\\\/\\\/santiburisamui.com\\\/de\\\/#website\"},\"datePublished\":\"2019-07-24T23:49:09+00:00\",\"dateModified\":\"2025-10-29T07:17:14+00:00\",\"description\":\"Bereit f\u00fcr ein spektakul\u00e4res kulinarisches Erlebnis? Unsere hauseigenen Restaurants auf Koh Samui werden nie aufh\u00f6ren, Ihren Gaumen mit himmlischer K\u00fcche zu verw\u00f6hnen.\",\"breadcrumb\":{\"@id\":\"https:\\\/\\\/santiburisamui.com\\\/de\\\/dining\\\/#breadcrumb\"},\"inLanguage\":\"de\",\"potentialAction\":[{\"@type\":\"ReadAction\",\"target\":[\"https:\\\/\\\/santiburisamui.com\\\/de\\\/dining\\\/\"]}]},{\"@type\":\"BreadcrumbList\",\"@id\":\"https:\\\/\\\/santiburisamui.com\\\/de\\\/dining\\\/#breadcrumb\",\"itemListElement\":[{\"@type\":\"ListItem\",\"position\":1,\"name\":\"Home\",\"item\":\"https:\\\/\\\/santiburisamui.com\\\/de\\\/\"},{\"@type\":\"ListItem\",\"position\":2,\"name\":\"Dining\"}]},{\"@type\":\"WebSite\",\"@id\":\"https:\\\/\\\/santiburisamui.com\\\/de\\\/#website\",\"url\":\"https:\\\/\\\/santiburisamui.com\\\/de\\\/\",\"name\":\"Santiburi Koh Samui\",\"description\":\"\",\"potentialAction\":[{\"@type\":\"SearchAction\",\"target\":{\"@type\":\"EntryPoint\",\"urlTemplate\":\"https:\\\/\\\/santiburisamui.com\\\/de\\\/?s={search_term_string}\"},\"query-input\":{\"@type\":\"PropertyValueSpecification\",\"valueRequired\":true,\"valueName\":\"search_term_string\"}}],\"inLanguage\":\"de\"}]}<\/script>\n<!-- \/ Yoast SEO plugin. -->","yoast_head_json":{"title":"Restaurants Koh Samui | Dine & Wine at Santiburi Koh Samui","description":"Bereit f\u00fcr ein spektakul\u00e4res kulinarisches Erlebnis? Unsere hauseigenen Restaurants auf Koh Samui werden nie aufh\u00f6ren, Ihren Gaumen mit himmlischer K\u00fcche zu verw\u00f6hnen.","robots":{"index":"index","follow":"follow","max-snippet":"max-snippet:-1","max-image-preview":"max-image-preview:large","max-video-preview":"max-video-preview:-1"},"canonical":"https:\/\/santiburisamui.com\/de\/dining\/","og_locale":"de_DE","og_type":"article","og_title":"Restaurants Koh Samui | Dine & Wine at Santiburi Koh Samui","og_description":"Bereit f\u00fcr ein spektakul\u00e4res kulinarisches Erlebnis? Unsere hauseigenen Restaurants auf Koh Samui werden nie aufh\u00f6ren, Ihren Gaumen mit himmlischer K\u00fcche zu verw\u00f6hnen.","og_url":"https:\/\/santiburisamui.com\/de\/dining\/","og_site_name":"Santiburi Koh Samui","article_modified_time":"2025-10-29T07:17:14+00:00","og_image":[{"width":1200,"height":630,"url":"https:\/\/santiburisamui.com\/wp-content\/uploads\/2019\/10\/santiburi-koh-samui.jpg","type":"image\/jpeg"}],"twitter_card":"summary_large_image","twitter_misc":{"Gesch\u00e4tzte Lesezeit":"1\u00a0Minute"},"schema":{"@context":"https:\/\/schema.org","@graph":[{"@type":"WebPage","@id":"https:\/\/santiburisamui.com\/de\/dining\/","url":"https:\/\/santiburisamui.com\/de\/dining\/","name":"Restaurants Koh Samui | Dine & Wine at Santiburi Koh Samui","isPartOf":{"@id":"https:\/\/santiburisamui.com\/de\/#website"},"datePublished":"2019-07-24T23:49:09+00:00","dateModified":"2025-10-29T07:17:14+00:00","description":"Bereit f\u00fcr ein spektakul\u00e4res kulinarisches Erlebnis? Unsere hauseigenen Restaurants auf Koh Samui werden nie aufh\u00f6ren, Ihren Gaumen mit himmlischer K\u00fcche zu verw\u00f6hnen.","breadcrumb":{"@id":"https:\/\/santiburisamui.com\/de\/dining\/#breadcrumb"},"inLanguage":"de","potentialAction":[{"@type":"ReadAction","target":["https:\/\/santiburisamui.com\/de\/dining\/"]}]},{"@type":"BreadcrumbList","@id":"https:\/\/santiburisamui.com\/de\/dining\/#breadcrumb","itemListElement":[{"@type":"ListItem","position":1,"name":"Home","item":"https:\/\/santiburisamui.com\/de\/"},{"@type":"ListItem","position":2,"name":"Dining"}]},{"@type":"WebSite","@id":"https:\/\/santiburisamui.com\/de\/#website","url":"https:\/\/santiburisamui.com\/de\/","name":"Santiburi Koh Samui","description":"","potentialAction":[{"@type":"SearchAction","target":{"@type":"EntryPoint","urlTemplate":"https:\/\/santiburisamui.com\/de\/?s={search_term_string}"},"query-input":{"@type":"PropertyValueSpecification","valueRequired":true,"valueName":"search_term_string"}}],"inLanguage":"de"}]}},"publishpress_future_action":{"enabled":false,"date":"2026-04-20 21:01:58","action":"change-status","newStatus":"draft","terms":[],"taxonomy":"translation_priority","extraData":[]},"publishpress_future_workflow_manual_trigger":{"enabledWorkflows":[]},"_links":{"self":[{"href":"https:\/\/santiburisamui.com\/de\/wp-json\/wp\/v2\/pages\/3979","targetHints":{"allow":["GET"]}}],"collection":[{"href":"https:\/\/santiburisamui.com\/de\/wp-json\/wp\/v2\/pages"}],"about":[{"href":"https:\/\/santiburisamui.com\/de\/wp-json\/wp\/v2\/types\/page"}],"author":[{"embeddable":true,"href":"https:\/\/santiburisamui.com\/de\/wp-json\/wp\/v2\/users\/16"}],"replies":[{"embeddable":true,"href":"https:\/\/santiburisamui.com\/de\/wp-json\/wp\/v2\/comments?post=3979"}],"version-history":[{"count":4,"href":"https:\/\/santiburisamui.com\/de\/wp-json\/wp\/v2\/pages\/3979\/revisions"}],"predecessor-version":[{"id":10461,"href":"https:\/\/santiburisamui.com\/de\/wp-json\/wp\/v2\/pages\/3979\/revisions\/10461"}],"wp:attachment":[{"href":"https:\/\/santiburisamui.com\/de\/wp-json\/wp\/v2\/media?parent=3979"}],"curies":[{"name":"wp","href":"https:\/\/api.w.org\/{rel}","templated":true}]}}