{"id":3885,"date":"2022-08-17T16:02:07","date_gmt":"2022-08-17T09:02:07","guid":{"rendered":"https:\/\/santiburisamui.com\/santiburi-family-rates-benefits\/"},"modified":"2022-10-05T23:32:58","modified_gmt":"2022-10-05T16:32:58","slug":"santiburi-family-rates-benefits","status":"publish","type":"page","link":"https:\/\/santiburisamui.com\/fr\/santiburi-family-rates-benefits\/","title":{"rendered":"Santiburi Family Rates &#038; Benefits"},"content":{"rendered":"\n<p style=\"font-size:40px\"><strong><strong>Tarifs et avantages pour la Famille Santiburi<\/strong><\/strong><\/p>\n\n\n\n<p class=\"has-text-color\" style=\"color:#76232f\">Rejoignez la Famille et r\u00e9capitulez les avantages.<\/p>\n\n\n\n<p>Inscrivez-vous au programme Famille Santiburi et profitez d\u2019\u00e9conomies instantan\u00e9es et d\u2019avantages r\u00e9serv\u00e9s aux familles &#8211; gratuitement et sans engagement. Rejoignez notre communaut\u00e9 de pr\u00e9cieux h\u00f4tes et profitez de r\u00e9ductions allant jusqu\u2019\u00e0 12&nbsp;% sur notre Meilleur tarif garanti. En tant que membre de la Famille Santiburi, votre s\u00e9jour \u00e0 Santiburi sera plus que luxueux, avec un check out tardif gratuit, un check in t\u00f4t et des chambres surclass\u00e9es (sous r\u00e9serve de disponibilit\u00e9).<\/p>\n\n\n\n<p>Rejoignez-nous d\u00e8s aujourd\u2019hui gratuitement par e-mail ou sur les r\u00e9seaux sociaux.<\/p>\n\n\n\n<p><strong>Ce que cela comporte<\/strong><\/p>\n\n\n\n<ul class=\"wp-block-list\"><li>Jusqu\u2019\u00e0 12&nbsp;% de r\u00e9duction sur chaque r\u00e9servation<\/li><li>Meilleur tarif garanti<\/li><li>Check out tardif gratuit<\/li><li>Check in t\u00f4t gratuit<\/li><li>Chambre surclass\u00e9e gratuitement<\/li><li>Offres exclusives par e-mail (d\u00e9sinscription possible \u00e0 tout moment)<\/li><\/ul>\n\n\n\n<p><strong>Conditions g\u00e9n\u00e9rales<\/strong><\/p>\n\n\n\n<ul class=\"wp-block-list\"><li>Les tarifs sont soumis aux taxes et frais de service en vigueur.<\/li><li>Les tarifs sont disponibles exclusivement sur les codes tarifaires publics (les tarifs n\u00e9gociables, notamment les r\u00e9servations de groupe et les mariages, ne sont pas concern\u00e9s).<\/li><li>Le check out tardif, le check in t\u00f4t et les chambres surclass\u00e9es sont s\u2019appliquent selon les disponibilit\u00e9s.<\/li><li>Les suites ou villas \u00e0 2&nbsp;chambres ne sont pas \u00e9ligibles aux surclassements (vers ou depuis)<\/li><\/ul>\n\n\n\n<p><\/p>\n\n\n\n<div class=\"wp-block-button aligncenter\"><a class=\"wp-block-button__link has-background no-border-radius\" href=\"https:\/\/redirect.fastbooking.com\/DIRECTORY\/dispoprice.phtml?HotelName=ASIATHSHOHTLSantibur&amp;arrival=2021-12-24&amp;nbstay=0&amp;adults1=1&amp;children1=0&amp;campaignId=6276&amp;accessCode=CAMP-MEMBER\" style=\"background-color:#762738\">BOOK NOW<\/a><\/div>\n","protected":false},"excerpt":{"rendered":"<p>Tarifs et avantages pour la Famille Santiburi Rejoignez la Famille et r\u00e9capitulez les avantages. Inscrivez-vous au programme Famille Santiburi et profitez d\u2019\u00e9conomies instantan\u00e9es et d\u2019avantages r\u00e9serv\u00e9s aux familles &#8211; gratuitement et sans engagement. Rejoignez notre communaut\u00e9 de pr\u00e9cieux h\u00f4tes et profitez de r\u00e9ductions allant jusqu\u2019\u00e0 12&nbsp;% sur notre Meilleur tarif garanti. En tant que membre [&hellip;]<\/p>\n","protected":false},"author":6,"featured_media":0,"parent":0,"menu_order":0,"comment_status":"closed","ping_status":"closed","template":"","meta":{"inline_featured_image":false,"footnotes":""},"class_list":["post-3885","page","type-page","status-publish","hentry"],"yoast_head":"<!-- This site is optimized with the Yoast SEO plugin v27.3 - https:\/\/yoast.com\/product\/yoast-seo-wordpress\/ -->\n<title>Santiburi Family Rates &amp; Benefits - Santiburi Koh Samui<\/title>\n<meta name=\"robots\" content=\"index, follow, max-snippet:-1, max-image-preview:large, max-video-preview:-1\" \/>\n<link rel=\"canonical\" href=\"https:\/\/santiburisamui.com\/fr\/santiburi-family-rates-benefits\/\" \/>\n<meta property=\"og:locale\" content=\"fr_FR\" \/>\n<meta property=\"og:type\" content=\"article\" \/>\n<meta property=\"og:title\" content=\"Santiburi Family Rates &amp; Benefits - Santiburi Koh Samui\" \/>\n<meta property=\"og:description\" content=\"Tarifs et avantages pour la Famille Santiburi Rejoignez la Famille et r\u00e9capitulez les avantages. Inscrivez-vous au programme Famille Santiburi et profitez d\u2019\u00e9conomies instantan\u00e9es et d\u2019avantages r\u00e9serv\u00e9s aux familles &#8211; gratuitement et sans engagement. Rejoignez notre communaut\u00e9 de pr\u00e9cieux h\u00f4tes et profitez de r\u00e9ductions allant jusqu\u2019\u00e0 12&nbsp;% sur notre Meilleur tarif garanti. En tant que membre [&hellip;]\" \/>\n<meta property=\"og:url\" content=\"https:\/\/santiburisamui.com\/fr\/santiburi-family-rates-benefits\/\" \/>\n<meta property=\"og:site_name\" content=\"Santiburi Koh Samui\" \/>\n<meta property=\"article:modified_time\" content=\"2022-10-05T16:32:58+00:00\" \/>\n<meta property=\"og:image\" content=\"https:\/\/santiburisamui.com\/wp-content\/uploads\/2019\/10\/santiburi-koh-samui.jpg\" \/>\n\t<meta property=\"og:image:width\" content=\"1200\" \/>\n\t<meta property=\"og:image:height\" content=\"630\" \/>\n\t<meta property=\"og:image:type\" content=\"image\/jpeg\" \/>\n<meta name=\"twitter:card\" content=\"summary_large_image\" \/>\n<meta name=\"twitter:label1\" content=\"Dur\u00e9e de lecture estim\u00e9e\" \/>\n\t<meta name=\"twitter:data1\" content=\"1 minute\" \/>\n<script type=\"application\/ld+json\" class=\"yoast-schema-graph\">{\"@context\":\"https:\\\/\\\/schema.org\",\"@graph\":[{\"@type\":\"WebPage\",\"@id\":\"https:\\\/\\\/santiburisamui.com\\\/fr\\\/santiburi-family-rates-benefits\\\/\",\"url\":\"https:\\\/\\\/santiburisamui.com\\\/fr\\\/santiburi-family-rates-benefits\\\/\",\"name\":\"Santiburi Family Rates & Benefits - Santiburi Koh Samui\",\"isPartOf\":{\"@id\":\"https:\\\/\\\/santiburisamui.com\\\/fr\\\/#website\"},\"datePublished\":\"2022-08-17T09:02:07+00:00\",\"dateModified\":\"2022-10-05T16:32:58+00:00\",\"breadcrumb\":{\"@id\":\"https:\\\/\\\/santiburisamui.com\\\/fr\\\/santiburi-family-rates-benefits\\\/#breadcrumb\"},\"inLanguage\":\"fr-FR\",\"potentialAction\":[{\"@type\":\"ReadAction\",\"target\":[\"https:\\\/\\\/santiburisamui.com\\\/fr\\\/santiburi-family-rates-benefits\\\/\"]}]},{\"@type\":\"BreadcrumbList\",\"@id\":\"https:\\\/\\\/santiburisamui.com\\\/fr\\\/santiburi-family-rates-benefits\\\/#breadcrumb\",\"itemListElement\":[{\"@type\":\"ListItem\",\"position\":1,\"name\":\"Home\",\"item\":\"https:\\\/\\\/santiburisamui.com\\\/fr\\\/\"},{\"@type\":\"ListItem\",\"position\":2,\"name\":\"Santiburi Family Rates &#038; Benefits\"}]},{\"@type\":\"WebSite\",\"@id\":\"https:\\\/\\\/santiburisamui.com\\\/fr\\\/#website\",\"url\":\"https:\\\/\\\/santiburisamui.com\\\/fr\\\/\",\"name\":\"Santiburi Koh Samui\",\"description\":\"\",\"potentialAction\":[{\"@type\":\"SearchAction\",\"target\":{\"@type\":\"EntryPoint\",\"urlTemplate\":\"https:\\\/\\\/santiburisamui.com\\\/fr\\\/?s={search_term_string}\"},\"query-input\":{\"@type\":\"PropertyValueSpecification\",\"valueRequired\":true,\"valueName\":\"search_term_string\"}}],\"inLanguage\":\"fr-FR\"}]}<\/script>\n<!-- \/ Yoast SEO plugin. -->","yoast_head_json":{"title":"Santiburi Family Rates & Benefits - Santiburi Koh Samui","robots":{"index":"index","follow":"follow","max-snippet":"max-snippet:-1","max-image-preview":"max-image-preview:large","max-video-preview":"max-video-preview:-1"},"canonical":"https:\/\/santiburisamui.com\/fr\/santiburi-family-rates-benefits\/","og_locale":"fr_FR","og_type":"article","og_title":"Santiburi Family Rates & Benefits - Santiburi Koh Samui","og_description":"Tarifs et avantages pour la Famille Santiburi Rejoignez la Famille et r\u00e9capitulez les avantages. Inscrivez-vous au programme Famille Santiburi et profitez d\u2019\u00e9conomies instantan\u00e9es et d\u2019avantages r\u00e9serv\u00e9s aux familles &#8211; gratuitement et sans engagement. Rejoignez notre communaut\u00e9 de pr\u00e9cieux h\u00f4tes et profitez de r\u00e9ductions allant jusqu\u2019\u00e0 12&nbsp;% sur notre Meilleur tarif garanti. En tant que membre [&hellip;]","og_url":"https:\/\/santiburisamui.com\/fr\/santiburi-family-rates-benefits\/","og_site_name":"Santiburi Koh Samui","article_modified_time":"2022-10-05T16:32:58+00:00","og_image":[{"width":1200,"height":630,"url":"https:\/\/santiburisamui.com\/wp-content\/uploads\/2019\/10\/santiburi-koh-samui.jpg","type":"image\/jpeg"}],"twitter_card":"summary_large_image","twitter_misc":{"Dur\u00e9e de lecture estim\u00e9e":"1 minute"},"schema":{"@context":"https:\/\/schema.org","@graph":[{"@type":"WebPage","@id":"https:\/\/santiburisamui.com\/fr\/santiburi-family-rates-benefits\/","url":"https:\/\/santiburisamui.com\/fr\/santiburi-family-rates-benefits\/","name":"Santiburi Family Rates & Benefits - Santiburi Koh Samui","isPartOf":{"@id":"https:\/\/santiburisamui.com\/fr\/#website"},"datePublished":"2022-08-17T09:02:07+00:00","dateModified":"2022-10-05T16:32:58+00:00","breadcrumb":{"@id":"https:\/\/santiburisamui.com\/fr\/santiburi-family-rates-benefits\/#breadcrumb"},"inLanguage":"fr-FR","potentialAction":[{"@type":"ReadAction","target":["https:\/\/santiburisamui.com\/fr\/santiburi-family-rates-benefits\/"]}]},{"@type":"BreadcrumbList","@id":"https:\/\/santiburisamui.com\/fr\/santiburi-family-rates-benefits\/#breadcrumb","itemListElement":[{"@type":"ListItem","position":1,"name":"Home","item":"https:\/\/santiburisamui.com\/fr\/"},{"@type":"ListItem","position":2,"name":"Santiburi Family Rates &#038; Benefits"}]},{"@type":"WebSite","@id":"https:\/\/santiburisamui.com\/fr\/#website","url":"https:\/\/santiburisamui.com\/fr\/","name":"Santiburi Koh Samui","description":"","potentialAction":[{"@type":"SearchAction","target":{"@type":"EntryPoint","urlTemplate":"https:\/\/santiburisamui.com\/fr\/?s={search_term_string}"},"query-input":{"@type":"PropertyValueSpecification","valueRequired":true,"valueName":"search_term_string"}}],"inLanguage":"fr-FR"}]}},"publishpress_future_action":{"enabled":false,"date":"2026-04-16 12:14:49","action":"change-status","newStatus":"draft","terms":[],"taxonomy":"translation_priority","extraData":[]},"publishpress_future_workflow_manual_trigger":{"enabledWorkflows":[]},"_links":{"self":[{"href":"https:\/\/santiburisamui.com\/fr\/wp-json\/wp\/v2\/pages\/3885","targetHints":{"allow":["GET"]}}],"collection":[{"href":"https:\/\/santiburisamui.com\/fr\/wp-json\/wp\/v2\/pages"}],"about":[{"href":"https:\/\/santiburisamui.com\/fr\/wp-json\/wp\/v2\/types\/page"}],"author":[{"embeddable":true,"href":"https:\/\/santiburisamui.com\/fr\/wp-json\/wp\/v2\/users\/6"}],"replies":[{"embeddable":true,"href":"https:\/\/santiburisamui.com\/fr\/wp-json\/wp\/v2\/comments?post=3885"}],"version-history":[{"count":5,"href":"https:\/\/santiburisamui.com\/fr\/wp-json\/wp\/v2\/pages\/3885\/revisions"}],"predecessor-version":[{"id":4490,"href":"https:\/\/santiburisamui.com\/fr\/wp-json\/wp\/v2\/pages\/3885\/revisions\/4490"}],"wp:attachment":[{"href":"https:\/\/santiburisamui.com\/fr\/wp-json\/wp\/v2\/media?parent=3885"}],"curies":[{"name":"wp","href":"https:\/\/api.w.org\/{rel}","templated":true}]}}