{"id":3887,"date":"2022-06-27T14:09:23","date_gmt":"2022-06-27T07:09:23","guid":{"rendered":"https:\/\/santiburisamui.com\/things-to-do\/"},"modified":"2025-03-04T21:35:47","modified_gmt":"2025-03-04T14:35:47","slug":"things-to-do","status":"publish","type":"page","link":"https:\/\/santiburisamui.com\/fr\/things-to-do\/","title":{"rendered":"CHOSES \u00c0 FAIRE"},"content":{"rendered":"\n<h2 class=\"wp-block-heading has-text-align-center\" style=\"font-size: 39.6px; line-height: 1.2; text-transform: uppercase;margin-bottom: 0;padding-bottom: 0;\">CHOSES \u00c0 FAIRE<\/h2>\n\n\n<div class=\"limited_w text-centered\">\n<p>Santiburi offre un large \u00e9ventail d\u2019activit\u00e9s pour vous charmer et vous inspirer. Laissez-vous s\u00e9duire par l\u2019\u00eele, de la plage \u00e0 l\u2019int\u00e9rieur des terres, gr\u00e2ce \u00e0 des saveurs traditionnelles tha\u00eflandaises, aux s\u00e9ances d\u2019entra\u00eenement \u00e9nergisantes, aux paysages tropicaux et aux autres exp\u00e9riences immersives qu\u2019elle vous propose.<\/p>\n<\/div>\n\n\n<p><\/p>\n\n\n\n<p><\/p>\n","protected":false},"excerpt":{"rendered":"<p>CHOSES \u00c0 FAIRE Santiburi offre un large \u00e9ventail d\u2019activit\u00e9s pour vous charmer et vous inspirer. Laissez-vous s\u00e9duire par l\u2019\u00eele, de la plage \u00e0 l\u2019int\u00e9rieur des terres, gr\u00e2ce \u00e0 des saveurs traditionnelles tha\u00eflandaises, aux s\u00e9ances d\u2019entra\u00eenement \u00e9nergisantes, aux paysages tropicaux et aux autres exp\u00e9riences immersives qu\u2019elle vous propose.<\/p>\n","protected":false},"author":11,"featured_media":0,"parent":0,"menu_order":0,"comment_status":"closed","ping_status":"closed","template":"page-things-to-do.php","meta":{"inline_featured_image":false,"footnotes":""},"class_list":["post-3887","page","type-page","status-publish","hentry"],"yoast_head":"<!-- This site is optimized with the Yoast SEO plugin v27.3 - https:\/\/yoast.com\/product\/yoast-seo-wordpress\/ -->\n<title>Things to do in Koh Samui | Santiburi Koh Samui<\/title>\n<meta name=\"description\" content=\"Have fun at Santiburi Koh Samui while you explore the best things to do in Koh Samui: discover the water sports centre, Santiburi golf, sports centre, the pristine beach and more.\" \/>\n<meta name=\"robots\" content=\"index, follow, max-snippet:-1, max-image-preview:large, max-video-preview:-1\" \/>\n<link rel=\"canonical\" href=\"https:\/\/santiburisamui.com\/fr\/things-to-do\/\" \/>\n<meta property=\"og:locale\" content=\"fr_FR\" \/>\n<meta property=\"og:type\" content=\"article\" \/>\n<meta property=\"og:title\" content=\"Things to do in Koh Samui | Santiburi Koh Samui\" \/>\n<meta property=\"og:description\" content=\"Have fun at Santiburi Koh Samui while you explore the best things to do in Koh Samui: discover the water sports centre, Santiburi golf, sports centre, the pristine beach and more.\" \/>\n<meta property=\"og:url\" content=\"https:\/\/santiburisamui.com\/fr\/things-to-do\/\" \/>\n<meta property=\"og:site_name\" content=\"Santiburi Koh Samui\" \/>\n<meta property=\"article:modified_time\" content=\"2025-03-04T14:35:47+00:00\" \/>\n<meta property=\"og:image\" content=\"https:\/\/santiburisamui.com\/wp-content\/uploads\/2019\/10\/santiburi-koh-samui.jpg\" \/>\n\t<meta property=\"og:image:width\" content=\"1200\" \/>\n\t<meta property=\"og:image:height\" content=\"630\" \/>\n\t<meta property=\"og:image:type\" content=\"image\/jpeg\" \/>\n<meta name=\"twitter:card\" content=\"summary_large_image\" \/>\n<meta name=\"twitter:label1\" content=\"Dur\u00e9e de lecture estim\u00e9e\" \/>\n\t<meta name=\"twitter:data1\" content=\"1 minute\" \/>\n<script type=\"application\/ld+json\" class=\"yoast-schema-graph\">{\"@context\":\"https:\\\/\\\/schema.org\",\"@graph\":[{\"@type\":\"WebPage\",\"@id\":\"https:\\\/\\\/santiburisamui.com\\\/fr\\\/things-to-do\\\/\",\"url\":\"https:\\\/\\\/santiburisamui.com\\\/fr\\\/things-to-do\\\/\",\"name\":\"Things to do in Koh Samui | Santiburi Koh Samui\",\"isPartOf\":{\"@id\":\"https:\\\/\\\/santiburisamui.com\\\/fr\\\/#website\"},\"datePublished\":\"2022-06-27T07:09:23+00:00\",\"dateModified\":\"2025-03-04T14:35:47+00:00\",\"description\":\"Have fun at Santiburi Koh Samui while you explore the best things to do in Koh Samui: discover the water sports centre, Santiburi golf, sports centre, the pristine beach and more.\",\"breadcrumb\":{\"@id\":\"https:\\\/\\\/santiburisamui.com\\\/fr\\\/things-to-do\\\/#breadcrumb\"},\"inLanguage\":\"fr-FR\",\"potentialAction\":[{\"@type\":\"ReadAction\",\"target\":[\"https:\\\/\\\/santiburisamui.com\\\/fr\\\/things-to-do\\\/\"]}]},{\"@type\":\"BreadcrumbList\",\"@id\":\"https:\\\/\\\/santiburisamui.com\\\/fr\\\/things-to-do\\\/#breadcrumb\",\"itemListElement\":[{\"@type\":\"ListItem\",\"position\":1,\"name\":\"Home\",\"item\":\"https:\\\/\\\/santiburisamui.com\\\/fr\\\/\"},{\"@type\":\"ListItem\",\"position\":2,\"name\":\"CHOSES \u00c0 FAIRE\"}]},{\"@type\":\"WebSite\",\"@id\":\"https:\\\/\\\/santiburisamui.com\\\/fr\\\/#website\",\"url\":\"https:\\\/\\\/santiburisamui.com\\\/fr\\\/\",\"name\":\"Santiburi Koh Samui\",\"description\":\"\",\"potentialAction\":[{\"@type\":\"SearchAction\",\"target\":{\"@type\":\"EntryPoint\",\"urlTemplate\":\"https:\\\/\\\/santiburisamui.com\\\/fr\\\/?s={search_term_string}\"},\"query-input\":{\"@type\":\"PropertyValueSpecification\",\"valueRequired\":true,\"valueName\":\"search_term_string\"}}],\"inLanguage\":\"fr-FR\"}]}<\/script>\n<!-- \/ Yoast SEO plugin. -->","yoast_head_json":{"title":"Things to do in Koh Samui | Santiburi Koh Samui","description":"Have fun at Santiburi Koh Samui while you explore the best things to do in Koh Samui: discover the water sports centre, Santiburi golf, sports centre, the pristine beach and more.","robots":{"index":"index","follow":"follow","max-snippet":"max-snippet:-1","max-image-preview":"max-image-preview:large","max-video-preview":"max-video-preview:-1"},"canonical":"https:\/\/santiburisamui.com\/fr\/things-to-do\/","og_locale":"fr_FR","og_type":"article","og_title":"Things to do in Koh Samui | Santiburi Koh Samui","og_description":"Have fun at Santiburi Koh Samui while you explore the best things to do in Koh Samui: discover the water sports centre, Santiburi golf, sports centre, the pristine beach and more.","og_url":"https:\/\/santiburisamui.com\/fr\/things-to-do\/","og_site_name":"Santiburi Koh Samui","article_modified_time":"2025-03-04T14:35:47+00:00","og_image":[{"width":1200,"height":630,"url":"https:\/\/santiburisamui.com\/wp-content\/uploads\/2019\/10\/santiburi-koh-samui.jpg","type":"image\/jpeg"}],"twitter_card":"summary_large_image","twitter_misc":{"Dur\u00e9e de lecture estim\u00e9e":"1 minute"},"schema":{"@context":"https:\/\/schema.org","@graph":[{"@type":"WebPage","@id":"https:\/\/santiburisamui.com\/fr\/things-to-do\/","url":"https:\/\/santiburisamui.com\/fr\/things-to-do\/","name":"Things to do in Koh Samui | Santiburi Koh Samui","isPartOf":{"@id":"https:\/\/santiburisamui.com\/fr\/#website"},"datePublished":"2022-06-27T07:09:23+00:00","dateModified":"2025-03-04T14:35:47+00:00","description":"Have fun at Santiburi Koh Samui while you explore the best things to do in Koh Samui: discover the water sports centre, Santiburi golf, sports centre, the pristine beach and more.","breadcrumb":{"@id":"https:\/\/santiburisamui.com\/fr\/things-to-do\/#breadcrumb"},"inLanguage":"fr-FR","potentialAction":[{"@type":"ReadAction","target":["https:\/\/santiburisamui.com\/fr\/things-to-do\/"]}]},{"@type":"BreadcrumbList","@id":"https:\/\/santiburisamui.com\/fr\/things-to-do\/#breadcrumb","itemListElement":[{"@type":"ListItem","position":1,"name":"Home","item":"https:\/\/santiburisamui.com\/fr\/"},{"@type":"ListItem","position":2,"name":"CHOSES \u00c0 FAIRE"}]},{"@type":"WebSite","@id":"https:\/\/santiburisamui.com\/fr\/#website","url":"https:\/\/santiburisamui.com\/fr\/","name":"Santiburi Koh Samui","description":"","potentialAction":[{"@type":"SearchAction","target":{"@type":"EntryPoint","urlTemplate":"https:\/\/santiburisamui.com\/fr\/?s={search_term_string}"},"query-input":{"@type":"PropertyValueSpecification","valueRequired":true,"valueName":"search_term_string"}}],"inLanguage":"fr-FR"}]}},"publishpress_future_action":{"enabled":false,"date":"2026-04-20 21:03:23","action":"change-status","newStatus":"draft","terms":[],"taxonomy":"translation_priority","extraData":[]},"publishpress_future_workflow_manual_trigger":{"enabledWorkflows":[]},"_links":{"self":[{"href":"https:\/\/santiburisamui.com\/fr\/wp-json\/wp\/v2\/pages\/3887","targetHints":{"allow":["GET"]}}],"collection":[{"href":"https:\/\/santiburisamui.com\/fr\/wp-json\/wp\/v2\/pages"}],"about":[{"href":"https:\/\/santiburisamui.com\/fr\/wp-json\/wp\/v2\/types\/page"}],"author":[{"embeddable":true,"href":"https:\/\/santiburisamui.com\/fr\/wp-json\/wp\/v2\/users\/11"}],"replies":[{"embeddable":true,"href":"https:\/\/santiburisamui.com\/fr\/wp-json\/wp\/v2\/comments?post=3887"}],"version-history":[{"count":8,"href":"https:\/\/santiburisamui.com\/fr\/wp-json\/wp\/v2\/pages\/3887\/revisions"}],"predecessor-version":[{"id":9152,"href":"https:\/\/santiburisamui.com\/fr\/wp-json\/wp\/v2\/pages\/3887\/revisions\/9152"}],"wp:attachment":[{"href":"https:\/\/santiburisamui.com\/fr\/wp-json\/wp\/v2\/media?parent=3887"}],"curies":[{"name":"wp","href":"https:\/\/api.w.org\/{rel}","templated":true}]}}