{"id":3930,"date":"2019-12-02T01:44:21","date_gmt":"2019-12-01T18:44:21","guid":{"rendered":"https:\/\/santiburisamui.com\/life-below-water\/"},"modified":"2024-11-21T16:17:48","modified_gmt":"2024-11-21T09:17:48","slug":"life-below-water","status":"publish","type":"page","link":"https:\/\/santiburisamui.com\/fr\/sustainability\/life-below-water\/","title":{"rendered":"LA VIE SOUS-MARINE"},"content":{"rendered":"<ul class=\"plainList\" style=\"margin-top: 0;\">\n<li><strong>Initiatives de r\u00e9duction des d\u00e9bris marins<\/strong>\n<ol>\n<li>Santiburi a interdit l\u2019utilisation de bouteilles en plastique dans ses locaux.<\/li>\n<li>Au lieu de cela, nous avons investi dans une usine d\u2019embouteillage et nous produisons notre propre eau.<\/li>\n<li>LEN H2O couvre les besoins de notre personnel et de nos invit\u00e9s et nous permet de fournir une station de recharge pour les invit\u00e9s ext\u00e9rieurs.<\/li>\n<li>Utilisation de pailles en bambou ou en citronnelle afin de limiter la consommation de plastique.<\/li>\n<\/ol>\n<\/li>\n<li><strong>Entretien du littoral.<\/strong>\n<ol>\n<li>Nettoyage quotidien et hebdomadaire de la plage, avec la participation de tous les membres de notre \u00e9quipe et des clients soucieux de l\u2019environnement.<\/li>\n<li>R\u00e9duire au minimum le rejet de d\u00e9chets toxiques dans la mer en maintenant la rivi\u00e8re propre gr\u00e2ce \u00e0 notre traitement de la rivi\u00e8re de vill\u00e9giature qui utilise des nettoyants naturels.<\/li>\n<\/ol>\n<\/li>\n<li><strong>L\u2019\u00e9ducation de la jeunesse<\/strong>\n<ol>\n<li>Le Junior Camp de Panya et Yim familiarise les enfants avec ses deux mascottes, un hippocampe et une \u00e9toile de mer, et les sensibilise aux \u00e9cosyst\u00e8mes c\u00f4tiers et au risque de surd\u00e9veloppement.<\/li>\n<li>Nos centres sportifs proposent la location de voiliers, de kayaks et de planches \u00e0 voile pour s\u2019initier aux courants marins de Koh Samui et d\u00e9couvrir l\u2019\u00e9cosyst\u00e8me de mani\u00e8re \u00e9cologique.<\/li>\n<\/ol>\n<\/li>\n<\/ul>\n","protected":false},"excerpt":{"rendered":"<p>Initiatives de r\u00e9duction des d\u00e9bris marins Santiburi a interdit l\u2019utilisation de bouteilles en plastique dans ses locaux. Au lieu de cela, nous avons investi dans une usine d\u2019embouteillage et nous produisons notre propre eau. LEN H2O couvre les besoins de notre personnel et de nos invit\u00e9s et nous permet de fournir une station de recharge [&hellip;]<\/p>\n","protected":false},"author":16,"featured_media":7751,"parent":3959,"menu_order":3,"comment_status":"closed","ping_status":"closed","template":"template-subpage.php","meta":{"inline_featured_image":false,"footnotes":""},"class_list":["post-3930","page","type-page","status-publish","has-post-thumbnail","hentry"],"yoast_head":"<!-- This site is optimized with the Yoast SEO plugin v27.3 - https:\/\/yoast.com\/product\/yoast-seo-wordpress\/ -->\n<title>Life below Water | Santiburi Koh Samui<\/title>\n<meta name=\"description\" content=\"The graceful flow of life below water reflects a disciplined marine and coastal conservation system, protecting the crystal blue waters of the island.\" \/>\n<meta name=\"robots\" content=\"index, follow, max-snippet:-1, max-image-preview:large, max-video-preview:-1\" \/>\n<link rel=\"canonical\" href=\"https:\/\/santiburisamui.com\/fr\/sustainability\/life-below-water\/\" \/>\n<meta property=\"og:locale\" content=\"fr_FR\" \/>\n<meta property=\"og:type\" content=\"article\" \/>\n<meta property=\"og:title\" content=\"Life below Water | Santiburi Koh Samui\" \/>\n<meta property=\"og:description\" content=\"The graceful flow of life below water reflects a disciplined marine and coastal conservation system, protecting the crystal blue waters of the island.\" \/>\n<meta property=\"og:url\" content=\"https:\/\/santiburisamui.com\/fr\/sustainability\/life-below-water\/\" \/>\n<meta property=\"og:site_name\" content=\"Santiburi Koh Samui\" \/>\n<meta property=\"article:modified_time\" content=\"2024-11-21T09:17:48+00:00\" \/>\n<meta property=\"og:image\" content=\"https:\/\/santiburisamui.com\/wp-content\/uploads\/2024\/11\/sks_crab-release2024-5.jpg\" \/>\n\t<meta property=\"og:image:width\" content=\"1462\" \/>\n\t<meta property=\"og:image:height\" content=\"944\" \/>\n\t<meta property=\"og:image:type\" content=\"image\/jpeg\" \/>\n<meta name=\"twitter:card\" content=\"summary_large_image\" \/>\n<meta name=\"twitter:label1\" content=\"Dur\u00e9e de lecture estim\u00e9e\" \/>\n\t<meta name=\"twitter:data1\" content=\"1 minute\" \/>\n<script type=\"application\/ld+json\" class=\"yoast-schema-graph\">{\"@context\":\"https:\\\/\\\/schema.org\",\"@graph\":[{\"@type\":\"WebPage\",\"@id\":\"https:\\\/\\\/santiburisamui.com\\\/fr\\\/sustainability\\\/life-below-water\\\/\",\"url\":\"https:\\\/\\\/santiburisamui.com\\\/fr\\\/sustainability\\\/life-below-water\\\/\",\"name\":\"Life below Water | Santiburi Koh Samui\",\"isPartOf\":{\"@id\":\"https:\\\/\\\/santiburisamui.com\\\/fr\\\/#website\"},\"primaryImageOfPage\":{\"@id\":\"https:\\\/\\\/santiburisamui.com\\\/fr\\\/sustainability\\\/life-below-water\\\/#primaryimage\"},\"image\":{\"@id\":\"https:\\\/\\\/santiburisamui.com\\\/fr\\\/sustainability\\\/life-below-water\\\/#primaryimage\"},\"thumbnailUrl\":\"https:\\\/\\\/santiburisamui.com\\\/wp-content\\\/uploads\\\/2024\\\/11\\\/sks_crab-release2024-5.jpg\",\"datePublished\":\"2019-12-01T18:44:21+00:00\",\"dateModified\":\"2024-11-21T09:17:48+00:00\",\"description\":\"The graceful flow of life below water reflects a disciplined marine and coastal conservation system, protecting the crystal blue waters of the island.\",\"breadcrumb\":{\"@id\":\"https:\\\/\\\/santiburisamui.com\\\/fr\\\/sustainability\\\/life-below-water\\\/#breadcrumb\"},\"inLanguage\":\"fr-FR\",\"potentialAction\":[{\"@type\":\"ReadAction\",\"target\":[\"https:\\\/\\\/santiburisamui.com\\\/fr\\\/sustainability\\\/life-below-water\\\/\"]}]},{\"@type\":\"ImageObject\",\"inLanguage\":\"fr-FR\",\"@id\":\"https:\\\/\\\/santiburisamui.com\\\/fr\\\/sustainability\\\/life-below-water\\\/#primaryimage\",\"url\":\"https:\\\/\\\/santiburisamui.com\\\/wp-content\\\/uploads\\\/2024\\\/11\\\/sks_crab-release2024-5.jpg\",\"contentUrl\":\"https:\\\/\\\/santiburisamui.com\\\/wp-content\\\/uploads\\\/2024\\\/11\\\/sks_crab-release2024-5.jpg\",\"width\":1462,\"height\":944},{\"@type\":\"BreadcrumbList\",\"@id\":\"https:\\\/\\\/santiburisamui.com\\\/fr\\\/sustainability\\\/life-below-water\\\/#breadcrumb\",\"itemListElement\":[{\"@type\":\"ListItem\",\"position\":1,\"name\":\"Home\",\"item\":\"https:\\\/\\\/santiburisamui.com\\\/fr\\\/\"},{\"@type\":\"ListItem\",\"position\":2,\"name\":\"NOTRE ENGAGEMENT DURABLE\",\"item\":\"https:\\\/\\\/santiburisamui.com\\\/fr\\\/sustainability\\\/\"},{\"@type\":\"ListItem\",\"position\":3,\"name\":\"LA VIE SOUS-MARINE\"}]},{\"@type\":\"WebSite\",\"@id\":\"https:\\\/\\\/santiburisamui.com\\\/fr\\\/#website\",\"url\":\"https:\\\/\\\/santiburisamui.com\\\/fr\\\/\",\"name\":\"Santiburi Koh Samui\",\"description\":\"\",\"potentialAction\":[{\"@type\":\"SearchAction\",\"target\":{\"@type\":\"EntryPoint\",\"urlTemplate\":\"https:\\\/\\\/santiburisamui.com\\\/fr\\\/?s={search_term_string}\"},\"query-input\":{\"@type\":\"PropertyValueSpecification\",\"valueRequired\":true,\"valueName\":\"search_term_string\"}}],\"inLanguage\":\"fr-FR\"}]}<\/script>\n<!-- \/ Yoast SEO plugin. -->","yoast_head_json":{"title":"Life below Water | Santiburi Koh Samui","description":"The graceful flow of life below water reflects a disciplined marine and coastal conservation system, protecting the crystal blue waters of the island.","robots":{"index":"index","follow":"follow","max-snippet":"max-snippet:-1","max-image-preview":"max-image-preview:large","max-video-preview":"max-video-preview:-1"},"canonical":"https:\/\/santiburisamui.com\/fr\/sustainability\/life-below-water\/","og_locale":"fr_FR","og_type":"article","og_title":"Life below Water | Santiburi Koh Samui","og_description":"The graceful flow of life below water reflects a disciplined marine and coastal conservation system, protecting the crystal blue waters of the island.","og_url":"https:\/\/santiburisamui.com\/fr\/sustainability\/life-below-water\/","og_site_name":"Santiburi Koh Samui","article_modified_time":"2024-11-21T09:17:48+00:00","og_image":[{"width":1462,"height":944,"url":"https:\/\/santiburisamui.com\/wp-content\/uploads\/2024\/11\/sks_crab-release2024-5.jpg","type":"image\/jpeg"}],"twitter_card":"summary_large_image","twitter_misc":{"Dur\u00e9e de lecture estim\u00e9e":"1 minute"},"schema":{"@context":"https:\/\/schema.org","@graph":[{"@type":"WebPage","@id":"https:\/\/santiburisamui.com\/fr\/sustainability\/life-below-water\/","url":"https:\/\/santiburisamui.com\/fr\/sustainability\/life-below-water\/","name":"Life below Water | Santiburi Koh Samui","isPartOf":{"@id":"https:\/\/santiburisamui.com\/fr\/#website"},"primaryImageOfPage":{"@id":"https:\/\/santiburisamui.com\/fr\/sustainability\/life-below-water\/#primaryimage"},"image":{"@id":"https:\/\/santiburisamui.com\/fr\/sustainability\/life-below-water\/#primaryimage"},"thumbnailUrl":"https:\/\/santiburisamui.com\/wp-content\/uploads\/2024\/11\/sks_crab-release2024-5.jpg","datePublished":"2019-12-01T18:44:21+00:00","dateModified":"2024-11-21T09:17:48+00:00","description":"The graceful flow of life below water reflects a disciplined marine and coastal conservation system, protecting the crystal blue waters of the island.","breadcrumb":{"@id":"https:\/\/santiburisamui.com\/fr\/sustainability\/life-below-water\/#breadcrumb"},"inLanguage":"fr-FR","potentialAction":[{"@type":"ReadAction","target":["https:\/\/santiburisamui.com\/fr\/sustainability\/life-below-water\/"]}]},{"@type":"ImageObject","inLanguage":"fr-FR","@id":"https:\/\/santiburisamui.com\/fr\/sustainability\/life-below-water\/#primaryimage","url":"https:\/\/santiburisamui.com\/wp-content\/uploads\/2024\/11\/sks_crab-release2024-5.jpg","contentUrl":"https:\/\/santiburisamui.com\/wp-content\/uploads\/2024\/11\/sks_crab-release2024-5.jpg","width":1462,"height":944},{"@type":"BreadcrumbList","@id":"https:\/\/santiburisamui.com\/fr\/sustainability\/life-below-water\/#breadcrumb","itemListElement":[{"@type":"ListItem","position":1,"name":"Home","item":"https:\/\/santiburisamui.com\/fr\/"},{"@type":"ListItem","position":2,"name":"NOTRE ENGAGEMENT DURABLE","item":"https:\/\/santiburisamui.com\/fr\/sustainability\/"},{"@type":"ListItem","position":3,"name":"LA VIE SOUS-MARINE"}]},{"@type":"WebSite","@id":"https:\/\/santiburisamui.com\/fr\/#website","url":"https:\/\/santiburisamui.com\/fr\/","name":"Santiburi Koh Samui","description":"","potentialAction":[{"@type":"SearchAction","target":{"@type":"EntryPoint","urlTemplate":"https:\/\/santiburisamui.com\/fr\/?s={search_term_string}"},"query-input":{"@type":"PropertyValueSpecification","valueRequired":true,"valueName":"search_term_string"}}],"inLanguage":"fr-FR"}]}},"publishpress_future_action":{"enabled":false,"date":"2026-04-20 23:28:57","action":"change-status","newStatus":"draft","terms":[],"taxonomy":"translation_priority","extraData":[]},"publishpress_future_workflow_manual_trigger":{"enabledWorkflows":[]},"_links":{"self":[{"href":"https:\/\/santiburisamui.com\/fr\/wp-json\/wp\/v2\/pages\/3930","targetHints":{"allow":["GET"]}}],"collection":[{"href":"https:\/\/santiburisamui.com\/fr\/wp-json\/wp\/v2\/pages"}],"about":[{"href":"https:\/\/santiburisamui.com\/fr\/wp-json\/wp\/v2\/types\/page"}],"author":[{"embeddable":true,"href":"https:\/\/santiburisamui.com\/fr\/wp-json\/wp\/v2\/users\/16"}],"replies":[{"embeddable":true,"href":"https:\/\/santiburisamui.com\/fr\/wp-json\/wp\/v2\/comments?post=3930"}],"version-history":[{"count":1,"href":"https:\/\/santiburisamui.com\/fr\/wp-json\/wp\/v2\/pages\/3930\/revisions"}],"predecessor-version":[{"id":4300,"href":"https:\/\/santiburisamui.com\/fr\/wp-json\/wp\/v2\/pages\/3930\/revisions\/4300"}],"up":[{"embeddable":true,"href":"https:\/\/santiburisamui.com\/fr\/wp-json\/wp\/v2\/pages\/3959"}],"wp:featuredmedia":[{"embeddable":true,"href":"https:\/\/santiburisamui.com\/fr\/wp-json\/wp\/v2\/media\/7751"}],"wp:attachment":[{"href":"https:\/\/santiburisamui.com\/fr\/wp-json\/wp\/v2\/media?parent=3930"}],"curies":[{"name":"wp","href":"https:\/\/api.w.org\/{rel}","templated":true}]}}