{"id":3932,"date":"2019-12-02T01:40:54","date_gmt":"2019-12-01T18:40:54","guid":{"rendered":"https:\/\/santiburisamui.com\/responsible-consumption-and-production\/"},"modified":"2024-11-21T16:17:29","modified_gmt":"2024-11-21T09:17:29","slug":"responsible-consumption-and-production","status":"publish","type":"page","link":"https:\/\/santiburisamui.com\/fr\/sustainability\/responsible-consumption-and-production\/","title":{"rendered":"CONSOMMATION ET PRODUCTION RESPONSABLES"},"content":{"rendered":"<ul class=\"plainList\" style=\"margin-top: 0;\">\n<li><strong>Mise en \u0153uvre de strat\u00e9gies d\u2019\u00e9conomie d\u2019\u00e9nergie et d\u2019eau<\/strong>\n<ol>\n<li>Maintenir un niveau \u00e9lev\u00e9 d\u2019efficacit\u00e9 des machines gr\u00e2ce \u00e0 un entretien pr\u00e9ventif planifi\u00e9.<\/li>\n<li>Utiliser des ampoules \u00e0 faible consommation d\u2019\u00e9nergie.<\/li>\n<li>R\u00e9utiliser les eaux grises pour les jardins.<\/li>\n<\/ol>\n<\/li>\n<li><strong>Gestion agressive des d\u00e9chets alimentaires<\/strong>\n<ol>\n<li>Suivre les techniques de travail et la demande de r\u00e9duction des d\u00e9chets organiques de la cuisine.<\/li>\n<li>Utilisation de la nanotechnologie de BCI pour \u00e9liminer les sous-produits \u00e0 fort volume tels que les graisses.<\/li>\n<li>D\u00e9velopper un \u00e9ventail de m\u00e9thodes de compostage pour r\u00e9utiliser efficacement les d\u00e9chets, notamment par la production continue de micro-organismes efficaces (EM) et de compost.<\/li>\n<\/ol>\n<\/li>\n<li><strong>R\u00e9duire la consommation de biens non r\u00e9utilisables de l\u2019h\u00f4tel.<\/strong>\n<ol>\n<li>Arr\u00eater l\u2019utilisation de pailles.<\/li>\n<li>Remplacer les bouteilles en plastique par du verre.<\/li>\n<li>R\u00e9duire les volumes d\u2019achat.<\/li>\n<\/ol>\n<\/li>\n<\/ul>\n","protected":false},"excerpt":{"rendered":"<p>Mise en \u0153uvre de strat\u00e9gies d\u2019\u00e9conomie d\u2019\u00e9nergie et d\u2019eau Maintenir un niveau \u00e9lev\u00e9 d\u2019efficacit\u00e9 des machines gr\u00e2ce \u00e0 un entretien pr\u00e9ventif planifi\u00e9. Utiliser des ampoules \u00e0 faible consommation d\u2019\u00e9nergie. R\u00e9utiliser les eaux grises pour les jardins. Gestion agressive des d\u00e9chets alimentaires Suivre les techniques de travail et la demande de r\u00e9duction des d\u00e9chets organiques de [&hellip;]<\/p>\n","protected":false},"author":16,"featured_media":7745,"parent":3959,"menu_order":2,"comment_status":"closed","ping_status":"closed","template":"template-subpage.php","meta":{"inline_featured_image":false,"footnotes":""},"class_list":["post-3932","page","type-page","status-publish","has-post-thumbnail","hentry"],"yoast_head":"<!-- This site is optimized with the Yoast SEO plugin v27.3 - https:\/\/yoast.com\/product\/yoast-seo-wordpress\/ -->\n<title>Responsible Consumption and Production | Santiburi Koh Samui<\/title>\n<meta name=\"description\" content=\"Responsible consumption and production are some of the core values of the resort, resulting in efficient energy-saving and waste reduction methods.\" \/>\n<meta name=\"robots\" content=\"index, follow, max-snippet:-1, max-image-preview:large, max-video-preview:-1\" \/>\n<link rel=\"canonical\" href=\"https:\/\/santiburisamui.com\/fr\/sustainability\/responsible-consumption-and-production\/\" \/>\n<meta property=\"og:locale\" content=\"fr_FR\" \/>\n<meta property=\"og:type\" content=\"article\" \/>\n<meta property=\"og:title\" content=\"Responsible Consumption and Production | Santiburi Koh Samui\" \/>\n<meta property=\"og:description\" content=\"Responsible consumption and production are some of the core values of the resort, resulting in efficient energy-saving and waste reduction methods.\" \/>\n<meta property=\"og:url\" content=\"https:\/\/santiburisamui.com\/fr\/sustainability\/responsible-consumption-and-production\/\" \/>\n<meta property=\"og:site_name\" content=\"Santiburi Koh Samui\" \/>\n<meta property=\"article:modified_time\" content=\"2024-11-21T09:17:29+00:00\" \/>\n<meta property=\"og:image\" content=\"https:\/\/santiburisamui.com\/wp-content\/uploads\/2024\/11\/santiburi-koh-samui_solar-cell.jpg\" \/>\n\t<meta property=\"og:image:width\" content=\"1920\" \/>\n\t<meta property=\"og:image:height\" content=\"1279\" \/>\n\t<meta property=\"og:image:type\" content=\"image\/jpeg\" \/>\n<meta name=\"twitter:card\" content=\"summary_large_image\" \/>\n<meta name=\"twitter:label1\" content=\"Dur\u00e9e de lecture estim\u00e9e\" \/>\n\t<meta name=\"twitter:data1\" content=\"1 minute\" \/>\n<script type=\"application\/ld+json\" class=\"yoast-schema-graph\">{\"@context\":\"https:\\\/\\\/schema.org\",\"@graph\":[{\"@type\":\"WebPage\",\"@id\":\"https:\\\/\\\/santiburisamui.com\\\/fr\\\/sustainability\\\/responsible-consumption-and-production\\\/\",\"url\":\"https:\\\/\\\/santiburisamui.com\\\/fr\\\/sustainability\\\/responsible-consumption-and-production\\\/\",\"name\":\"Responsible Consumption and Production | Santiburi Koh Samui\",\"isPartOf\":{\"@id\":\"https:\\\/\\\/santiburisamui.com\\\/fr\\\/#website\"},\"primaryImageOfPage\":{\"@id\":\"https:\\\/\\\/santiburisamui.com\\\/fr\\\/sustainability\\\/responsible-consumption-and-production\\\/#primaryimage\"},\"image\":{\"@id\":\"https:\\\/\\\/santiburisamui.com\\\/fr\\\/sustainability\\\/responsible-consumption-and-production\\\/#primaryimage\"},\"thumbnailUrl\":\"https:\\\/\\\/santiburisamui.com\\\/wp-content\\\/uploads\\\/2024\\\/11\\\/santiburi-koh-samui_solar-cell.jpg\",\"datePublished\":\"2019-12-01T18:40:54+00:00\",\"dateModified\":\"2024-11-21T09:17:29+00:00\",\"description\":\"Responsible consumption and production are some of the core values of the resort, resulting in efficient energy-saving and waste reduction methods.\",\"breadcrumb\":{\"@id\":\"https:\\\/\\\/santiburisamui.com\\\/fr\\\/sustainability\\\/responsible-consumption-and-production\\\/#breadcrumb\"},\"inLanguage\":\"fr-FR\",\"potentialAction\":[{\"@type\":\"ReadAction\",\"target\":[\"https:\\\/\\\/santiburisamui.com\\\/fr\\\/sustainability\\\/responsible-consumption-and-production\\\/\"]}]},{\"@type\":\"ImageObject\",\"inLanguage\":\"fr-FR\",\"@id\":\"https:\\\/\\\/santiburisamui.com\\\/fr\\\/sustainability\\\/responsible-consumption-and-production\\\/#primaryimage\",\"url\":\"https:\\\/\\\/santiburisamui.com\\\/wp-content\\\/uploads\\\/2024\\\/11\\\/santiburi-koh-samui_solar-cell.jpg\",\"contentUrl\":\"https:\\\/\\\/santiburisamui.com\\\/wp-content\\\/uploads\\\/2024\\\/11\\\/santiburi-koh-samui_solar-cell.jpg\",\"width\":1920,\"height\":1279},{\"@type\":\"BreadcrumbList\",\"@id\":\"https:\\\/\\\/santiburisamui.com\\\/fr\\\/sustainability\\\/responsible-consumption-and-production\\\/#breadcrumb\",\"itemListElement\":[{\"@type\":\"ListItem\",\"position\":1,\"name\":\"Home\",\"item\":\"https:\\\/\\\/santiburisamui.com\\\/fr\\\/\"},{\"@type\":\"ListItem\",\"position\":2,\"name\":\"NOTRE ENGAGEMENT DURABLE\",\"item\":\"https:\\\/\\\/santiburisamui.com\\\/fr\\\/sustainability\\\/\"},{\"@type\":\"ListItem\",\"position\":3,\"name\":\"CONSOMMATION ET PRODUCTION RESPONSABLES\"}]},{\"@type\":\"WebSite\",\"@id\":\"https:\\\/\\\/santiburisamui.com\\\/fr\\\/#website\",\"url\":\"https:\\\/\\\/santiburisamui.com\\\/fr\\\/\",\"name\":\"Santiburi Koh Samui\",\"description\":\"\",\"potentialAction\":[{\"@type\":\"SearchAction\",\"target\":{\"@type\":\"EntryPoint\",\"urlTemplate\":\"https:\\\/\\\/santiburisamui.com\\\/fr\\\/?s={search_term_string}\"},\"query-input\":{\"@type\":\"PropertyValueSpecification\",\"valueRequired\":true,\"valueName\":\"search_term_string\"}}],\"inLanguage\":\"fr-FR\"}]}<\/script>\n<!-- \/ Yoast SEO plugin. -->","yoast_head_json":{"title":"Responsible Consumption and Production | Santiburi Koh Samui","description":"Responsible consumption and production are some of the core values of the resort, resulting in efficient energy-saving and waste reduction methods.","robots":{"index":"index","follow":"follow","max-snippet":"max-snippet:-1","max-image-preview":"max-image-preview:large","max-video-preview":"max-video-preview:-1"},"canonical":"https:\/\/santiburisamui.com\/fr\/sustainability\/responsible-consumption-and-production\/","og_locale":"fr_FR","og_type":"article","og_title":"Responsible Consumption and Production | Santiburi Koh Samui","og_description":"Responsible consumption and production are some of the core values of the resort, resulting in efficient energy-saving and waste reduction methods.","og_url":"https:\/\/santiburisamui.com\/fr\/sustainability\/responsible-consumption-and-production\/","og_site_name":"Santiburi Koh Samui","article_modified_time":"2024-11-21T09:17:29+00:00","og_image":[{"width":1920,"height":1279,"url":"https:\/\/santiburisamui.com\/wp-content\/uploads\/2024\/11\/santiburi-koh-samui_solar-cell.jpg","type":"image\/jpeg"}],"twitter_card":"summary_large_image","twitter_misc":{"Dur\u00e9e de lecture estim\u00e9e":"1 minute"},"schema":{"@context":"https:\/\/schema.org","@graph":[{"@type":"WebPage","@id":"https:\/\/santiburisamui.com\/fr\/sustainability\/responsible-consumption-and-production\/","url":"https:\/\/santiburisamui.com\/fr\/sustainability\/responsible-consumption-and-production\/","name":"Responsible Consumption and Production | Santiburi Koh Samui","isPartOf":{"@id":"https:\/\/santiburisamui.com\/fr\/#website"},"primaryImageOfPage":{"@id":"https:\/\/santiburisamui.com\/fr\/sustainability\/responsible-consumption-and-production\/#primaryimage"},"image":{"@id":"https:\/\/santiburisamui.com\/fr\/sustainability\/responsible-consumption-and-production\/#primaryimage"},"thumbnailUrl":"https:\/\/santiburisamui.com\/wp-content\/uploads\/2024\/11\/santiburi-koh-samui_solar-cell.jpg","datePublished":"2019-12-01T18:40:54+00:00","dateModified":"2024-11-21T09:17:29+00:00","description":"Responsible consumption and production are some of the core values of the resort, resulting in efficient energy-saving and waste reduction methods.","breadcrumb":{"@id":"https:\/\/santiburisamui.com\/fr\/sustainability\/responsible-consumption-and-production\/#breadcrumb"},"inLanguage":"fr-FR","potentialAction":[{"@type":"ReadAction","target":["https:\/\/santiburisamui.com\/fr\/sustainability\/responsible-consumption-and-production\/"]}]},{"@type":"ImageObject","inLanguage":"fr-FR","@id":"https:\/\/santiburisamui.com\/fr\/sustainability\/responsible-consumption-and-production\/#primaryimage","url":"https:\/\/santiburisamui.com\/wp-content\/uploads\/2024\/11\/santiburi-koh-samui_solar-cell.jpg","contentUrl":"https:\/\/santiburisamui.com\/wp-content\/uploads\/2024\/11\/santiburi-koh-samui_solar-cell.jpg","width":1920,"height":1279},{"@type":"BreadcrumbList","@id":"https:\/\/santiburisamui.com\/fr\/sustainability\/responsible-consumption-and-production\/#breadcrumb","itemListElement":[{"@type":"ListItem","position":1,"name":"Home","item":"https:\/\/santiburisamui.com\/fr\/"},{"@type":"ListItem","position":2,"name":"NOTRE ENGAGEMENT DURABLE","item":"https:\/\/santiburisamui.com\/fr\/sustainability\/"},{"@type":"ListItem","position":3,"name":"CONSOMMATION ET PRODUCTION RESPONSABLES"}]},{"@type":"WebSite","@id":"https:\/\/santiburisamui.com\/fr\/#website","url":"https:\/\/santiburisamui.com\/fr\/","name":"Santiburi Koh Samui","description":"","potentialAction":[{"@type":"SearchAction","target":{"@type":"EntryPoint","urlTemplate":"https:\/\/santiburisamui.com\/fr\/?s={search_term_string}"},"query-input":{"@type":"PropertyValueSpecification","valueRequired":true,"valueName":"search_term_string"}}],"inLanguage":"fr-FR"}]}},"publishpress_future_action":{"enabled":false,"date":"2026-04-20 23:27:53","action":"change-status","newStatus":"draft","terms":[],"taxonomy":"translation_priority","extraData":[]},"publishpress_future_workflow_manual_trigger":{"enabledWorkflows":[]},"_links":{"self":[{"href":"https:\/\/santiburisamui.com\/fr\/wp-json\/wp\/v2\/pages\/3932","targetHints":{"allow":["GET"]}}],"collection":[{"href":"https:\/\/santiburisamui.com\/fr\/wp-json\/wp\/v2\/pages"}],"about":[{"href":"https:\/\/santiburisamui.com\/fr\/wp-json\/wp\/v2\/types\/page"}],"author":[{"embeddable":true,"href":"https:\/\/santiburisamui.com\/fr\/wp-json\/wp\/v2\/users\/16"}],"replies":[{"embeddable":true,"href":"https:\/\/santiburisamui.com\/fr\/wp-json\/wp\/v2\/comments?post=3932"}],"version-history":[{"count":1,"href":"https:\/\/santiburisamui.com\/fr\/wp-json\/wp\/v2\/pages\/3932\/revisions"}],"predecessor-version":[{"id":4302,"href":"https:\/\/santiburisamui.com\/fr\/wp-json\/wp\/v2\/pages\/3932\/revisions\/4302"}],"up":[{"embeddable":true,"href":"https:\/\/santiburisamui.com\/fr\/wp-json\/wp\/v2\/pages\/3959"}],"wp:featuredmedia":[{"embeddable":true,"href":"https:\/\/santiburisamui.com\/fr\/wp-json\/wp\/v2\/media\/7745"}],"wp:attachment":[{"href":"https:\/\/santiburisamui.com\/fr\/wp-json\/wp\/v2\/media?parent=3932"}],"curies":[{"name":"wp","href":"https:\/\/api.w.org\/{rel}","templated":true}]}}