{"id":3933,"date":"2019-12-02T01:36:30","date_gmt":"2019-12-01T18:36:30","guid":{"rendered":"https:\/\/santiburisamui.com\/sustainable-cities-and-communities\/"},"modified":"2024-11-21T16:17:41","modified_gmt":"2024-11-21T09:17:41","slug":"sustainable-cities-and-communities","status":"publish","type":"page","link":"https:\/\/santiburisamui.com\/fr\/sustainability\/sustainable-cities-and-communities\/","title":{"rendered":"VILLES ET COMMUNAUT\u00c9S DURABLES"},"content":{"rendered":"<ul class=\"plainList\" style=\"margin-top:0\">\n<li><strong>Atteindre la neutralit\u00e9 carbone<\/strong>\n<ol>\n<li>R\u00e9aliser des audits internes r\u00e9guliers sur le carbone<\/li>\n<li>Obtenir la certification de neutralit\u00e9 carbone aupr\u00e8s de l\u2019Organisation tha\u00eflandaise de gestion des gaz \u00e0 effet de serre (TGO)<\/li>\n<\/ol>\n<\/li>\n<li><strong>Soutenir les communaut\u00e9s<\/strong>\n<ol>\n<li>Employer des talents locaux et d\u00e9velopper les talents internes.<\/li>\n<li>Enseigner aux \u00e9coles de Koh Samui l\u2019utilisation des ressources naturelles et faire don des surplus de production. (Agent EM intrevenant sur les micro-organismes efficaces)<\/li>\n<li>S\u00e9lectionner des fournisseurs locaux et les former pour qu\u2019ils atteignent les normes internationales sans y laisser la qualit\u00e9.<\/li>\n<li>Organiser des \u00e9v\u00e9nements tels que la Santiburi\u2019s Fashion Mania, qui rassemblent les communaut\u00e9s et permet aux habitants de d\u00e9filer avec des mannequins internationaux.<\/li>\n<\/ol>\n<\/li>\n<li><strong>Une approche \u00ab de la plantation \u00e0 la table \u00bb<\/strong>\n<ol>\n<li>La p\u00e9pini\u00e8re de Santiburi est compos\u00e9e de 2 663 pots et de 38 types de plantes.<\/li>\n<li>Le jardin du chef de Santiburi produit des herbes, des fruits et des l\u00e9gumes afin de compl\u00e9ter la production de la cuisine et de communiquer avec nos invit\u00e9s lors de notre cours de cuisine sur les esp\u00e8ces end\u00e9miques.<\/li>\n<\/ol>\n<\/li>\n<\/ul>\n","protected":false},"excerpt":{"rendered":"<p>Atteindre la neutralit\u00e9 carbone R\u00e9aliser des audits internes r\u00e9guliers sur le carbone Obtenir la certification de neutralit\u00e9 carbone aupr\u00e8s de l\u2019Organisation tha\u00eflandaise de gestion des gaz \u00e0 effet de serre (TGO) Soutenir les communaut\u00e9s Employer des talents locaux et d\u00e9velopper les talents internes. Enseigner aux \u00e9coles de Koh Samui l\u2019utilisation des ressources naturelles et faire [&hellip;]<\/p>\n","protected":false},"author":16,"featured_media":7739,"parent":3959,"menu_order":1,"comment_status":"closed","ping_status":"closed","template":"template-subpage.php","meta":{"inline_featured_image":false,"footnotes":""},"class_list":["post-3933","page","type-page","status-publish","has-post-thumbnail","hentry"],"yoast_head":"<!-- This site is optimized with the Yoast SEO plugin v27.3 - https:\/\/yoast.com\/product\/yoast-seo-wordpress\/ -->\n<title>Sustainable Cities and Communities | Santiburi Koh Samui<\/title>\n<meta name=\"description\" content=\"Building sustainable cities and communities act as a pivotal part of the resort policy. Finer living conditions for those who reside, and visit are vital.\" \/>\n<meta name=\"robots\" content=\"index, follow, max-snippet:-1, max-image-preview:large, max-video-preview:-1\" \/>\n<link rel=\"canonical\" href=\"https:\/\/santiburisamui.com\/fr\/sustainability\/sustainable-cities-and-communities\/\" \/>\n<meta property=\"og:locale\" content=\"fr_FR\" \/>\n<meta property=\"og:type\" content=\"article\" \/>\n<meta property=\"og:title\" content=\"Sustainable Cities and Communities | Santiburi Koh Samui\" \/>\n<meta property=\"og:description\" content=\"Building sustainable cities and communities act as a pivotal part of the resort policy. Finer living conditions for those who reside, and visit are vital.\" \/>\n<meta property=\"og:url\" content=\"https:\/\/santiburisamui.com\/fr\/sustainability\/sustainable-cities-and-communities\/\" \/>\n<meta property=\"og:site_name\" content=\"Santiburi Koh Samui\" \/>\n<meta property=\"article:modified_time\" content=\"2024-11-21T09:17:41+00:00\" \/>\n<meta property=\"og:image\" content=\"https:\/\/santiburisamui.com\/wp-content\/uploads\/2024\/11\/03-santiburi-maenam-resort.jpg\" \/>\n\t<meta property=\"og:image:width\" content=\"1920\" \/>\n\t<meta property=\"og:image:height\" content=\"1341\" \/>\n\t<meta property=\"og:image:type\" content=\"image\/jpeg\" \/>\n<meta name=\"twitter:card\" content=\"summary_large_image\" \/>\n<meta name=\"twitter:label1\" content=\"Dur\u00e9e de lecture estim\u00e9e\" \/>\n\t<meta name=\"twitter:data1\" content=\"1 minute\" \/>\n<script type=\"application\/ld+json\" class=\"yoast-schema-graph\">{\"@context\":\"https:\\\/\\\/schema.org\",\"@graph\":[{\"@type\":\"WebPage\",\"@id\":\"https:\\\/\\\/santiburisamui.com\\\/fr\\\/sustainability\\\/sustainable-cities-and-communities\\\/\",\"url\":\"https:\\\/\\\/santiburisamui.com\\\/fr\\\/sustainability\\\/sustainable-cities-and-communities\\\/\",\"name\":\"Sustainable Cities and Communities | Santiburi Koh Samui\",\"isPartOf\":{\"@id\":\"https:\\\/\\\/santiburisamui.com\\\/fr\\\/#website\"},\"primaryImageOfPage\":{\"@id\":\"https:\\\/\\\/santiburisamui.com\\\/fr\\\/sustainability\\\/sustainable-cities-and-communities\\\/#primaryimage\"},\"image\":{\"@id\":\"https:\\\/\\\/santiburisamui.com\\\/fr\\\/sustainability\\\/sustainable-cities-and-communities\\\/#primaryimage\"},\"thumbnailUrl\":\"https:\\\/\\\/santiburisamui.com\\\/wp-content\\\/uploads\\\/2024\\\/11\\\/03-santiburi-maenam-resort.jpg\",\"datePublished\":\"2019-12-01T18:36:30+00:00\",\"dateModified\":\"2024-11-21T09:17:41+00:00\",\"description\":\"Building sustainable cities and communities act as a pivotal part of the resort policy. Finer living conditions for those who reside, and visit are vital.\",\"breadcrumb\":{\"@id\":\"https:\\\/\\\/santiburisamui.com\\\/fr\\\/sustainability\\\/sustainable-cities-and-communities\\\/#breadcrumb\"},\"inLanguage\":\"fr-FR\",\"potentialAction\":[{\"@type\":\"ReadAction\",\"target\":[\"https:\\\/\\\/santiburisamui.com\\\/fr\\\/sustainability\\\/sustainable-cities-and-communities\\\/\"]}]},{\"@type\":\"ImageObject\",\"inLanguage\":\"fr-FR\",\"@id\":\"https:\\\/\\\/santiburisamui.com\\\/fr\\\/sustainability\\\/sustainable-cities-and-communities\\\/#primaryimage\",\"url\":\"https:\\\/\\\/santiburisamui.com\\\/wp-content\\\/uploads\\\/2024\\\/11\\\/03-santiburi-maenam-resort.jpg\",\"contentUrl\":\"https:\\\/\\\/santiburisamui.com\\\/wp-content\\\/uploads\\\/2024\\\/11\\\/03-santiburi-maenam-resort.jpg\",\"width\":1920,\"height\":1341},{\"@type\":\"BreadcrumbList\",\"@id\":\"https:\\\/\\\/santiburisamui.com\\\/fr\\\/sustainability\\\/sustainable-cities-and-communities\\\/#breadcrumb\",\"itemListElement\":[{\"@type\":\"ListItem\",\"position\":1,\"name\":\"Home\",\"item\":\"https:\\\/\\\/santiburisamui.com\\\/fr\\\/\"},{\"@type\":\"ListItem\",\"position\":2,\"name\":\"NOTRE ENGAGEMENT DURABLE\",\"item\":\"https:\\\/\\\/santiburisamui.com\\\/fr\\\/sustainability\\\/\"},{\"@type\":\"ListItem\",\"position\":3,\"name\":\"VILLES ET COMMUNAUT\u00c9S DURABLES\"}]},{\"@type\":\"WebSite\",\"@id\":\"https:\\\/\\\/santiburisamui.com\\\/fr\\\/#website\",\"url\":\"https:\\\/\\\/santiburisamui.com\\\/fr\\\/\",\"name\":\"Santiburi Koh Samui\",\"description\":\"\",\"potentialAction\":[{\"@type\":\"SearchAction\",\"target\":{\"@type\":\"EntryPoint\",\"urlTemplate\":\"https:\\\/\\\/santiburisamui.com\\\/fr\\\/?s={search_term_string}\"},\"query-input\":{\"@type\":\"PropertyValueSpecification\",\"valueRequired\":true,\"valueName\":\"search_term_string\"}}],\"inLanguage\":\"fr-FR\"}]}<\/script>\n<!-- \/ Yoast SEO plugin. -->","yoast_head_json":{"title":"Sustainable Cities and Communities | Santiburi Koh Samui","description":"Building sustainable cities and communities act as a pivotal part of the resort policy. Finer living conditions for those who reside, and visit are vital.","robots":{"index":"index","follow":"follow","max-snippet":"max-snippet:-1","max-image-preview":"max-image-preview:large","max-video-preview":"max-video-preview:-1"},"canonical":"https:\/\/santiburisamui.com\/fr\/sustainability\/sustainable-cities-and-communities\/","og_locale":"fr_FR","og_type":"article","og_title":"Sustainable Cities and Communities | Santiburi Koh Samui","og_description":"Building sustainable cities and communities act as a pivotal part of the resort policy. Finer living conditions for those who reside, and visit are vital.","og_url":"https:\/\/santiburisamui.com\/fr\/sustainability\/sustainable-cities-and-communities\/","og_site_name":"Santiburi Koh Samui","article_modified_time":"2024-11-21T09:17:41+00:00","og_image":[{"width":1920,"height":1341,"url":"https:\/\/santiburisamui.com\/wp-content\/uploads\/2024\/11\/03-santiburi-maenam-resort.jpg","type":"image\/jpeg"}],"twitter_card":"summary_large_image","twitter_misc":{"Dur\u00e9e de lecture estim\u00e9e":"1 minute"},"schema":{"@context":"https:\/\/schema.org","@graph":[{"@type":"WebPage","@id":"https:\/\/santiburisamui.com\/fr\/sustainability\/sustainable-cities-and-communities\/","url":"https:\/\/santiburisamui.com\/fr\/sustainability\/sustainable-cities-and-communities\/","name":"Sustainable Cities and Communities | Santiburi Koh Samui","isPartOf":{"@id":"https:\/\/santiburisamui.com\/fr\/#website"},"primaryImageOfPage":{"@id":"https:\/\/santiburisamui.com\/fr\/sustainability\/sustainable-cities-and-communities\/#primaryimage"},"image":{"@id":"https:\/\/santiburisamui.com\/fr\/sustainability\/sustainable-cities-and-communities\/#primaryimage"},"thumbnailUrl":"https:\/\/santiburisamui.com\/wp-content\/uploads\/2024\/11\/03-santiburi-maenam-resort.jpg","datePublished":"2019-12-01T18:36:30+00:00","dateModified":"2024-11-21T09:17:41+00:00","description":"Building sustainable cities and communities act as a pivotal part of the resort policy. Finer living conditions for those who reside, and visit are vital.","breadcrumb":{"@id":"https:\/\/santiburisamui.com\/fr\/sustainability\/sustainable-cities-and-communities\/#breadcrumb"},"inLanguage":"fr-FR","potentialAction":[{"@type":"ReadAction","target":["https:\/\/santiburisamui.com\/fr\/sustainability\/sustainable-cities-and-communities\/"]}]},{"@type":"ImageObject","inLanguage":"fr-FR","@id":"https:\/\/santiburisamui.com\/fr\/sustainability\/sustainable-cities-and-communities\/#primaryimage","url":"https:\/\/santiburisamui.com\/wp-content\/uploads\/2024\/11\/03-santiburi-maenam-resort.jpg","contentUrl":"https:\/\/santiburisamui.com\/wp-content\/uploads\/2024\/11\/03-santiburi-maenam-resort.jpg","width":1920,"height":1341},{"@type":"BreadcrumbList","@id":"https:\/\/santiburisamui.com\/fr\/sustainability\/sustainable-cities-and-communities\/#breadcrumb","itemListElement":[{"@type":"ListItem","position":1,"name":"Home","item":"https:\/\/santiburisamui.com\/fr\/"},{"@type":"ListItem","position":2,"name":"NOTRE ENGAGEMENT DURABLE","item":"https:\/\/santiburisamui.com\/fr\/sustainability\/"},{"@type":"ListItem","position":3,"name":"VILLES ET COMMUNAUT\u00c9S DURABLES"}]},{"@type":"WebSite","@id":"https:\/\/santiburisamui.com\/fr\/#website","url":"https:\/\/santiburisamui.com\/fr\/","name":"Santiburi Koh Samui","description":"","potentialAction":[{"@type":"SearchAction","target":{"@type":"EntryPoint","urlTemplate":"https:\/\/santiburisamui.com\/fr\/?s={search_term_string}"},"query-input":{"@type":"PropertyValueSpecification","valueRequired":true,"valueName":"search_term_string"}}],"inLanguage":"fr-FR"}]}},"publishpress_future_action":{"enabled":false,"date":"2026-04-20 23:21:14","action":"change-status","newStatus":"draft","terms":[],"taxonomy":"translation_priority","extraData":[]},"publishpress_future_workflow_manual_trigger":{"enabledWorkflows":[]},"_links":{"self":[{"href":"https:\/\/santiburisamui.com\/fr\/wp-json\/wp\/v2\/pages\/3933","targetHints":{"allow":["GET"]}}],"collection":[{"href":"https:\/\/santiburisamui.com\/fr\/wp-json\/wp\/v2\/pages"}],"about":[{"href":"https:\/\/santiburisamui.com\/fr\/wp-json\/wp\/v2\/types\/page"}],"author":[{"embeddable":true,"href":"https:\/\/santiburisamui.com\/fr\/wp-json\/wp\/v2\/users\/16"}],"replies":[{"embeddable":true,"href":"https:\/\/santiburisamui.com\/fr\/wp-json\/wp\/v2\/comments?post=3933"}],"version-history":[{"count":1,"href":"https:\/\/santiburisamui.com\/fr\/wp-json\/wp\/v2\/pages\/3933\/revisions"}],"predecessor-version":[{"id":4298,"href":"https:\/\/santiburisamui.com\/fr\/wp-json\/wp\/v2\/pages\/3933\/revisions\/4298"}],"up":[{"embeddable":true,"href":"https:\/\/santiburisamui.com\/fr\/wp-json\/wp\/v2\/pages\/3959"}],"wp:featuredmedia":[{"embeddable":true,"href":"https:\/\/santiburisamui.com\/fr\/wp-json\/wp\/v2\/media\/7739"}],"wp:attachment":[{"href":"https:\/\/santiburisamui.com\/fr\/wp-json\/wp\/v2\/media?parent=3933"}],"curies":[{"name":"wp","href":"https:\/\/api.w.org\/{rel}","templated":true}]}}