{"id":3954,"date":"2019-08-05T02:54:48","date_gmt":"2019-08-04T19:54:48","guid":{"rendered":"https:\/\/santiburisamui.com\/contact-us\/"},"modified":"2022-08-30T17:07:28","modified_gmt":"2022-08-30T10:07:28","slug":"contact-us","status":"publish","type":"page","link":"https:\/\/santiburisamui.com\/fr\/contact-us\/","title":{"rendered":"Nous contacter"},"content":{"rendered":"<p>Nos suites et villas luxueuses, nos sp\u00e9cialit\u00e9s culinaires, notre spa, nos sports nautiques, notre golf et notre Junior Camp s\u2019allient pour vous offrir des vacances parfaites sur l\u2019\u00eele la plus c\u00e9l\u00e8bre de Tha\u00eflande.<\/p>\n","protected":false},"excerpt":{"rendered":"<p>Nos suites et villas luxueuses, nos sp\u00e9cialit\u00e9s culinaires, notre spa, nos sports nautiques, notre golf et notre Junior Camp s\u2019allient pour vous offrir des vacances parfaites sur l\u2019\u00eele la plus c\u00e9l\u00e8bre de Tha\u00eflande.<\/p>\n","protected":false},"author":16,"featured_media":0,"parent":0,"menu_order":0,"comment_status":"closed","ping_status":"closed","template":"template-contactdetails.php","meta":{"inline_featured_image":false,"footnotes":""},"class_list":["post-3954","page","type-page","status-publish","hentry"],"yoast_head":"<!-- This site is optimized with the Yoast SEO plugin v27.3 - https:\/\/yoast.com\/product\/yoast-seo-wordpress\/ -->\n<title>Contact Santiburi Koh Samui | Telephone, Email<\/title>\n<meta name=\"description\" content=\"Get in touch with us to find solutions for all your questions and queries. Contact Santiburi Koh Samui for more information or fill out the form below.\" \/>\n<meta name=\"robots\" content=\"index, follow, max-snippet:-1, max-image-preview:large, max-video-preview:-1\" \/>\n<link rel=\"canonical\" href=\"https:\/\/santiburisamui.com\/fr\/contact-us\/\" \/>\n<meta property=\"og:locale\" content=\"fr_FR\" \/>\n<meta property=\"og:type\" content=\"article\" \/>\n<meta property=\"og:title\" content=\"Contact Santiburi Koh Samui | Telephone, Email\" \/>\n<meta property=\"og:description\" content=\"Get in touch with us to find solutions for all your questions and queries. Contact Santiburi Koh Samui for more information or fill out the form below.\" \/>\n<meta property=\"og:url\" content=\"https:\/\/santiburisamui.com\/fr\/contact-us\/\" \/>\n<meta property=\"og:site_name\" content=\"Santiburi Koh Samui\" \/>\n<meta property=\"article:modified_time\" content=\"2022-08-30T10:07:28+00:00\" \/>\n<meta property=\"og:image\" content=\"https:\/\/santiburisamui.com\/wp-content\/uploads\/2019\/10\/santiburi-koh-samui.jpg\" \/>\n\t<meta property=\"og:image:width\" content=\"1200\" \/>\n\t<meta property=\"og:image:height\" content=\"630\" \/>\n\t<meta property=\"og:image:type\" content=\"image\/jpeg\" \/>\n<meta name=\"twitter:card\" content=\"summary_large_image\" \/>\n<meta name=\"twitter:label1\" content=\"Dur\u00e9e de lecture estim\u00e9e\" \/>\n\t<meta name=\"twitter:data1\" content=\"1 minute\" \/>\n<script type=\"application\/ld+json\" class=\"yoast-schema-graph\">{\"@context\":\"https:\\\/\\\/schema.org\",\"@graph\":[{\"@type\":\"WebPage\",\"@id\":\"https:\\\/\\\/santiburisamui.com\\\/fr\\\/contact-us\\\/\",\"url\":\"https:\\\/\\\/santiburisamui.com\\\/fr\\\/contact-us\\\/\",\"name\":\"Contact Santiburi Koh Samui | Telephone, Email\",\"isPartOf\":{\"@id\":\"https:\\\/\\\/santiburisamui.com\\\/fr\\\/#website\"},\"datePublished\":\"2019-08-04T19:54:48+00:00\",\"dateModified\":\"2022-08-30T10:07:28+00:00\",\"description\":\"Get in touch with us to find solutions for all your questions and queries. Contact Santiburi Koh Samui for more information or fill out the form below.\",\"breadcrumb\":{\"@id\":\"https:\\\/\\\/santiburisamui.com\\\/fr\\\/contact-us\\\/#breadcrumb\"},\"inLanguage\":\"fr-FR\",\"potentialAction\":[{\"@type\":\"ReadAction\",\"target\":[\"https:\\\/\\\/santiburisamui.com\\\/fr\\\/contact-us\\\/\"]}]},{\"@type\":\"BreadcrumbList\",\"@id\":\"https:\\\/\\\/santiburisamui.com\\\/fr\\\/contact-us\\\/#breadcrumb\",\"itemListElement\":[{\"@type\":\"ListItem\",\"position\":1,\"name\":\"Home\",\"item\":\"https:\\\/\\\/santiburisamui.com\\\/fr\\\/\"},{\"@type\":\"ListItem\",\"position\":2,\"name\":\"Nous contacter\"}]},{\"@type\":\"WebSite\",\"@id\":\"https:\\\/\\\/santiburisamui.com\\\/fr\\\/#website\",\"url\":\"https:\\\/\\\/santiburisamui.com\\\/fr\\\/\",\"name\":\"Santiburi Koh Samui\",\"description\":\"\",\"potentialAction\":[{\"@type\":\"SearchAction\",\"target\":{\"@type\":\"EntryPoint\",\"urlTemplate\":\"https:\\\/\\\/santiburisamui.com\\\/fr\\\/?s={search_term_string}\"},\"query-input\":{\"@type\":\"PropertyValueSpecification\",\"valueRequired\":true,\"valueName\":\"search_term_string\"}}],\"inLanguage\":\"fr-FR\"}]}<\/script>\n<!-- \/ Yoast SEO plugin. -->","yoast_head_json":{"title":"Contact Santiburi Koh Samui | Telephone, Email","description":"Get in touch with us to find solutions for all your questions and queries. Contact Santiburi Koh Samui for more information or fill out the form below.","robots":{"index":"index","follow":"follow","max-snippet":"max-snippet:-1","max-image-preview":"max-image-preview:large","max-video-preview":"max-video-preview:-1"},"canonical":"https:\/\/santiburisamui.com\/fr\/contact-us\/","og_locale":"fr_FR","og_type":"article","og_title":"Contact Santiburi Koh Samui | Telephone, Email","og_description":"Get in touch with us to find solutions for all your questions and queries. Contact Santiburi Koh Samui for more information or fill out the form below.","og_url":"https:\/\/santiburisamui.com\/fr\/contact-us\/","og_site_name":"Santiburi Koh Samui","article_modified_time":"2022-08-30T10:07:28+00:00","og_image":[{"width":1200,"height":630,"url":"https:\/\/santiburisamui.com\/wp-content\/uploads\/2019\/10\/santiburi-koh-samui.jpg","type":"image\/jpeg"}],"twitter_card":"summary_large_image","twitter_misc":{"Dur\u00e9e de lecture estim\u00e9e":"1 minute"},"schema":{"@context":"https:\/\/schema.org","@graph":[{"@type":"WebPage","@id":"https:\/\/santiburisamui.com\/fr\/contact-us\/","url":"https:\/\/santiburisamui.com\/fr\/contact-us\/","name":"Contact Santiburi Koh Samui | Telephone, Email","isPartOf":{"@id":"https:\/\/santiburisamui.com\/fr\/#website"},"datePublished":"2019-08-04T19:54:48+00:00","dateModified":"2022-08-30T10:07:28+00:00","description":"Get in touch with us to find solutions for all your questions and queries. Contact Santiburi Koh Samui for more information or fill out the form below.","breadcrumb":{"@id":"https:\/\/santiburisamui.com\/fr\/contact-us\/#breadcrumb"},"inLanguage":"fr-FR","potentialAction":[{"@type":"ReadAction","target":["https:\/\/santiburisamui.com\/fr\/contact-us\/"]}]},{"@type":"BreadcrumbList","@id":"https:\/\/santiburisamui.com\/fr\/contact-us\/#breadcrumb","itemListElement":[{"@type":"ListItem","position":1,"name":"Home","item":"https:\/\/santiburisamui.com\/fr\/"},{"@type":"ListItem","position":2,"name":"Nous contacter"}]},{"@type":"WebSite","@id":"https:\/\/santiburisamui.com\/fr\/#website","url":"https:\/\/santiburisamui.com\/fr\/","name":"Santiburi Koh Samui","description":"","potentialAction":[{"@type":"SearchAction","target":{"@type":"EntryPoint","urlTemplate":"https:\/\/santiburisamui.com\/fr\/?s={search_term_string}"},"query-input":{"@type":"PropertyValueSpecification","valueRequired":true,"valueName":"search_term_string"}}],"inLanguage":"fr-FR"}]}},"publishpress_future_action":{"enabled":false,"date":"2026-04-20 22:23:22","action":"change-status","newStatus":"draft","terms":[],"taxonomy":"translation_priority","extraData":[]},"publishpress_future_workflow_manual_trigger":{"enabledWorkflows":[]},"_links":{"self":[{"href":"https:\/\/santiburisamui.com\/fr\/wp-json\/wp\/v2\/pages\/3954","targetHints":{"allow":["GET"]}}],"collection":[{"href":"https:\/\/santiburisamui.com\/fr\/wp-json\/wp\/v2\/pages"}],"about":[{"href":"https:\/\/santiburisamui.com\/fr\/wp-json\/wp\/v2\/types\/page"}],"author":[{"embeddable":true,"href":"https:\/\/santiburisamui.com\/fr\/wp-json\/wp\/v2\/users\/16"}],"replies":[{"embeddable":true,"href":"https:\/\/santiburisamui.com\/fr\/wp-json\/wp\/v2\/comments?post=3954"}],"version-history":[{"count":3,"href":"https:\/\/santiburisamui.com\/fr\/wp-json\/wp\/v2\/pages\/3954\/revisions"}],"predecessor-version":[{"id":4328,"href":"https:\/\/santiburisamui.com\/fr\/wp-json\/wp\/v2\/pages\/3954\/revisions\/4328"}],"wp:attachment":[{"href":"https:\/\/santiburisamui.com\/fr\/wp-json\/wp\/v2\/media?parent=3954"}],"curies":[{"name":"wp","href":"https:\/\/api.w.org\/{rel}","templated":true}]}}