{"id":3959,"date":"2019-08-05T02:53:58","date_gmt":"2019-08-04T19:53:58","guid":{"rendered":"https:\/\/santiburisamui.com\/sustainability\/"},"modified":"2024-11-21T16:29:16","modified_gmt":"2024-11-21T09:29:16","slug":"sustainability","status":"publish","type":"page","link":"https:\/\/santiburisamui.com\/fr\/sustainability\/","title":{"rendered":"NOTRE ENGAGEMENT DURABLE"},"content":{"rendered":"<div class=\"limited_w\"><strong>Le d\u00e9veloppement durable et la responsabilit\u00e9 sociale font partie de l\u2019ADN et des valeurs de S Hotels &amp; Resorts. Nous adh\u00e9rons fermement aux principes de respect et d\u2019\u00e9change culturels, aux actions de soutien et d\u2019innovation pour pr\u00e9server l\u2019environnement naturel, et nous sommes fiers de prot\u00e9ger, soigner et aider \u00e0 d\u00e9velopper les communaut\u00e9s locales.<\/strong>Santiburi Koh Samui n\u2019est pas seulement le premier complexe h\u00f4telier de luxe tha\u00eflandais de l\u2019\u00eele, c\u2019est aussi un membre important et actif de la communaut\u00e9 des affaires et du tourisme de Koh Samui.Le complexe est un employeur local important depuis pr\u00e8s de 30\u00a0ans et coop\u00e8re \u00e9troitement avec les autorit\u00e9s publiques et insulaires pour pr\u00e9server l\u2019environnement naturel de la c\u00f4te nord de Koh Samui.<\/p>\n<p>Notre approche visant \u00e0 adopter les meilleures pratiques en mati\u00e8re de durabilit\u00e9 comprend la mise en \u0153uvre de strat\u00e9gies d\u2019\u00e9conomie d\u2019\u00e9nergie et d\u2019eau, le recyclage des eaux grises et la gestion des d\u00e9chets, l\u2019utilisation de pesticides non chimiques dans le jardin, l\u2019approvisionnement en produits locaux d\u00e8s que possible et le soutien de projets communautaires, que ce soit par des fonds ou par une assistance volontaire.<\/p>\n<p>Santiburi Koh Samui soutient \u00e9galement les initiatives environnementales r\u00e9gionales par le biais de sa soci\u00e9t\u00e9 propri\u00e9taire Singha Estate.<\/p>\n<\/div>\n<div class=\"stubs\"><div class=\"css_grid css_grid--halves\"><div class='css_grid_item'><div class='stub_container'><a class='stub--link' href='https:\/\/santiburisamui.com\/fr\/sustainability\/life-on-land\/'><div class='stub--image'><img src='https:\/\/santiburisamui.com\/wp-content\/uploads\/2024\/11\/life-on-land.jpg' alt='Life On Land Image' \/><\/div><h2 class='stub--heading'>Life On Land<\/h2><\/a><\/div><\/div><div class='css_grid_item'><div class='stub_container'><a class='stub--link' href='https:\/\/santiburisamui.com\/fr\/sustainability\/sustainable-cities-and-communities\/'><div class='stub--image'><img src='https:\/\/santiburisamui.com\/wp-content\/uploads\/2024\/11\/03-santiburi-maenam-resort-720x480.jpg' alt='VILLES ET COMMUNAUT\u00c9S DURABLES Image' \/><\/div><h2 class='stub--heading'>VILLES ET COMMUNAUT\u00c9S DURABLES<\/h2><\/a><\/div><\/div><div class='css_grid_item'><div class='stub_container'><a class='stub--link' href='https:\/\/santiburisamui.com\/fr\/sustainability\/responsible-consumption-and-production\/'><div class='stub--image'><img src='https:\/\/santiburisamui.com\/wp-content\/uploads\/2024\/11\/santiburi-koh-samui_solar-cell-720x480.jpg' alt='CONSOMMATION ET PRODUCTION RESPONSABLES Image' \/><\/div><h2 class='stub--heading'>CONSOMMATION ET PRODUCTION RESPONSABLES<\/h2><\/a><\/div><\/div><div class='css_grid_item'><div class='stub_container'><a class='stub--link' href='https:\/\/santiburisamui.com\/fr\/sustainability\/life-below-water\/'><div class='stub--image'><img src='https:\/\/santiburisamui.com\/wp-content\/uploads\/2024\/11\/sks_crab-release2024-5-720x480.jpg' alt='LA VIE SOUS-MARINE Image' \/><\/div><h2 class='stub--heading'>LA VIE SOUS-MARINE<\/h2><\/a><\/div><\/div><\/div><\/div>\n","protected":false},"excerpt":{"rendered":"<p>Le d\u00e9veloppement durable et la responsabilit\u00e9 sociale font partie de l\u2019ADN et des valeurs de S Hotels &amp; Resorts. Nous adh\u00e9rons fermement aux principes de respect et d\u2019\u00e9change culturels, aux actions de soutien et d\u2019innovation pour pr\u00e9server l\u2019environnement naturel, et nous sommes fiers de prot\u00e9ger, soigner et aider \u00e0 d\u00e9velopper les communaut\u00e9s locales.Santiburi Koh Samui [&hellip;]<\/p>\n","protected":false},"author":16,"featured_media":0,"parent":0,"menu_order":0,"comment_status":"closed","ping_status":"closed","template":"","meta":{"inline_featured_image":false,"footnotes":""},"class_list":["post-3959","page","type-page","status-publish","hentry"],"yoast_head":"<!-- This site is optimized with the Yoast SEO plugin v27.3 - https:\/\/yoast.com\/product\/yoast-seo-wordpress\/ -->\n<title>Sustainability | Santiburi Koh Samui<\/title>\n<meta name=\"description\" content=\"Following a number of noteworthy sustainability practices, Santiburi Koh Samui ensures that innovative approaches are made in preserving the environment.\" \/>\n<meta name=\"robots\" content=\"index, follow, max-snippet:-1, max-image-preview:large, max-video-preview:-1\" \/>\n<link rel=\"canonical\" href=\"https:\/\/santiburisamui.com\/fr\/sustainability\/\" \/>\n<meta property=\"og:locale\" content=\"fr_FR\" \/>\n<meta property=\"og:type\" content=\"article\" \/>\n<meta property=\"og:title\" content=\"Sustainability | Santiburi Koh Samui\" \/>\n<meta property=\"og:description\" content=\"Following a number of noteworthy sustainability practices, Santiburi Koh Samui ensures that innovative approaches are made in preserving the environment.\" \/>\n<meta property=\"og:url\" content=\"https:\/\/santiburisamui.com\/fr\/sustainability\/\" \/>\n<meta property=\"og:site_name\" content=\"Santiburi Koh Samui\" \/>\n<meta property=\"article:modified_time\" content=\"2024-11-21T09:29:16+00:00\" \/>\n<meta property=\"og:image\" content=\"https:\/\/santiburisamui.com\/wp-content\/uploads\/2019\/10\/santiburi-koh-samui.jpg\" \/>\n\t<meta property=\"og:image:width\" content=\"1200\" \/>\n\t<meta property=\"og:image:height\" content=\"630\" \/>\n\t<meta property=\"og:image:type\" content=\"image\/jpeg\" \/>\n<meta name=\"twitter:card\" content=\"summary_large_image\" \/>\n<meta name=\"twitter:label1\" content=\"Dur\u00e9e de lecture estim\u00e9e\" \/>\n\t<meta name=\"twitter:data1\" content=\"1 minute\" \/>\n<script type=\"application\/ld+json\" class=\"yoast-schema-graph\">{\"@context\":\"https:\\\/\\\/schema.org\",\"@graph\":[{\"@type\":\"WebPage\",\"@id\":\"https:\\\/\\\/santiburisamui.com\\\/fr\\\/sustainability\\\/\",\"url\":\"https:\\\/\\\/santiburisamui.com\\\/fr\\\/sustainability\\\/\",\"name\":\"Sustainability | Santiburi Koh Samui\",\"isPartOf\":{\"@id\":\"https:\\\/\\\/santiburisamui.com\\\/fr\\\/#website\"},\"datePublished\":\"2019-08-04T19:53:58+00:00\",\"dateModified\":\"2024-11-21T09:29:16+00:00\",\"description\":\"Following a number of noteworthy sustainability practices, Santiburi Koh Samui ensures that innovative approaches are made in preserving the environment.\",\"breadcrumb\":{\"@id\":\"https:\\\/\\\/santiburisamui.com\\\/fr\\\/sustainability\\\/#breadcrumb\"},\"inLanguage\":\"fr-FR\",\"potentialAction\":[{\"@type\":\"ReadAction\",\"target\":[\"https:\\\/\\\/santiburisamui.com\\\/fr\\\/sustainability\\\/\"]}]},{\"@type\":\"BreadcrumbList\",\"@id\":\"https:\\\/\\\/santiburisamui.com\\\/fr\\\/sustainability\\\/#breadcrumb\",\"itemListElement\":[{\"@type\":\"ListItem\",\"position\":1,\"name\":\"Home\",\"item\":\"https:\\\/\\\/santiburisamui.com\\\/fr\\\/\"},{\"@type\":\"ListItem\",\"position\":2,\"name\":\"NOTRE ENGAGEMENT DURABLE\"}]},{\"@type\":\"WebSite\",\"@id\":\"https:\\\/\\\/santiburisamui.com\\\/fr\\\/#website\",\"url\":\"https:\\\/\\\/santiburisamui.com\\\/fr\\\/\",\"name\":\"Santiburi Koh Samui\",\"description\":\"\",\"potentialAction\":[{\"@type\":\"SearchAction\",\"target\":{\"@type\":\"EntryPoint\",\"urlTemplate\":\"https:\\\/\\\/santiburisamui.com\\\/fr\\\/?s={search_term_string}\"},\"query-input\":{\"@type\":\"PropertyValueSpecification\",\"valueRequired\":true,\"valueName\":\"search_term_string\"}}],\"inLanguage\":\"fr-FR\"}]}<\/script>\n<!-- \/ Yoast SEO plugin. -->","yoast_head_json":{"title":"Sustainability | Santiburi Koh Samui","description":"Following a number of noteworthy sustainability practices, Santiburi Koh Samui ensures that innovative approaches are made in preserving the environment.","robots":{"index":"index","follow":"follow","max-snippet":"max-snippet:-1","max-image-preview":"max-image-preview:large","max-video-preview":"max-video-preview:-1"},"canonical":"https:\/\/santiburisamui.com\/fr\/sustainability\/","og_locale":"fr_FR","og_type":"article","og_title":"Sustainability | Santiburi Koh Samui","og_description":"Following a number of noteworthy sustainability practices, Santiburi Koh Samui ensures that innovative approaches are made in preserving the environment.","og_url":"https:\/\/santiburisamui.com\/fr\/sustainability\/","og_site_name":"Santiburi Koh Samui","article_modified_time":"2024-11-21T09:29:16+00:00","og_image":[{"width":1200,"height":630,"url":"https:\/\/santiburisamui.com\/wp-content\/uploads\/2019\/10\/santiburi-koh-samui.jpg","type":"image\/jpeg"}],"twitter_card":"summary_large_image","twitter_misc":{"Dur\u00e9e de lecture estim\u00e9e":"1 minute"},"schema":{"@context":"https:\/\/schema.org","@graph":[{"@type":"WebPage","@id":"https:\/\/santiburisamui.com\/fr\/sustainability\/","url":"https:\/\/santiburisamui.com\/fr\/sustainability\/","name":"Sustainability | Santiburi Koh Samui","isPartOf":{"@id":"https:\/\/santiburisamui.com\/fr\/#website"},"datePublished":"2019-08-04T19:53:58+00:00","dateModified":"2024-11-21T09:29:16+00:00","description":"Following a number of noteworthy sustainability practices, Santiburi Koh Samui ensures that innovative approaches are made in preserving the environment.","breadcrumb":{"@id":"https:\/\/santiburisamui.com\/fr\/sustainability\/#breadcrumb"},"inLanguage":"fr-FR","potentialAction":[{"@type":"ReadAction","target":["https:\/\/santiburisamui.com\/fr\/sustainability\/"]}]},{"@type":"BreadcrumbList","@id":"https:\/\/santiburisamui.com\/fr\/sustainability\/#breadcrumb","itemListElement":[{"@type":"ListItem","position":1,"name":"Home","item":"https:\/\/santiburisamui.com\/fr\/"},{"@type":"ListItem","position":2,"name":"NOTRE ENGAGEMENT DURABLE"}]},{"@type":"WebSite","@id":"https:\/\/santiburisamui.com\/fr\/#website","url":"https:\/\/santiburisamui.com\/fr\/","name":"Santiburi Koh Samui","description":"","potentialAction":[{"@type":"SearchAction","target":{"@type":"EntryPoint","urlTemplate":"https:\/\/santiburisamui.com\/fr\/?s={search_term_string}"},"query-input":{"@type":"PropertyValueSpecification","valueRequired":true,"valueName":"search_term_string"}}],"inLanguage":"fr-FR"}]}},"publishpress_future_action":{"enabled":false,"date":"2026-04-20 22:27:59","action":"change-status","newStatus":"draft","terms":[],"taxonomy":"translation_priority","extraData":[]},"publishpress_future_workflow_manual_trigger":{"enabledWorkflows":[]},"_links":{"self":[{"href":"https:\/\/santiburisamui.com\/fr\/wp-json\/wp\/v2\/pages\/3959","targetHints":{"allow":["GET"]}}],"collection":[{"href":"https:\/\/santiburisamui.com\/fr\/wp-json\/wp\/v2\/pages"}],"about":[{"href":"https:\/\/santiburisamui.com\/fr\/wp-json\/wp\/v2\/types\/page"}],"author":[{"embeddable":true,"href":"https:\/\/santiburisamui.com\/fr\/wp-json\/wp\/v2\/users\/16"}],"replies":[{"embeddable":true,"href":"https:\/\/santiburisamui.com\/fr\/wp-json\/wp\/v2\/comments?post=3959"}],"version-history":[{"count":4,"href":"https:\/\/santiburisamui.com\/fr\/wp-json\/wp\/v2\/pages\/3959\/revisions"}],"predecessor-version":[{"id":7788,"href":"https:\/\/santiburisamui.com\/fr\/wp-json\/wp\/v2\/pages\/3959\/revisions\/7788"}],"wp:attachment":[{"href":"https:\/\/santiburisamui.com\/fr\/wp-json\/wp\/v2\/media?parent=3959"}],"curies":[{"name":"wp","href":"https:\/\/api.w.org\/{rel}","templated":true}]}}