{"id":3966,"date":"2019-08-05T02:53:34","date_gmt":"2019-08-04T19:53:34","guid":{"rendered":"https:\/\/santiburisamui.com\/weddings\/"},"modified":"2025-03-18T14:42:26","modified_gmt":"2025-03-18T07:42:26","slug":"weddings","status":"publish","type":"page","link":"https:\/\/santiburisamui.com\/fr\/weddings\/","title":{"rendered":"Mariage"},"content":{"rendered":"<p>Vous r\u00eavez d\u2019un mariage au paradis\u00a0? Au Santiburi Koh Samui, nous veillons \u00e0 ce que vos r\u00eaves deviennent r\u00e9alit\u00e9. Nous offrons une exp\u00e9rience de mariage qui ne ressemble \u00e0 aucune autre. Un service personnalis\u00e9 et un h\u00e9bergement luxueux, un cadre magnifique, une nourriture d\u00e9licieuse et des activit\u00e9s passionnantes au c\u0153ur du paradis magique de Koh Samui. Nos organisateurs de mariages, intuitifs et experts, vous feront vivre une exp\u00e9rience dont vous et vos invit\u00e9s vous souviendrez toute votre vie comme d\u2019un moment magique et unique.<\/p>\n","protected":false},"excerpt":{"rendered":"<p>Vous r\u00eavez d\u2019un mariage au paradis\u00a0? Au Santiburi Koh Samui, nous veillons \u00e0 ce que vos r\u00eaves deviennent r\u00e9alit\u00e9. Nous offrons une exp\u00e9rience de mariage qui ne ressemble \u00e0 aucune autre. Un service personnalis\u00e9 et un h\u00e9bergement luxueux, un cadre magnifique, une nourriture d\u00e9licieuse et des activit\u00e9s passionnantes au c\u0153ur du paradis magique de Koh [&hellip;]<\/p>\n","protected":false},"author":16,"featured_media":3257,"parent":0,"menu_order":0,"comment_status":"closed","ping_status":"closed","template":"template-wedding-page.php","meta":{"inline_featured_image":false,"footnotes":""},"class_list":["post-3966","page","type-page","status-publish","has-post-thumbnail","hentry"],"yoast_head":"<!-- This site is optimized with the Yoast SEO plugin v27.4 - https:\/\/yoast.com\/product\/yoast-seo-wordpress\/ -->\n<title>Beach Weddings Koh Samui | Santiburi Koh Samui<\/title>\n<meta name=\"description\" content=\"Do you fancy beach weddings? Koh Samui is a paradise island of mystical romance and exotic views, an ideal pick for a destination wedding.\" \/>\n<meta name=\"robots\" content=\"index, follow, max-snippet:-1, max-image-preview:large, max-video-preview:-1\" \/>\n<link rel=\"canonical\" href=\"https:\/\/santiburisamui.com\/fr\/weddings\/\" \/>\n<meta property=\"og:locale\" content=\"fr_FR\" \/>\n<meta property=\"og:type\" content=\"article\" \/>\n<meta property=\"og:title\" content=\"Beach Weddings Koh Samui | Santiburi Koh Samui\" \/>\n<meta property=\"og:description\" content=\"Do you fancy beach weddings? Koh Samui is a paradise island of mystical romance and exotic views, an ideal pick for a destination wedding.\" \/>\n<meta property=\"og:url\" content=\"https:\/\/santiburisamui.com\/fr\/weddings\/\" \/>\n<meta property=\"og:site_name\" content=\"Santiburi Koh Samui\" \/>\n<meta property=\"article:modified_time\" content=\"2025-03-18T07:42:26+00:00\" \/>\n<meta property=\"og:image\" content=\"https:\/\/santiburisamui.com\/wp-content\/uploads\/2019\/09\/santiburi-wedding-arch.jpg\" \/>\n\t<meta property=\"og:image:width\" content=\"2000\" \/>\n\t<meta property=\"og:image:height\" content=\"1333\" \/>\n\t<meta property=\"og:image:type\" content=\"image\/jpeg\" \/>\n<meta name=\"twitter:card\" content=\"summary_large_image\" \/>\n<meta name=\"twitter:label1\" content=\"Dur\u00e9e de lecture estim\u00e9e\" \/>\n\t<meta name=\"twitter:data1\" content=\"1 minute\" \/>\n<script type=\"application\/ld+json\" class=\"yoast-schema-graph\">{\"@context\":\"https:\\\/\\\/schema.org\",\"@graph\":[{\"@type\":\"WebPage\",\"@id\":\"https:\\\/\\\/santiburisamui.com\\\/fr\\\/weddings\\\/\",\"url\":\"https:\\\/\\\/santiburisamui.com\\\/fr\\\/weddings\\\/\",\"name\":\"Beach Weddings Koh Samui | Santiburi Koh Samui\",\"isPartOf\":{\"@id\":\"https:\\\/\\\/santiburisamui.com\\\/fr\\\/#website\"},\"primaryImageOfPage\":{\"@id\":\"https:\\\/\\\/santiburisamui.com\\\/fr\\\/weddings\\\/#primaryimage\"},\"image\":{\"@id\":\"https:\\\/\\\/santiburisamui.com\\\/fr\\\/weddings\\\/#primaryimage\"},\"thumbnailUrl\":\"https:\\\/\\\/santiburisamui.com\\\/wp-content\\\/uploads\\\/2019\\\/09\\\/santiburi-wedding-arch.jpg\",\"datePublished\":\"2019-08-04T19:53:34+00:00\",\"dateModified\":\"2025-03-18T07:42:26+00:00\",\"description\":\"Do you fancy beach weddings? Koh Samui is a paradise island of mystical romance and exotic views, an ideal pick for a destination wedding.\",\"breadcrumb\":{\"@id\":\"https:\\\/\\\/santiburisamui.com\\\/fr\\\/weddings\\\/#breadcrumb\"},\"inLanguage\":\"fr-FR\",\"potentialAction\":[{\"@type\":\"ReadAction\",\"target\":[\"https:\\\/\\\/santiburisamui.com\\\/fr\\\/weddings\\\/\"]}]},{\"@type\":\"ImageObject\",\"inLanguage\":\"fr-FR\",\"@id\":\"https:\\\/\\\/santiburisamui.com\\\/fr\\\/weddings\\\/#primaryimage\",\"url\":\"https:\\\/\\\/santiburisamui.com\\\/wp-content\\\/uploads\\\/2019\\\/09\\\/santiburi-wedding-arch.jpg\",\"contentUrl\":\"https:\\\/\\\/santiburisamui.com\\\/wp-content\\\/uploads\\\/2019\\\/09\\\/santiburi-wedding-arch.jpg\",\"width\":2000,\"height\":1333},{\"@type\":\"BreadcrumbList\",\"@id\":\"https:\\\/\\\/santiburisamui.com\\\/fr\\\/weddings\\\/#breadcrumb\",\"itemListElement\":[{\"@type\":\"ListItem\",\"position\":1,\"name\":\"Home\",\"item\":\"https:\\\/\\\/santiburisamui.com\\\/fr\\\/\"},{\"@type\":\"ListItem\",\"position\":2,\"name\":\"Mariage\"}]},{\"@type\":\"WebSite\",\"@id\":\"https:\\\/\\\/santiburisamui.com\\\/fr\\\/#website\",\"url\":\"https:\\\/\\\/santiburisamui.com\\\/fr\\\/\",\"name\":\"Santiburi Koh Samui\",\"description\":\"\",\"potentialAction\":[{\"@type\":\"SearchAction\",\"target\":{\"@type\":\"EntryPoint\",\"urlTemplate\":\"https:\\\/\\\/santiburisamui.com\\\/fr\\\/?s={search_term_string}\"},\"query-input\":{\"@type\":\"PropertyValueSpecification\",\"valueRequired\":true,\"valueName\":\"search_term_string\"}}],\"inLanguage\":\"fr-FR\"}]}<\/script>\n<!-- \/ Yoast SEO plugin. -->","yoast_head_json":{"title":"Beach Weddings Koh Samui | Santiburi Koh Samui","description":"Do you fancy beach weddings? Koh Samui is a paradise island of mystical romance and exotic views, an ideal pick for a destination wedding.","robots":{"index":"index","follow":"follow","max-snippet":"max-snippet:-1","max-image-preview":"max-image-preview:large","max-video-preview":"max-video-preview:-1"},"canonical":"https:\/\/santiburisamui.com\/fr\/weddings\/","og_locale":"fr_FR","og_type":"article","og_title":"Beach Weddings Koh Samui | Santiburi Koh Samui","og_description":"Do you fancy beach weddings? Koh Samui is a paradise island of mystical romance and exotic views, an ideal pick for a destination wedding.","og_url":"https:\/\/santiburisamui.com\/fr\/weddings\/","og_site_name":"Santiburi Koh Samui","article_modified_time":"2025-03-18T07:42:26+00:00","og_image":[{"width":2000,"height":1333,"url":"https:\/\/santiburisamui.com\/wp-content\/uploads\/2019\/09\/santiburi-wedding-arch.jpg","type":"image\/jpeg"}],"twitter_card":"summary_large_image","twitter_misc":{"Dur\u00e9e de lecture estim\u00e9e":"1 minute"},"schema":{"@context":"https:\/\/schema.org","@graph":[{"@type":"WebPage","@id":"https:\/\/santiburisamui.com\/fr\/weddings\/","url":"https:\/\/santiburisamui.com\/fr\/weddings\/","name":"Beach Weddings Koh Samui | Santiburi Koh Samui","isPartOf":{"@id":"https:\/\/santiburisamui.com\/fr\/#website"},"primaryImageOfPage":{"@id":"https:\/\/santiburisamui.com\/fr\/weddings\/#primaryimage"},"image":{"@id":"https:\/\/santiburisamui.com\/fr\/weddings\/#primaryimage"},"thumbnailUrl":"https:\/\/santiburisamui.com\/wp-content\/uploads\/2019\/09\/santiburi-wedding-arch.jpg","datePublished":"2019-08-04T19:53:34+00:00","dateModified":"2025-03-18T07:42:26+00:00","description":"Do you fancy beach weddings? Koh Samui is a paradise island of mystical romance and exotic views, an ideal pick for a destination wedding.","breadcrumb":{"@id":"https:\/\/santiburisamui.com\/fr\/weddings\/#breadcrumb"},"inLanguage":"fr-FR","potentialAction":[{"@type":"ReadAction","target":["https:\/\/santiburisamui.com\/fr\/weddings\/"]}]},{"@type":"ImageObject","inLanguage":"fr-FR","@id":"https:\/\/santiburisamui.com\/fr\/weddings\/#primaryimage","url":"https:\/\/santiburisamui.com\/wp-content\/uploads\/2019\/09\/santiburi-wedding-arch.jpg","contentUrl":"https:\/\/santiburisamui.com\/wp-content\/uploads\/2019\/09\/santiburi-wedding-arch.jpg","width":2000,"height":1333},{"@type":"BreadcrumbList","@id":"https:\/\/santiburisamui.com\/fr\/weddings\/#breadcrumb","itemListElement":[{"@type":"ListItem","position":1,"name":"Home","item":"https:\/\/santiburisamui.com\/fr\/"},{"@type":"ListItem","position":2,"name":"Mariage"}]},{"@type":"WebSite","@id":"https:\/\/santiburisamui.com\/fr\/#website","url":"https:\/\/santiburisamui.com\/fr\/","name":"Santiburi Koh Samui","description":"","potentialAction":[{"@type":"SearchAction","target":{"@type":"EntryPoint","urlTemplate":"https:\/\/santiburisamui.com\/fr\/?s={search_term_string}"},"query-input":{"@type":"PropertyValueSpecification","valueRequired":true,"valueName":"search_term_string"}}],"inLanguage":"fr-FR"}]}},"publishpress_future_action":{"enabled":false,"date":"2026-04-24 07:38:05","action":"change-status","newStatus":"draft","terms":[],"taxonomy":"translation_priority","extraData":[]},"publishpress_future_workflow_manual_trigger":{"enabledWorkflows":[]},"_links":{"self":[{"href":"https:\/\/santiburisamui.com\/fr\/wp-json\/wp\/v2\/pages\/3966","targetHints":{"allow":["GET"]}}],"collection":[{"href":"https:\/\/santiburisamui.com\/fr\/wp-json\/wp\/v2\/pages"}],"about":[{"href":"https:\/\/santiburisamui.com\/fr\/wp-json\/wp\/v2\/types\/page"}],"author":[{"embeddable":true,"href":"https:\/\/santiburisamui.com\/fr\/wp-json\/wp\/v2\/users\/16"}],"replies":[{"embeddable":true,"href":"https:\/\/santiburisamui.com\/fr\/wp-json\/wp\/v2\/comments?post=3966"}],"version-history":[{"count":3,"href":"https:\/\/santiburisamui.com\/fr\/wp-json\/wp\/v2\/pages\/3966\/revisions"}],"predecessor-version":[{"id":9300,"href":"https:\/\/santiburisamui.com\/fr\/wp-json\/wp\/v2\/pages\/3966\/revisions\/9300"}],"wp:featuredmedia":[{"embeddable":true,"href":"https:\/\/santiburisamui.com\/fr\/wp-json\/wp\/v2\/media\/3257"}],"wp:attachment":[{"href":"https:\/\/santiburisamui.com\/fr\/wp-json\/wp\/v2\/media?parent=3966"}],"curies":[{"name":"wp","href":"https:\/\/api.w.org\/{rel}","templated":true}]}}