{"id":3980,"date":"2019-07-25T06:49:09","date_gmt":"2019-07-24T23:49:09","guid":{"rendered":"https:\/\/santiburisamui.com\/dining\/"},"modified":"2025-10-29T14:21:34","modified_gmt":"2025-10-29T07:21:34","slug":"dining","status":"publish","type":"page","link":"https:\/\/santiburisamui.com\/fr\/dining\/","title":{"rendered":"RESTAURANTS"},"content":{"rendered":"<div class=\"limited_w text-centered\">Au Santiburi Koh Samui, nous sommes fiers de cr\u00e9er des exp\u00e9riences culinaires exceptionnelles tout au long de la journ\u00e9e et de la nuit, \u00e0 d\u00e9guster dans nos restaurants ou dans l\u2019intimit\u00e9 de votre suite ou villa.<\/div>\n<div class=\"addGap-small\">&nbsp;<\/div>\n<div class=\"flex-across x2\"><div class=\"stub-integrated\"><div><div class='image-container wBadge hoverEffect'><img src='https:\/\/santiburisamui.com\/wp-content\/uploads\/2018\/07\/vimanmek-720x480.jpg' alt=' Image' \/><div class=\"badge touchTop top hoverMove hoverMoveToTopFromCenter\"><h2 class='text-white h1 zmt'>VIMARNMEK<\/h2><\/div><div class='badge touchBottom hoverReveal hoverRevealFromTop bottom'><div class=\"buttongroup\"><a class=\"btn btn-small white-hollow text-caps\" href=\"https:\/\/santiburisamui.com\/fr\/dining\/vimarnmek\/\">D\u00c9TAILS<\/a> <\/div><\/div><\/div><\/div><\/div><div class=\"stub-integrated\"><div><div class='image-container wBadge hoverEffect'><img src='https:\/\/santiburisamui.com\/wp-content\/uploads\/2018\/07\/pool-house-720x480.jpg' alt=' Image' \/><div class=\"badge touchTop top hoverMove hoverMoveToTopFromCenter\"><h2 class='text-white h1 zmt'>The Pool House<\/h2><\/div><div class='badge touchBottom hoverReveal hoverRevealFromTop bottom'><div class=\"buttongroup\"><a class=\"btn btn-small white-hollow text-caps\" href=\"https:\/\/santiburisamui.com\/fr\/dining\/pool-house\/\">D\u00c9TAILS<\/a> <\/div><\/div><\/div><\/div><\/div><div class=\"stub-integrated\"><div><div class='image-container wBadge hoverEffect'><img src='https:\/\/santiburisamui.com\/wp-content\/uploads\/2018\/07\/sala-thai-indoor-720x480.jpg' alt=' Image' \/><div class=\"badge touchTop top hoverMove hoverMoveToTopFromCenter\"><h2 class='text-white h1 zmt'>Sala Thai<\/h2><\/div><div class='badge touchBottom hoverReveal hoverRevealFromTop bottom'><div class=\"buttongroup\"><a class=\"btn btn-small white-hollow text-caps\" href=\"https:\/\/santiburisamui.com\/fr\/dining\/sala-thai\/\">D\u00c9TAILS<\/a> <\/div><\/div><\/div><\/div><\/div><div class=\"stub-integrated\"><div><div class='image-container wBadge hoverEffect'><img src='https:\/\/santiburisamui.com\/wp-content\/uploads\/2018\/07\/the-lounge-main-720x480.jpg' alt=' Image' \/><div class=\"badge touchTop top hoverMove hoverMoveToTopFromCenter\"><h2 class='text-white h1 zmt'>LE LOUNGE<\/h2><\/div><div class='badge touchBottom hoverReveal hoverRevealFromTop bottom'><div class=\"buttongroup\"><a class=\"btn btn-small white-hollow text-caps\" href=\"https:\/\/santiburisamui.com\/fr\/dining\/the-lounge\/\">D\u00c9TAILS<\/a> <\/div><\/div><\/div><\/div><\/div><div class=\"stub-integrated\"><div><div class='image-container wBadge hoverEffect'><img src='https:\/\/santiburisamui.com\/wp-content\/uploads\/2018\/07\/beach-house-bar-720x480.jpg' alt=' Image' \/><div class=\"badge touchTop top hoverMove hoverMoveToTopFromCenter\"><h2 class='text-white h1 zmt'>The Beach House<\/h2><\/div><div class='badge touchBottom hoverReveal hoverRevealFromTop bottom'><div class=\"buttongroup\"><a class=\"btn btn-small white-hollow text-caps\" href=\"https:\/\/santiburisamui.com\/fr\/dining\/the-beach-house-restaurant\/\">D\u00c9TAILS<\/a> <\/div><\/div><\/div><\/div><\/div><\/div>\n","protected":false},"excerpt":{"rendered":"<p>Au Santiburi Koh Samui, nous sommes fiers de cr\u00e9er des exp\u00e9riences culinaires exceptionnelles tout au long de la journ\u00e9e et de la nuit, \u00e0 d\u00e9guster dans nos restaurants ou dans l\u2019intimit\u00e9 de votre suite ou villa. &nbsp;<\/p>\n","protected":false},"author":16,"featured_media":0,"parent":0,"menu_order":0,"comment_status":"closed","ping_status":"closed","template":"page-dining.php","meta":{"inline_featured_image":false,"footnotes":""},"class_list":["post-3980","page","type-page","status-publish","hentry"],"yoast_head":"<!-- This site is optimized with the Yoast SEO plugin v27.3 - https:\/\/yoast.com\/product\/yoast-seo-wordpress\/ -->\n<title>Restaurants Koh Samui | Dine &amp; Wine at Santiburi Koh Samui<\/title>\n<meta name=\"description\" content=\"Ready for a spectacular dining experience? Our on-site restaurants in Koh Samui will never cease to satisfy your tastebuds with heavenly cuisine.\" \/>\n<meta name=\"robots\" content=\"index, follow, max-snippet:-1, max-image-preview:large, max-video-preview:-1\" \/>\n<link rel=\"canonical\" href=\"https:\/\/santiburisamui.com\/fr\/dining\/\" \/>\n<meta property=\"og:locale\" content=\"fr_FR\" \/>\n<meta property=\"og:type\" content=\"article\" \/>\n<meta property=\"og:title\" content=\"Restaurants Koh Samui | Dine &amp; Wine at Santiburi Koh Samui\" \/>\n<meta property=\"og:description\" content=\"Ready for a spectacular dining experience? Our on-site restaurants in Koh Samui will never cease to satisfy your tastebuds with heavenly cuisine.\" \/>\n<meta property=\"og:url\" content=\"https:\/\/santiburisamui.com\/fr\/dining\/\" \/>\n<meta property=\"og:site_name\" content=\"Santiburi Koh Samui\" \/>\n<meta property=\"article:modified_time\" content=\"2025-10-29T07:21:34+00:00\" \/>\n<meta property=\"og:image\" content=\"https:\/\/santiburisamui.com\/wp-content\/uploads\/2019\/10\/santiburi-koh-samui.jpg\" \/>\n\t<meta property=\"og:image:width\" content=\"1200\" \/>\n\t<meta property=\"og:image:height\" content=\"630\" \/>\n\t<meta property=\"og:image:type\" content=\"image\/jpeg\" \/>\n<meta name=\"twitter:card\" content=\"summary_large_image\" \/>\n<meta name=\"twitter:label1\" content=\"Dur\u00e9e de lecture estim\u00e9e\" \/>\n\t<meta name=\"twitter:data1\" content=\"1 minute\" \/>\n<script type=\"application\/ld+json\" class=\"yoast-schema-graph\">{\"@context\":\"https:\\\/\\\/schema.org\",\"@graph\":[{\"@type\":\"WebPage\",\"@id\":\"https:\\\/\\\/santiburisamui.com\\\/fr\\\/dining\\\/\",\"url\":\"https:\\\/\\\/santiburisamui.com\\\/fr\\\/dining\\\/\",\"name\":\"Restaurants Koh Samui | Dine & Wine at Santiburi Koh Samui\",\"isPartOf\":{\"@id\":\"https:\\\/\\\/santiburisamui.com\\\/fr\\\/#website\"},\"datePublished\":\"2019-07-24T23:49:09+00:00\",\"dateModified\":\"2025-10-29T07:21:34+00:00\",\"description\":\"Ready for a spectacular dining experience? Our on-site restaurants in Koh Samui will never cease to satisfy your tastebuds with heavenly cuisine.\",\"breadcrumb\":{\"@id\":\"https:\\\/\\\/santiburisamui.com\\\/fr\\\/dining\\\/#breadcrumb\"},\"inLanguage\":\"fr-FR\",\"potentialAction\":[{\"@type\":\"ReadAction\",\"target\":[\"https:\\\/\\\/santiburisamui.com\\\/fr\\\/dining\\\/\"]}]},{\"@type\":\"BreadcrumbList\",\"@id\":\"https:\\\/\\\/santiburisamui.com\\\/fr\\\/dining\\\/#breadcrumb\",\"itemListElement\":[{\"@type\":\"ListItem\",\"position\":1,\"name\":\"Home\",\"item\":\"https:\\\/\\\/santiburisamui.com\\\/fr\\\/\"},{\"@type\":\"ListItem\",\"position\":2,\"name\":\"RESTAURANTS\"}]},{\"@type\":\"WebSite\",\"@id\":\"https:\\\/\\\/santiburisamui.com\\\/fr\\\/#website\",\"url\":\"https:\\\/\\\/santiburisamui.com\\\/fr\\\/\",\"name\":\"Santiburi Koh Samui\",\"description\":\"\",\"potentialAction\":[{\"@type\":\"SearchAction\",\"target\":{\"@type\":\"EntryPoint\",\"urlTemplate\":\"https:\\\/\\\/santiburisamui.com\\\/fr\\\/?s={search_term_string}\"},\"query-input\":{\"@type\":\"PropertyValueSpecification\",\"valueRequired\":true,\"valueName\":\"search_term_string\"}}],\"inLanguage\":\"fr-FR\"}]}<\/script>\n<!-- \/ Yoast SEO plugin. -->","yoast_head_json":{"title":"Restaurants Koh Samui | Dine & Wine at Santiburi Koh Samui","description":"Ready for a spectacular dining experience? Our on-site restaurants in Koh Samui will never cease to satisfy your tastebuds with heavenly cuisine.","robots":{"index":"index","follow":"follow","max-snippet":"max-snippet:-1","max-image-preview":"max-image-preview:large","max-video-preview":"max-video-preview:-1"},"canonical":"https:\/\/santiburisamui.com\/fr\/dining\/","og_locale":"fr_FR","og_type":"article","og_title":"Restaurants Koh Samui | Dine & Wine at Santiburi Koh Samui","og_description":"Ready for a spectacular dining experience? Our on-site restaurants in Koh Samui will never cease to satisfy your tastebuds with heavenly cuisine.","og_url":"https:\/\/santiburisamui.com\/fr\/dining\/","og_site_name":"Santiburi Koh Samui","article_modified_time":"2025-10-29T07:21:34+00:00","og_image":[{"width":1200,"height":630,"url":"https:\/\/santiburisamui.com\/wp-content\/uploads\/2019\/10\/santiburi-koh-samui.jpg","type":"image\/jpeg"}],"twitter_card":"summary_large_image","twitter_misc":{"Dur\u00e9e de lecture estim\u00e9e":"1 minute"},"schema":{"@context":"https:\/\/schema.org","@graph":[{"@type":"WebPage","@id":"https:\/\/santiburisamui.com\/fr\/dining\/","url":"https:\/\/santiburisamui.com\/fr\/dining\/","name":"Restaurants Koh Samui | Dine & Wine at Santiburi Koh Samui","isPartOf":{"@id":"https:\/\/santiburisamui.com\/fr\/#website"},"datePublished":"2019-07-24T23:49:09+00:00","dateModified":"2025-10-29T07:21:34+00:00","description":"Ready for a spectacular dining experience? Our on-site restaurants in Koh Samui will never cease to satisfy your tastebuds with heavenly cuisine.","breadcrumb":{"@id":"https:\/\/santiburisamui.com\/fr\/dining\/#breadcrumb"},"inLanguage":"fr-FR","potentialAction":[{"@type":"ReadAction","target":["https:\/\/santiburisamui.com\/fr\/dining\/"]}]},{"@type":"BreadcrumbList","@id":"https:\/\/santiburisamui.com\/fr\/dining\/#breadcrumb","itemListElement":[{"@type":"ListItem","position":1,"name":"Home","item":"https:\/\/santiburisamui.com\/fr\/"},{"@type":"ListItem","position":2,"name":"RESTAURANTS"}]},{"@type":"WebSite","@id":"https:\/\/santiburisamui.com\/fr\/#website","url":"https:\/\/santiburisamui.com\/fr\/","name":"Santiburi Koh Samui","description":"","potentialAction":[{"@type":"SearchAction","target":{"@type":"EntryPoint","urlTemplate":"https:\/\/santiburisamui.com\/fr\/?s={search_term_string}"},"query-input":{"@type":"PropertyValueSpecification","valueRequired":true,"valueName":"search_term_string"}}],"inLanguage":"fr-FR"}]}},"publishpress_future_action":{"enabled":false,"date":"2026-04-20 22:38:58","action":"change-status","newStatus":"draft","terms":[],"taxonomy":"translation_priority","extraData":[]},"publishpress_future_workflow_manual_trigger":{"enabledWorkflows":[]},"_links":{"self":[{"href":"https:\/\/santiburisamui.com\/fr\/wp-json\/wp\/v2\/pages\/3980","targetHints":{"allow":["GET"]}}],"collection":[{"href":"https:\/\/santiburisamui.com\/fr\/wp-json\/wp\/v2\/pages"}],"about":[{"href":"https:\/\/santiburisamui.com\/fr\/wp-json\/wp\/v2\/types\/page"}],"author":[{"embeddable":true,"href":"https:\/\/santiburisamui.com\/fr\/wp-json\/wp\/v2\/users\/16"}],"replies":[{"embeddable":true,"href":"https:\/\/santiburisamui.com\/fr\/wp-json\/wp\/v2\/comments?post=3980"}],"version-history":[{"count":9,"href":"https:\/\/santiburisamui.com\/fr\/wp-json\/wp\/v2\/pages\/3980\/revisions"}],"predecessor-version":[{"id":10462,"href":"https:\/\/santiburisamui.com\/fr\/wp-json\/wp\/v2\/pages\/3980\/revisions\/10462"}],"wp:attachment":[{"href":"https:\/\/santiburisamui.com\/fr\/wp-json\/wp\/v2\/media?parent=3980"}],"curies":[{"name":"wp","href":"https:\/\/api.w.org\/{rel}","templated":true}]}}